{"id":5050,"date":"2025-03-27T08:51:48","date_gmt":"2025-03-27T08:51:48","guid":{"rendered":"https:\/\/ecosentec.com\/?post_type=product&#038;p=5050"},"modified":"2025-06-18T10:14:02","modified_gmt":"2025-06-18T10:14:02","slug":"sensor-optico-de-lluvia","status":"publish","type":"product","link":"https:\/\/ecosentec.com\/es\/producto\/sensor-optico-de-lluvia\/","title":{"rendered":"Sensor \u00f3ptico de lluvia ES-R226O"},"content":{"rendered":"<p class=\"p1\">El ES-R226O es un sensor \u00f3ptico de lluvia y luz. Este producto mide la lluvia. Utiliza el principio de detecci\u00f3n \u00f3ptica para medir la lluvia. Incorpora m\u00faltiples sondas \u00f3pticas. La detecci\u00f3n de lluvia es fiable. A diferencia de los sensores de lluvia mec\u00e1nicos tradicionales, el sensor \u00f3ptico de lluvia tiene un volumen m\u00e1s peque\u00f1o. Es m\u00e1s sensible, fiable, inteligente y f\u00e1cil de mantener.<\/p>\n<p class=\"p1\">Se puede utilizar ampliamente en industrias y campos como riego inteligente, navegaci\u00f3n de barcos, estaciones meteorol\u00f3gicas m\u00f3viles, puertas y ventanas autom\u00e1ticas y desastres geol\u00f3gicos.<\/p>","protected":false},"excerpt":{"rendered":"<p>El ES-R226O es un sensor \u00f3ptico de lluvia y luz. Este producto mide la lluvia. Utiliza el principio de detecci\u00f3n \u00f3ptica para medir la lluvia. Incorpora m\u00faltiples sondas \u00f3pticas. La detecci\u00f3n de lluvia es fiable. A diferencia de los sensores de lluvia mec\u00e1nicos tradicionales, el sensor \u00f3ptico de lluvia tiene un volumen m\u00e1s peque\u00f1o. Es m\u00e1s sensible, fiable, inteligente y f\u00e1cil de mantener.<\/p>","protected":false},"featured_media":5126,"template":"","meta":{"om_disable_all_campaigns":false,"_monsterinsights_skip_tracking":false,"_monsterinsights_sitenote_active":false,"_monsterinsights_sitenote_note":"","_monsterinsights_sitenote_category":0,"site-sidebar-layout":"default","site-content-layout":"default","ast-site-content-layout":"default","site-content-style":"default","site-sidebar-style":"default","ast-global-header-display":"","ast-banner-title-visibility":"","ast-main-header-display":"","ast-hfb-above-header-display":"","ast-hfb-below-header-display":"","ast-hfb-mobile-header-display":"","site-post-title":"","ast-breadcrumbs-content":"","ast-featured-img":"","footer-sml-layout":"","ast-disable-related-posts":"","theme-transparent-header-meta":"default","adv-header-id-meta":"","stick-header-meta":"","header-above-stick-meta":"","header-main-stick-meta":"","header-below-stick-meta":"","astra-migrate-meta-layouts":"set","ast-page-background-enabled":"default","ast-page-background-meta":{"desktop":{"background-color":"","background-image":"","background-repeat":"repeat","background-position":"center center","background-size":"auto","background-attachment":"scroll","background-type":"","background-media":"","overlay-type":"","overlay-color":"","overlay-opacity":"","overlay-gradient":""},"tablet":{"background-color":"","background-image":"","background-repeat":"repeat","background-position":"center center","background-size":"auto","background-attachment":"scroll","background-type":"","background-media":"","overlay-type":"","overlay-color":"","overlay-opacity":"","overlay-gradient":""},"mobile":{"background-color":"","background-image":"","background-repeat":"repeat","background-position":"center center","background-size":"auto","background-attachment":"scroll","background-type":"","background-media":"","overlay-type":"","overlay-color":"","overlay-opacity":"","overlay-gradient":""}},"ast-content-background-meta":{"desktop":{"background-color":"var(--ast-global-color-5)","background-image":"","background-repeat":"repeat","background-position":"center center","background-size":"auto","background-attachment":"scroll","background-type":"","background-media":"","overlay-type":"","overlay-color":"","overlay-opacity":"","overlay-gradient":""},"tablet":{"background-color":"var(--ast-global-color-5)","background-image":"","background-repeat":"repeat","background-position":"center center","background-size":"auto","background-attachment":"scroll","background-type":"","background-media":"","overlay-type":"","overlay-color":"","overlay-opacity":"","overlay-gradient":""},"mobile":{"background-color":"var(--ast-global-color-5)","background-image":"","background-repeat":"repeat","background-position":"center center","background-size":"auto","background-attachment":"scroll","background-type":"","background-media":"","overlay-type":"","overlay-color":"","overlay-opacity":"","overlay-gradient":""}},"_joinchat":[]},"product_brand":[],"product_cat":[80,81],"product_tag":[294],"class_list":{"0":"post-5050","1":"product","2":"type-product","3":"status-publish","4":"has-post-thumbnail","6":"product_cat-precipitation-snow-visibility-sensor","7":"product_cat-rain-gauge","8":"product_tag-rain-gauge","9":"desktop-align-left","10":"tablet-align-left","11":"mobile-align-left","13":"first","14":"instock","15":"shipping-taxable","16":"purchasable","17":"product-type-simple"},"jetpack_sharing_enabled":true,"_links":{"self":[{"href":"https:\/\/ecosentec.com\/es\/wp-json\/wp\/v2\/product\/5050","targetHints":{"allow":["GET"]}}],"collection":[{"href":"https:\/\/ecosentec.com\/es\/wp-json\/wp\/v2\/product"}],"about":[{"href":"https:\/\/ecosentec.com\/es\/wp-json\/wp\/v2\/types\/product"}],"version-history":[{"count":4,"href":"https:\/\/ecosentec.com\/es\/wp-json\/wp\/v2\/product\/5050\/revisions"}],"predecessor-version":[{"id":5625,"href":"https:\/\/ecosentec.com\/es\/wp-json\/wp\/v2\/product\/5050\/revisions\/5625"}],"wp:featuredmedia":[{"embeddable":true,"href":"https:\/\/ecosentec.com\/es\/wp-json\/wp\/v2\/media\/5126"}],"wp:attachment":[{"href":"https:\/\/ecosentec.com\/es\/wp-json\/wp\/v2\/media?parent=5050"}],"wp:term":[{"taxonomy":"product_brand","embeddable":true,"href":"https:\/\/ecosentec.com\/es\/wp-json\/wp\/v2\/product_brand?post=5050"},{"taxonomy":"product_cat","embeddable":true,"href":"https:\/\/ecosentec.com\/es\/wp-json\/wp\/v2\/product_cat?post=5050"},{"taxonomy":"product_tag","embeddable":true,"href":"https:\/\/ecosentec.com\/es\/wp-json\/wp\/v2\/product_tag?post=5050"}],"curies":[{"name":"wp","href":"https:\/\/api.w.org\/{rel}","templated":true}]}}