{"id":5047,"date":"2025-03-27T08:51:47","date_gmt":"2025-03-27T08:51:47","guid":{"rendered":"https:\/\/ecosentec.com\/?post_type=product&#038;p=5047"},"modified":"2025-06-18T10:13:53","modified_gmt":"2025-06-18T10:13:53","slug":"sensor-de-lluvia-y-nieve","status":"publish","type":"product","link":"https:\/\/ecosentec.com\/es\/producto\/sensor-de-lluvia-y-nieve\/","title":{"rendered":"Sensor de lluvia y nieve ES-R226"},"content":{"rendered":"<p class=\"p1\">El sensor de lluvia y nieve ES-R226 es un dispositivo de medici\u00f3n cualitativo que mide la lluvia o la nieve en exteriores o en la naturaleza. Es ampliamente utilizado en entornos como invernaderos, ganader\u00eda, construcci\u00f3n y edificios, ya que la lluvia y la nieve no requieren medici\u00f3n cualitativa.<\/p>\n<p class=\"p3\">Los sensores de lluvia y nieve se utilizan ampliamente en la monitorizaci\u00f3n meteorol\u00f3gica, la gesti\u00f3n del tr\u00e1fico, la producci\u00f3n agr\u00edcola, el control de la automatizaci\u00f3n de edificios, etc.<\/p>","protected":false},"excerpt":{"rendered":"<p>El sensor de lluvia y nieve ES-R226 es un dispositivo de medici\u00f3n cualitativo que mide la lluvia o la nieve en exteriores o en la naturaleza. Es ampliamente utilizado en entornos como invernaderos, ganader\u00eda, construcci\u00f3n y edificios, ya que la lluvia y la nieve no requieren medici\u00f3n cualitativa.<\/p>","protected":false},"featured_media":5120,"template":"","meta":{"om_disable_all_campaigns":false,"_monsterinsights_skip_tracking":false,"_monsterinsights_sitenote_active":false,"_monsterinsights_sitenote_note":"","_monsterinsights_sitenote_category":0,"site-sidebar-layout":"default","site-content-layout":"default","ast-site-content-layout":"default","site-content-style":"default","site-sidebar-style":"default","ast-global-header-display":"","ast-banner-title-visibility":"","ast-main-header-display":"","ast-hfb-above-header-display":"","ast-hfb-below-header-display":"","ast-hfb-mobile-header-display":"","site-post-title":"","ast-breadcrumbs-content":"","ast-featured-img":"","footer-sml-layout":"","ast-disable-related-posts":"","theme-transparent-header-meta":"default","adv-header-id-meta":"","stick-header-meta":"","header-above-stick-meta":"","header-main-stick-meta":"","header-below-stick-meta":"","astra-migrate-meta-layouts":"set","ast-page-background-enabled":"default","ast-page-background-meta":{"desktop":{"background-color":"","background-image":"","background-repeat":"repeat","background-position":"center center","background-size":"auto","background-attachment":"scroll","background-type":"","background-media":"","overlay-type":"","overlay-color":"","overlay-opacity":"","overlay-gradient":""},"tablet":{"background-color":"","background-image":"","background-repeat":"repeat","background-position":"center center","background-size":"auto","background-attachment":"scroll","background-type":"","background-media":"","overlay-type":"","overlay-color":"","overlay-opacity":"","overlay-gradient":""},"mobile":{"background-color":"","background-image":"","background-repeat":"repeat","background-position":"center center","background-size":"auto","background-attachment":"scroll","background-type":"","background-media":"","overlay-type":"","overlay-color":"","overlay-opacity":"","overlay-gradient":""}},"ast-content-background-meta":{"desktop":{"background-color":"var(--ast-global-color-5)","background-image":"","background-repeat":"repeat","background-position":"center center","background-size":"auto","background-attachment":"scroll","background-type":"","background-media":"","overlay-type":"","overlay-color":"","overlay-opacity":"","overlay-gradient":""},"tablet":{"background-color":"var(--ast-global-color-5)","background-image":"","background-repeat":"repeat","background-position":"center center","background-size":"auto","background-attachment":"scroll","background-type":"","background-media":"","overlay-type":"","overlay-color":"","overlay-opacity":"","overlay-gradient":""},"mobile":{"background-color":"var(--ast-global-color-5)","background-image":"","background-repeat":"repeat","background-position":"center center","background-size":"auto","background-attachment":"scroll","background-type":"","background-media":"","overlay-type":"","overlay-color":"","overlay-opacity":"","overlay-gradient":""}},"_joinchat":[]},"product_brand":[],"product_cat":[80,81],"product_tag":[294],"class_list":{"0":"post-5047","1":"product","2":"type-product","3":"status-publish","4":"has-post-thumbnail","6":"product_cat-precipitation-snow-visibility-sensor","7":"product_cat-rain-gauge","8":"product_tag-rain-gauge","9":"desktop-align-left","10":"tablet-align-left","11":"mobile-align-left","13":"first","14":"instock","15":"shipping-taxable","16":"purchasable","17":"product-type-simple"},"jetpack_sharing_enabled":true,"_links":{"self":[{"href":"https:\/\/ecosentec.com\/es\/wp-json\/wp\/v2\/product\/5047","targetHints":{"allow":["GET"]}}],"collection":[{"href":"https:\/\/ecosentec.com\/es\/wp-json\/wp\/v2\/product"}],"about":[{"href":"https:\/\/ecosentec.com\/es\/wp-json\/wp\/v2\/types\/product"}],"version-history":[{"count":5,"href":"https:\/\/ecosentec.com\/es\/wp-json\/wp\/v2\/product\/5047\/revisions"}],"predecessor-version":[{"id":5642,"href":"https:\/\/ecosentec.com\/es\/wp-json\/wp\/v2\/product\/5047\/revisions\/5642"}],"wp:featuredmedia":[{"embeddable":true,"href":"https:\/\/ecosentec.com\/es\/wp-json\/wp\/v2\/media\/5120"}],"wp:attachment":[{"href":"https:\/\/ecosentec.com\/es\/wp-json\/wp\/v2\/media?parent=5047"}],"wp:term":[{"taxonomy":"product_brand","embeddable":true,"href":"https:\/\/ecosentec.com\/es\/wp-json\/wp\/v2\/product_brand?post=5047"},{"taxonomy":"product_cat","embeddable":true,"href":"https:\/\/ecosentec.com\/es\/wp-json\/wp\/v2\/product_cat?post=5047"},{"taxonomy":"product_tag","embeddable":true,"href":"https:\/\/ecosentec.com\/es\/wp-json\/wp\/v2\/product_tag?post=5047"}],"curies":[{"name":"wp","href":"https:\/\/api.w.org\/{rel}","templated":true}]}}