{"id":5046,"date":"2025-03-27T08:51:47","date_gmt":"2025-03-27T08:51:47","guid":{"rendered":"https:\/\/ecosentec.com\/?post_type=product&#038;p=5046"},"modified":"2025-03-31T09:54:47","modified_gmt":"2025-03-31T09:54:47","slug":"transmisor-de-visibilidad-de-uav","status":"publish","type":"product","link":"https:\/\/ecosentec.com\/es\/producto\/transmisor-de-visibilidad-de-uav\/","title":{"rendered":"Transmisor de visibilidad para UAV ES-V226W2"},"content":{"rendered":"<p class=\"p1\">El transmisor de visibilidad ES-V226W2 est\u00e1 dise\u00f1ado para monitorear y recopilar datos meteorol\u00f3gicos en el aire cuando aeronaves no tripuladas o peque\u00f1as aeronaves de inspecci\u00f3n no tripuladas est\u00e1n en vuelo;<\/p>\n<p class=\"p1\">El transmisor de visibilidad ES-V226W2 presenta un dise\u00f1o compacto y utiliza el principio de dispersi\u00f3n frontal para medir la visibilidad atmosf\u00e9rica. Puede funcionar normalmente a una altitud de 4000 metros y en un entorno de -20 \u00b0C.<\/p>\n<p class=\"p1\">El medidor de visibilidad ES-V226W2 tiene una apariencia plana y se iza en la panza de la aeronave, ofreciendo baja resistencia al viento. Los usuarios pueden elegir entre ABS y aleaci\u00f3n de aluminio para su carcasa, seg\u00fan sus necesidades, as\u00ed como sensores de temperatura, humedad y presi\u00f3n atmosf\u00e9rica.<\/p>\n<p class=\"p1\">El medidor de visibilidad ES-V226W2 3 consume solo 0,9 vatios de energ\u00eda, lo que lo hace muy adecuado para peque\u00f1as plataformas UAV y sistemas de control de vuelo, as\u00ed como para el uso de aeronaves para inspecciones ambientales a baja altitud.<\/p>","protected":false},"excerpt":{"rendered":"<p>El transmisor de visibilidad ES-V226W2 est\u00e1 dise\u00f1ado para monitorear y recopilar datos meteorol\u00f3gicos en el aire cuando aeronaves no tripuladas o peque\u00f1as aeronaves de inspecci\u00f3n no tripuladas est\u00e1n en vuelo;<\/p>","protected":false},"featured_media":5608,"template":"","meta":{"om_disable_all_campaigns":false,"_monsterinsights_skip_tracking":false,"_monsterinsights_sitenote_active":false,"_monsterinsights_sitenote_note":"","_monsterinsights_sitenote_category":0,"site-sidebar-layout":"default","site-content-layout":"default","ast-site-content-layout":"default","site-content-style":"default","site-sidebar-style":"default","ast-global-header-display":"","ast-banner-title-visibility":"","ast-main-header-display":"","ast-hfb-above-header-display":"","ast-hfb-below-header-display":"","ast-hfb-mobile-header-display":"","site-post-title":"","ast-breadcrumbs-content":"","ast-featured-img":"","footer-sml-layout":"","ast-disable-related-posts":"","theme-transparent-header-meta":"default","adv-header-id-meta":"","stick-header-meta":"","header-above-stick-meta":"","header-main-stick-meta":"","header-below-stick-meta":"","astra-migrate-meta-layouts":"set","ast-page-background-enabled":"default","ast-page-background-meta":{"desktop":{"background-color":"","background-image":"","background-repeat":"repeat","background-position":"center center","background-size":"auto","background-attachment":"scroll","background-type":"","background-media":"","overlay-type":"","overlay-color":"","overlay-opacity":"","overlay-gradient":""},"tablet":{"background-color":"","background-image":"","background-repeat":"repeat","background-position":"center center","background-size":"auto","background-attachment":"scroll","background-type":"","background-media":"","overlay-type":"","overlay-color":"","overlay-opacity":"","overlay-gradient":""},"mobile":{"background-color":"","background-image":"","background-repeat":"repeat","background-position":"center center","background-size":"auto","background-attachment":"scroll","background-type":"","background-media":"","overlay-type":"","overlay-color":"","overlay-opacity":"","overlay-gradient":""}},"ast-content-background-meta":{"desktop":{"background-color":"var(--ast-global-color-5)","background-image":"","background-repeat":"repeat","background-position":"center center","background-size":"auto","background-attachment":"scroll","background-type":"","background-media":"","overlay-type":"","overlay-color":"","overlay-opacity":"","overlay-gradient":""},"tablet":{"background-color":"var(--ast-global-color-5)","background-image":"","background-repeat":"repeat","background-position":"center center","background-size":"auto","background-attachment":"scroll","background-type":"","background-media":"","overlay-type":"","overlay-color":"","overlay-opacity":"","overlay-gradient":""},"mobile":{"background-color":"var(--ast-global-color-5)","background-image":"","background-repeat":"repeat","background-position":"center center","background-size":"auto","background-attachment":"scroll","background-type":"","background-media":"","overlay-type":"","overlay-color":"","overlay-opacity":"","overlay-gradient":""}},"_joinchat":[]},"product_brand":[],"product_cat":[80,83],"product_tag":[],"class_list":{"0":"post-5046","1":"product","2":"type-product","3":"status-publish","4":"has-post-thumbnail","6":"product_cat-precipitation-snow-visibility-sensor","7":"product_cat-visibility-sensor","8":"desktop-align-left","9":"tablet-align-left","10":"mobile-align-left","12":"first","13":"instock","14":"shipping-taxable","15":"purchasable","16":"product-type-simple"},"jetpack_sharing_enabled":true,"_links":{"self":[{"href":"https:\/\/ecosentec.com\/es\/wp-json\/wp\/v2\/product\/5046","targetHints":{"allow":["GET"]}}],"collection":[{"href":"https:\/\/ecosentec.com\/es\/wp-json\/wp\/v2\/product"}],"about":[{"href":"https:\/\/ecosentec.com\/es\/wp-json\/wp\/v2\/types\/product"}],"version-history":[{"count":2,"href":"https:\/\/ecosentec.com\/es\/wp-json\/wp\/v2\/product\/5046\/revisions"}],"predecessor-version":[{"id":5609,"href":"https:\/\/ecosentec.com\/es\/wp-json\/wp\/v2\/product\/5046\/revisions\/5609"}],"wp:featuredmedia":[{"embeddable":true,"href":"https:\/\/ecosentec.com\/es\/wp-json\/wp\/v2\/media\/5608"}],"wp:attachment":[{"href":"https:\/\/ecosentec.com\/es\/wp-json\/wp\/v2\/media?parent=5046"}],"wp:term":[{"taxonomy":"product_brand","embeddable":true,"href":"https:\/\/ecosentec.com\/es\/wp-json\/wp\/v2\/product_brand?post=5046"},{"taxonomy":"product_cat","embeddable":true,"href":"https:\/\/ecosentec.com\/es\/wp-json\/wp\/v2\/product_cat?post=5046"},{"taxonomy":"product_tag","embeddable":true,"href":"https:\/\/ecosentec.com\/es\/wp-json\/wp\/v2\/product_tag?post=5046"}],"curies":[{"name":"wp","href":"https:\/\/api.w.org\/{rel}","templated":true}]}}