{"id":5043,"date":"2025-03-27T08:51:47","date_gmt":"2025-03-27T08:51:47","guid":{"rendered":"https:\/\/ecosentec.com\/?post_type=product&#038;p=5043"},"modified":"2025-06-11T10:39:43","modified_gmt":"2025-06-11T10:39:43","slug":"sensor-de-suelo-multicapa","status":"publish","type":"product","link":"https:\/\/ecosentec.com\/es\/producto\/sensor-de-suelo-multicapa\/","title":{"rendered":"ES-S2255 Sensor de suelo multicapa"},"content":{"rendered":"<p class=\"p1\">El sensor de suelo multicapa ES-S2255 es un sensor desarrollado por nuestra empresa que mide par\u00e1metros de suelo multicapa. Permite observar din\u00e1micamente la conductividad, el contenido de humedad y la temperatura del suelo en diferentes capas. Este detector detecta la temperatura y la humedad de la conductividad del suelo en 3 capas (la m\u00e1s baja) y la temperatura y humedad en 5 capas (la m\u00e1s alta), y analiza de forma r\u00e1pida y completa la informaci\u00f3n de los par\u00e1metros del suelo. El producto utiliza el est\u00e1ndar de comunicaci\u00f3n Modbus-RTU485, con una distancia m\u00e1xima de comunicaci\u00f3n de 2000 metros y admite desarrollo secundario.<\/p>\n<p class=\"p1\">La carcasa del producto est\u00e1 hecha de acero inoxidable, completamente sellada con resina epoxi retardante de llama negra, resistente a la corrosi\u00f3n \u00e1cida y alcalina, y se puede enterrar en el suelo para una detecci\u00f3n din\u00e1mica a largo plazo.<\/p>","protected":false},"excerpt":{"rendered":"<p>El sensor de suelo multicapa ES-S2255 es un sensor desarrollado por nuestra empresa que mide par\u00e1metros de suelo multicapa. Permite observar din\u00e1micamente la conductividad, el contenido de humedad y la temperatura del suelo en diferentes capas. Este detector detecta la temperatura y la humedad de la conductividad del suelo en 3 capas (la m\u00e1s baja) y la temperatura y humedad en 5 capas (la m\u00e1s alta), lo que permite comprender de forma r\u00e1pida y completa la informaci\u00f3n de los par\u00e1metros del suelo.<\/p>","protected":false},"featured_media":6159,"template":"","meta":{"om_disable_all_campaigns":false,"_monsterinsights_skip_tracking":false,"_monsterinsights_sitenote_active":false,"_monsterinsights_sitenote_note":"","_monsterinsights_sitenote_category":0,"site-sidebar-layout":"default","site-content-layout":"default","ast-site-content-layout":"default","site-content-style":"default","site-sidebar-style":"default","ast-global-header-display":"","ast-banner-title-visibility":"","ast-main-header-display":"","ast-hfb-above-header-display":"","ast-hfb-below-header-display":"","ast-hfb-mobile-header-display":"","site-post-title":"","ast-breadcrumbs-content":"","ast-featured-img":"","footer-sml-layout":"","ast-disable-related-posts":"","theme-transparent-header-meta":"default","adv-header-id-meta":"","stick-header-meta":"","header-above-stick-meta":"","header-main-stick-meta":"","header-below-stick-meta":"","astra-migrate-meta-layouts":"set","ast-page-background-enabled":"default","ast-page-background-meta":{"desktop":{"background-color":"","background-image":"","background-repeat":"repeat","background-position":"center center","background-size":"auto","background-attachment":"scroll","background-type":"","background-media":"","overlay-type":"","overlay-color":"","overlay-opacity":"","overlay-gradient":""},"tablet":{"background-color":"","background-image":"","background-repeat":"repeat","background-position":"center center","background-size":"auto","background-attachment":"scroll","background-type":"","background-media":"","overlay-type":"","overlay-color":"","overlay-opacity":"","overlay-gradient":""},"mobile":{"background-color":"","background-image":"","background-repeat":"repeat","background-position":"center center","background-size":"auto","background-attachment":"scroll","background-type":"","background-media":"","overlay-type":"","overlay-color":"","overlay-opacity":"","overlay-gradient":""}},"ast-content-background-meta":{"desktop":{"background-color":"var(--ast-global-color-5)","background-image":"","background-repeat":"repeat","background-position":"center center","background-size":"auto","background-attachment":"scroll","background-type":"","background-media":"","overlay-type":"","overlay-color":"","overlay-opacity":"","overlay-gradient":""},"tablet":{"background-color":"var(--ast-global-color-5)","background-image":"","background-repeat":"repeat","background-position":"center center","background-size":"auto","background-attachment":"scroll","background-type":"","background-media":"","overlay-type":"","overlay-color":"","overlay-opacity":"","overlay-gradient":""},"mobile":{"background-color":"var(--ast-global-color-5)","background-image":"","background-repeat":"repeat","background-position":"center center","background-size":"auto","background-attachment":"scroll","background-type":"","background-media":"","overlay-type":"","overlay-color":"","overlay-opacity":"","overlay-gradient":""}},"_joinchat":[]},"product_brand":[],"product_cat":[94,95],"product_tag":[292],"class_list":{"0":"post-5043","1":"product","2":"type-product","3":"status-publish","4":"has-post-thumbnail","6":"product_cat-agro-soil-sensor","7":"product_cat-soil-sensor","8":"product_tag-soil-sensor","9":"desktop-align-left","10":"tablet-align-left","11":"mobile-align-left","13":"first","14":"instock","15":"shipping-taxable","16":"purchasable","17":"product-type-simple"},"jetpack_sharing_enabled":true,"_links":{"self":[{"href":"https:\/\/ecosentec.com\/es\/wp-json\/wp\/v2\/product\/5043","targetHints":{"allow":["GET"]}}],"collection":[{"href":"https:\/\/ecosentec.com\/es\/wp-json\/wp\/v2\/product"}],"about":[{"href":"https:\/\/ecosentec.com\/es\/wp-json\/wp\/v2\/types\/product"}],"version-history":[{"count":3,"href":"https:\/\/ecosentec.com\/es\/wp-json\/wp\/v2\/product\/5043\/revisions"}],"predecessor-version":[{"id":6161,"href":"https:\/\/ecosentec.com\/es\/wp-json\/wp\/v2\/product\/5043\/revisions\/6161"}],"wp:featuredmedia":[{"embeddable":true,"href":"https:\/\/ecosentec.com\/es\/wp-json\/wp\/v2\/media\/6159"}],"wp:attachment":[{"href":"https:\/\/ecosentec.com\/es\/wp-json\/wp\/v2\/media?parent=5043"}],"wp:term":[{"taxonomy":"product_brand","embeddable":true,"href":"https:\/\/ecosentec.com\/es\/wp-json\/wp\/v2\/product_brand?post=5043"},{"taxonomy":"product_cat","embeddable":true,"href":"https:\/\/ecosentec.com\/es\/wp-json\/wp\/v2\/product_cat?post=5043"},{"taxonomy":"product_tag","embeddable":true,"href":"https:\/\/ecosentec.com\/es\/wp-json\/wp\/v2\/product_tag?post=5043"}],"curies":[{"name":"wp","href":"https:\/\/api.w.org\/{rel}","templated":true}]}}