{"id":5040,"date":"2025-03-27T08:51:46","date_gmt":"2025-03-27T08:51:46","guid":{"rendered":"https:\/\/ecosentec.com\/?post_type=product&#038;p=5040"},"modified":"2025-06-11T10:40:09","modified_gmt":"2025-06-11T10:40:09","slug":"comprobador-rapido-de-suelo","status":"publish","type":"product","link":"https:\/\/ecosentec.com\/es\/producto\/comprobador-rapido-de-suelo\/","title":{"rendered":"ES-S2252 Probador r\u00e1pido de suelo"},"content":{"rendered":"<p class=\"p1\">El medidor r\u00e1pido de suelo ES-S2252 es un sensor desarrollado por nuestra empresa para detectar r\u00e1pidamente los componentes del suelo. Su dise\u00f1o port\u00e1til facilita su transporte. La sonda, de cuatro pines, est\u00e1 fabricada en acero inoxidable. Ofrece buena resistencia a la corrosi\u00f3n y gran dureza.<\/p>\n<p class=\"p1\">El sensor puede detectar y mostrar con precisi\u00f3n una variedad de componentes en el suelo en tiempo real, tales como: temperatura y humedad del suelo, conductividad del suelo y componentes de nitr\u00f3geno, f\u00f3sforo y potasio del suelo; los indicadores de composici\u00f3n del suelo juegan un papel muy importante en el crecimiento de los cultivos, utilizando nuestra investigaci\u00f3n y desarrollo. El detector puede detectar con precisi\u00f3n varios componentes en el suelo y mejorar el suelo a trav\u00e9s de los datos detectados para lograr el prop\u00f3sito de monitorear el suministro de nutrientes de las plantas, de modo que los cultivos est\u00e9n en el mejor entorno de vida, aumentando as\u00ed el rendimiento.<\/p>","protected":false},"excerpt":{"rendered":"<p>El medidor r\u00e1pido de suelo ES-S2252 es un sensor desarrollado por nuestra empresa para detectar r\u00e1pidamente los componentes del suelo. Su dise\u00f1o port\u00e1til facilita su transporte. La sonda, de cuatro pines, est\u00e1 fabricada en acero inoxidable. Ofrece buena resistencia a la corrosi\u00f3n y gran dureza.<\/p>","protected":false},"featured_media":6147,"template":"","meta":{"om_disable_all_campaigns":false,"_monsterinsights_skip_tracking":false,"_monsterinsights_sitenote_active":false,"_monsterinsights_sitenote_note":"","_monsterinsights_sitenote_category":0,"site-sidebar-layout":"default","site-content-layout":"default","ast-site-content-layout":"default","site-content-style":"default","site-sidebar-style":"default","ast-global-header-display":"","ast-banner-title-visibility":"","ast-main-header-display":"","ast-hfb-above-header-display":"","ast-hfb-below-header-display":"","ast-hfb-mobile-header-display":"","site-post-title":"","ast-breadcrumbs-content":"","ast-featured-img":"","footer-sml-layout":"","ast-disable-related-posts":"","theme-transparent-header-meta":"default","adv-header-id-meta":"","stick-header-meta":"","header-above-stick-meta":"","header-main-stick-meta":"","header-below-stick-meta":"","astra-migrate-meta-layouts":"set","ast-page-background-enabled":"default","ast-page-background-meta":{"desktop":{"background-color":"","background-image":"","background-repeat":"repeat","background-position":"center center","background-size":"auto","background-attachment":"scroll","background-type":"","background-media":"","overlay-type":"","overlay-color":"","overlay-opacity":"","overlay-gradient":""},"tablet":{"background-color":"","background-image":"","background-repeat":"repeat","background-position":"center center","background-size":"auto","background-attachment":"scroll","background-type":"","background-media":"","overlay-type":"","overlay-color":"","overlay-opacity":"","overlay-gradient":""},"mobile":{"background-color":"","background-image":"","background-repeat":"repeat","background-position":"center center","background-size":"auto","background-attachment":"scroll","background-type":"","background-media":"","overlay-type":"","overlay-color":"","overlay-opacity":"","overlay-gradient":""}},"ast-content-background-meta":{"desktop":{"background-color":"var(--ast-global-color-5)","background-image":"","background-repeat":"repeat","background-position":"center center","background-size":"auto","background-attachment":"scroll","background-type":"","background-media":"","overlay-type":"","overlay-color":"","overlay-opacity":"","overlay-gradient":""},"tablet":{"background-color":"var(--ast-global-color-5)","background-image":"","background-repeat":"repeat","background-position":"center center","background-size":"auto","background-attachment":"scroll","background-type":"","background-media":"","overlay-type":"","overlay-color":"","overlay-opacity":"","overlay-gradient":""},"mobile":{"background-color":"var(--ast-global-color-5)","background-image":"","background-repeat":"repeat","background-position":"center center","background-size":"auto","background-attachment":"scroll","background-type":"","background-media":"","overlay-type":"","overlay-color":"","overlay-opacity":"","overlay-gradient":""}},"_joinchat":[]},"product_brand":[],"product_cat":[94,95],"product_tag":[292],"class_list":{"0":"post-5040","1":"product","2":"type-product","3":"status-publish","4":"has-post-thumbnail","6":"product_cat-agro-soil-sensor","7":"product_cat-soil-sensor","8":"product_tag-soil-sensor","9":"desktop-align-left","10":"tablet-align-left","11":"mobile-align-left","13":"first","14":"instock","15":"shipping-taxable","16":"purchasable","17":"product-type-simple"},"jetpack_sharing_enabled":true,"_links":{"self":[{"href":"https:\/\/ecosentec.com\/es\/wp-json\/wp\/v2\/product\/5040","targetHints":{"allow":["GET"]}}],"collection":[{"href":"https:\/\/ecosentec.com\/es\/wp-json\/wp\/v2\/product"}],"about":[{"href":"https:\/\/ecosentec.com\/es\/wp-json\/wp\/v2\/types\/product"}],"version-history":[{"count":2,"href":"https:\/\/ecosentec.com\/es\/wp-json\/wp\/v2\/product\/5040\/revisions"}],"predecessor-version":[{"id":6148,"href":"https:\/\/ecosentec.com\/es\/wp-json\/wp\/v2\/product\/5040\/revisions\/6148"}],"wp:featuredmedia":[{"embeddable":true,"href":"https:\/\/ecosentec.com\/es\/wp-json\/wp\/v2\/media\/6147"}],"wp:attachment":[{"href":"https:\/\/ecosentec.com\/es\/wp-json\/wp\/v2\/media?parent=5040"}],"wp:term":[{"taxonomy":"product_brand","embeddable":true,"href":"https:\/\/ecosentec.com\/es\/wp-json\/wp\/v2\/product_brand?post=5040"},{"taxonomy":"product_cat","embeddable":true,"href":"https:\/\/ecosentec.com\/es\/wp-json\/wp\/v2\/product_cat?post=5040"},{"taxonomy":"product_tag","embeddable":true,"href":"https:\/\/ecosentec.com\/es\/wp-json\/wp\/v2\/product_tag?post=5040"}],"curies":[{"name":"wp","href":"https:\/\/api.w.org\/{rel}","templated":true}]}}