{"id":5037,"date":"2025-03-27T08:51:46","date_gmt":"2025-03-27T08:51:46","guid":{"rendered":"https:\/\/ecosentec.com\/?post_type=product&#038;p=5037"},"modified":"2025-06-11T10:40:18","modified_gmt":"2025-06-11T10:40:18","slug":"sensor-de-temperatura-y-humedad-del-suelo-ec-ph-npk","status":"publish","type":"product","link":"https:\/\/ecosentec.com\/es\/producto\/sensor-de-temperatura-y-humedad-del-suelo-ec-ph-npk\/","title":{"rendered":"Sensor de temperatura, humedad, pH y NPK para suelo serie ES-S225"},"content":{"rendered":"<p class=\"p1\"><span class=\"s1\">ES-S<\/span>El sensor de suelo serie 225 es un sensor de alta precisi\u00f3n y sensibilidad para la medici\u00f3n en l\u00ednea de la humedad, temperatura, conductividad (CE), pH y NPK del suelo. Este sensor es adecuado para medir la temperatura y la humedad del suelo. Tras compararlo con el sensor original de alta precisi\u00f3n de Alemania y calibrarlo mediante un m\u00e9todo de pesaje de secado de suelo real, ofrece alta precisi\u00f3n, respuesta r\u00e1pida y un resultado estable.<\/p>\n<p class=\"p1\">Sus electrodos est\u00e1n fabricados con materiales de aleaci\u00f3n con tratamiento especial, que resisten fuertes impactos externos y no se da\u00f1an f\u00e1cilmente. Su dise\u00f1o totalmente sellado, con certificaci\u00f3n IP68, es resistente a la corrosi\u00f3n por \u00e1cidos y \u00e1lcalis y puede enterrarse en el suelo o sumergirse directamente en agua para una detecci\u00f3n din\u00e1mica a largo plazo. Es menos afectado por el contenido de sal del suelo y apto para diversos tipos de suelo. Puede permanecer enterrado en el suelo durante largos periodos, es resistente a la electr\u00f3lisis a largo plazo, la corrosi\u00f3n, el encapsulado al vac\u00edo y es completamente impermeable.<\/p>","protected":false},"excerpt":{"rendered":"<p><span class=\"s1\">ES-S<\/span>El sensor de suelo serie 225 es un sensor de alta precisi\u00f3n y sensibilidad para la medici\u00f3n en l\u00ednea de la humedad, temperatura, conductividad (CE), pH y NPK del suelo. Este sensor es adecuado para medir la temperatura y la humedad del suelo.<\/p>","protected":false},"featured_media":6134,"template":"","meta":{"om_disable_all_campaigns":false,"_monsterinsights_skip_tracking":false,"_monsterinsights_sitenote_active":false,"_monsterinsights_sitenote_note":"","_monsterinsights_sitenote_category":0,"site-sidebar-layout":"default","site-content-layout":"default","ast-site-content-layout":"default","site-content-style":"default","site-sidebar-style":"default","ast-global-header-display":"","ast-banner-title-visibility":"","ast-main-header-display":"","ast-hfb-above-header-display":"","ast-hfb-below-header-display":"","ast-hfb-mobile-header-display":"","site-post-title":"","ast-breadcrumbs-content":"","ast-featured-img":"","footer-sml-layout":"","ast-disable-related-posts":"","theme-transparent-header-meta":"default","adv-header-id-meta":"","stick-header-meta":"","header-above-stick-meta":"","header-main-stick-meta":"","header-below-stick-meta":"","astra-migrate-meta-layouts":"set","ast-page-background-enabled":"default","ast-page-background-meta":{"desktop":{"background-color":"","background-image":"","background-repeat":"repeat","background-position":"center center","background-size":"auto","background-attachment":"scroll","background-type":"","background-media":"","overlay-type":"","overlay-color":"","overlay-opacity":"","overlay-gradient":""},"tablet":{"background-color":"","background-image":"","background-repeat":"repeat","background-position":"center center","background-size":"auto","background-attachment":"scroll","background-type":"","background-media":"","overlay-type":"","overlay-color":"","overlay-opacity":"","overlay-gradient":""},"mobile":{"background-color":"","background-image":"","background-repeat":"repeat","background-position":"center center","background-size":"auto","background-attachment":"scroll","background-type":"","background-media":"","overlay-type":"","overlay-color":"","overlay-opacity":"","overlay-gradient":""}},"ast-content-background-meta":{"desktop":{"background-color":"var(--ast-global-color-5)","background-image":"","background-repeat":"repeat","background-position":"center center","background-size":"auto","background-attachment":"scroll","background-type":"","background-media":"","overlay-type":"","overlay-color":"","overlay-opacity":"","overlay-gradient":""},"tablet":{"background-color":"var(--ast-global-color-5)","background-image":"","background-repeat":"repeat","background-position":"center center","background-size":"auto","background-attachment":"scroll","background-type":"","background-media":"","overlay-type":"","overlay-color":"","overlay-opacity":"","overlay-gradient":""},"mobile":{"background-color":"var(--ast-global-color-5)","background-image":"","background-repeat":"repeat","background-position":"center center","background-size":"auto","background-attachment":"scroll","background-type":"","background-media":"","overlay-type":"","overlay-color":"","overlay-opacity":"","overlay-gradient":""}},"_joinchat":[]},"product_brand":[],"product_cat":[94,95],"product_tag":[292],"class_list":{"0":"post-5037","1":"product","2":"type-product","3":"status-publish","4":"has-post-thumbnail","6":"product_cat-agro-soil-sensor","7":"product_cat-soil-sensor","8":"product_tag-soil-sensor","9":"desktop-align-left","10":"tablet-align-left","11":"mobile-align-left","13":"first","14":"instock","15":"shipping-taxable","16":"purchasable","17":"product-type-simple"},"jetpack_sharing_enabled":true,"_links":{"self":[{"href":"https:\/\/ecosentec.com\/es\/wp-json\/wp\/v2\/product\/5037","targetHints":{"allow":["GET"]}}],"collection":[{"href":"https:\/\/ecosentec.com\/es\/wp-json\/wp\/v2\/product"}],"about":[{"href":"https:\/\/ecosentec.com\/es\/wp-json\/wp\/v2\/types\/product"}],"version-history":[{"count":2,"href":"https:\/\/ecosentec.com\/es\/wp-json\/wp\/v2\/product\/5037\/revisions"}],"predecessor-version":[{"id":6135,"href":"https:\/\/ecosentec.com\/es\/wp-json\/wp\/v2\/product\/5037\/revisions\/6135"}],"wp:featuredmedia":[{"embeddable":true,"href":"https:\/\/ecosentec.com\/es\/wp-json\/wp\/v2\/media\/6134"}],"wp:attachment":[{"href":"https:\/\/ecosentec.com\/es\/wp-json\/wp\/v2\/media?parent=5037"}],"wp:term":[{"taxonomy":"product_brand","embeddable":true,"href":"https:\/\/ecosentec.com\/es\/wp-json\/wp\/v2\/product_brand?post=5037"},{"taxonomy":"product_cat","embeddable":true,"href":"https:\/\/ecosentec.com\/es\/wp-json\/wp\/v2\/product_cat?post=5037"},{"taxonomy":"product_tag","embeddable":true,"href":"https:\/\/ecosentec.com\/es\/wp-json\/wp\/v2\/product_tag?post=5037"}],"curies":[{"name":"wp","href":"https:\/\/api.w.org\/{rel}","templated":true}]}}