{"id":5034,"date":"2025-03-27T08:51:45","date_gmt":"2025-03-27T08:51:45","guid":{"rendered":"https:\/\/ecosentec.com\/?post_type=product&#038;p=5034"},"modified":"2025-07-08T07:42:51","modified_gmt":"2025-07-08T07:42:51","slug":"sensor-de-aire-y-gas-del-techo","status":"publish","type":"product","link":"https:\/\/ecosentec.com\/es\/producto\/sensor-de-aire-y-gas-del-techo\/","title":{"rendered":"Sensor de aire y gas de techo ES-A230"},"content":{"rendered":"<p class=\"p1\">El sensor de aire y gas ES-A230 es un transmisor multielemento del entorno del aire desarrollado independientemente por nuestra empresa, que se utiliza para detectar temperatura, humedad, PM2.5, PM10, presi\u00f3n atmosf\u00e9rica, luz, ruido, TVOC, CO2, formaldeh\u00eddo, O3, CO en el entorno del aire, CH4, O2, SO2, NO2, H2, H2S, NH3 y otros elementos, cubriendo b\u00e1sicamente varios indicadores que reflejan la calidad del aire.<\/p>\n<p class=\"p1\">El transmisor incorpora un sensor y un chip de control importados, que se caracterizan por su alta precisi\u00f3n, alta resoluci\u00f3n y buena estabilidad. El equipo utiliza una fuente de alimentaci\u00f3n de amplio voltaje de 10-30 V CC, salida de se\u00f1al 485 y protocolo de comunicaci\u00f3n Modbus-RTU est\u00e1ndar. Permite configurar la direcci\u00f3n ModBus y modificar la velocidad de transmisi\u00f3n. La distancia de comunicaci\u00f3n es de hasta 2000 metros. Se utiliza ampliamente en sistemas de climatizaci\u00f3n (HVAC), sistemas de ahorro energ\u00e9tico en edificios, hogares inteligentes, escuelas, hospitales, estaciones de aeropuertos y otros lugares.<\/p>","protected":false},"excerpt":{"rendered":"<p>El sensor de aire y gas ES-A230 es un transmisor multielemento del entorno del aire desarrollado independientemente por nuestra empresa, que se utiliza para detectar temperatura, humedad, PM2.5, PM10, presi\u00f3n atmosf\u00e9rica, luz, ruido, TVOC, CO2, formaldeh\u00eddo, O3, CO en el entorno del aire, CH4, O2, SO2, NO2, H2, H2S, NH3 y otros elementos, cubriendo b\u00e1sicamente varios indicadores que reflejan la calidad del aire.<\/p>","protected":false},"featured_media":6037,"template":"","meta":{"om_disable_all_campaigns":false,"_monsterinsights_skip_tracking":false,"_monsterinsights_sitenote_active":false,"_monsterinsights_sitenote_note":"","_monsterinsights_sitenote_category":0,"site-sidebar-layout":"default","site-content-layout":"default","ast-site-content-layout":"default","site-content-style":"default","site-sidebar-style":"default","ast-global-header-display":"","ast-banner-title-visibility":"","ast-main-header-display":"","ast-hfb-above-header-display":"","ast-hfb-below-header-display":"","ast-hfb-mobile-header-display":"","site-post-title":"","ast-breadcrumbs-content":"","ast-featured-img":"","footer-sml-layout":"","ast-disable-related-posts":"","theme-transparent-header-meta":"default","adv-header-id-meta":"","stick-header-meta":"","header-above-stick-meta":"","header-main-stick-meta":"","header-below-stick-meta":"","astra-migrate-meta-layouts":"set","ast-page-background-enabled":"default","ast-page-background-meta":{"desktop":{"background-color":"","background-image":"","background-repeat":"repeat","background-position":"center center","background-size":"auto","background-attachment":"scroll","background-type":"","background-media":"","overlay-type":"","overlay-color":"","overlay-opacity":"","overlay-gradient":""},"tablet":{"background-color":"","background-image":"","background-repeat":"repeat","background-position":"center center","background-size":"auto","background-attachment":"scroll","background-type":"","background-media":"","overlay-type":"","overlay-color":"","overlay-opacity":"","overlay-gradient":""},"mobile":{"background-color":"","background-image":"","background-repeat":"repeat","background-position":"center center","background-size":"auto","background-attachment":"scroll","background-type":"","background-media":"","overlay-type":"","overlay-color":"","overlay-opacity":"","overlay-gradient":""}},"ast-content-background-meta":{"desktop":{"background-color":"var(--ast-global-color-5)","background-image":"","background-repeat":"repeat","background-position":"center center","background-size":"auto","background-attachment":"scroll","background-type":"","background-media":"","overlay-type":"","overlay-color":"","overlay-opacity":"","overlay-gradient":""},"tablet":{"background-color":"var(--ast-global-color-5)","background-image":"","background-repeat":"repeat","background-position":"center center","background-size":"auto","background-attachment":"scroll","background-type":"","background-media":"","overlay-type":"","overlay-color":"","overlay-opacity":"","overlay-gradient":""},"mobile":{"background-color":"var(--ast-global-color-5)","background-image":"","background-repeat":"repeat","background-position":"center center","background-size":"auto","background-attachment":"scroll","background-type":"","background-media":"","overlay-type":"","overlay-color":"","overlay-opacity":"","overlay-gradient":""}},"_joinchat":[]},"product_brand":[],"product_cat":[91,97,89,259,93,92,90],"product_tag":[301,298],"class_list":{"0":"post-5034","1":"product","2":"type-product","3":"status-publish","4":"has-post-thumbnail","6":"product_cat-air-quality-pm-sensor","7":"product_cat-all-in-one-ambient-sensor","8":"product_cat-ambient-sensor","9":"product_cat-barometric-pressure-sensor","10":"product_cat-gas-concentration-sensor","11":"product_cat-noise-sensor","12":"product_cat-temperature-humidity-sensor","13":"product_tag-ambient-sensor","14":"product_tag-gas-detector","15":"desktop-align-left","16":"tablet-align-left","17":"mobile-align-left","19":"first","20":"instock","21":"shipping-taxable","22":"purchasable","23":"product-type-simple"},"jetpack_sharing_enabled":true,"_links":{"self":[{"href":"https:\/\/ecosentec.com\/es\/wp-json\/wp\/v2\/product\/5034","targetHints":{"allow":["GET"]}}],"collection":[{"href":"https:\/\/ecosentec.com\/es\/wp-json\/wp\/v2\/product"}],"about":[{"href":"https:\/\/ecosentec.com\/es\/wp-json\/wp\/v2\/types\/product"}],"version-history":[{"count":2,"href":"https:\/\/ecosentec.com\/es\/wp-json\/wp\/v2\/product\/5034\/revisions"}],"predecessor-version":[{"id":6039,"href":"https:\/\/ecosentec.com\/es\/wp-json\/wp\/v2\/product\/5034\/revisions\/6039"}],"wp:featuredmedia":[{"embeddable":true,"href":"https:\/\/ecosentec.com\/es\/wp-json\/wp\/v2\/media\/6037"}],"wp:attachment":[{"href":"https:\/\/ecosentec.com\/es\/wp-json\/wp\/v2\/media?parent=5034"}],"wp:term":[{"taxonomy":"product_brand","embeddable":true,"href":"https:\/\/ecosentec.com\/es\/wp-json\/wp\/v2\/product_brand?post=5034"},{"taxonomy":"product_cat","embeddable":true,"href":"https:\/\/ecosentec.com\/es\/wp-json\/wp\/v2\/product_cat?post=5034"},{"taxonomy":"product_tag","embeddable":true,"href":"https:\/\/ecosentec.com\/es\/wp-json\/wp\/v2\/product_tag?post=5034"}],"curies":[{"name":"wp","href":"https:\/\/api.w.org\/{rel}","templated":true}]}}