{"id":5025,"date":"2025-03-27T08:51:44","date_gmt":"2025-03-27T08:51:44","guid":{"rendered":"https:\/\/ecosentec.com\/?post_type=product&#038;p=5025"},"modified":"2025-04-10T08:57:10","modified_gmt":"2025-04-10T08:57:10","slug":"sensor-de-temperatura-y-humedad-de-riel-din","status":"publish","type":"product","link":"https:\/\/ecosentec.com\/es\/producto\/sensor-de-temperatura-y-humedad-de-riel-din\/","title":{"rendered":"Sensor de temperatura y humedad para riel DIN ES-A240"},"content":{"rendered":"<p class=\"p1\">La humedad relativa del aire es la relaci\u00f3n entre la humedad absoluta del aire y la humedad absoluta saturada a la misma temperatura, y el n\u00famero es un porcentaje. (es decir, en un per\u00edodo de tiempo determinado, el porcentaje de vapor de agua contenido en el aire en un lugar determinado con respecto al vapor de agua saturado a esa temperatura), expresado en HR.<\/p>\n<p class=\"p1\">El sensor de temperatura y humedad tipo riel ES-A240 utiliza un sensor digital importado, cuidadosamente calibrado durante la producci\u00f3n. Los datos de calibraci\u00f3n se almacenan en la memoria interna. El sensor de humedad relativa y temperatura cuenta con salida digital y es completamente interrotativo, sin necesidad de un proceso complejo de calibraci\u00f3n. Destaca por su precisi\u00f3n de medici\u00f3n, linealidad, repetibilidad, interrotaci\u00f3n y consistencia. Se utiliza para la adaptaci\u00f3n de equipos ambientales, la integraci\u00f3n de instrumentos y pruebas ambientales generales.<\/p>","protected":false},"excerpt":{"rendered":"<p>El sensor de temperatura y humedad de riel DIN ES-A240 adopta un sensor de temperatura y humedad digital importado, que ha sido cuidadosamente calibrado durante la producci\u00f3n, y los datos de calibraci\u00f3n se almacenan en la memoria interna.<\/p>","protected":false},"featured_media":6059,"template":"","meta":{"om_disable_all_campaigns":false,"_monsterinsights_skip_tracking":false,"_monsterinsights_sitenote_active":false,"_monsterinsights_sitenote_note":"","_monsterinsights_sitenote_category":0,"site-sidebar-layout":"default","site-content-layout":"default","ast-site-content-layout":"default","site-content-style":"default","site-sidebar-style":"default","ast-global-header-display":"","ast-banner-title-visibility":"","ast-main-header-display":"","ast-hfb-above-header-display":"","ast-hfb-below-header-display":"","ast-hfb-mobile-header-display":"","site-post-title":"","ast-breadcrumbs-content":"","ast-featured-img":"","footer-sml-layout":"","ast-disable-related-posts":"","theme-transparent-header-meta":"default","adv-header-id-meta":"","stick-header-meta":"","header-above-stick-meta":"","header-main-stick-meta":"","header-below-stick-meta":"","astra-migrate-meta-layouts":"set","ast-page-background-enabled":"default","ast-page-background-meta":{"desktop":{"background-color":"","background-image":"","background-repeat":"repeat","background-position":"center center","background-size":"auto","background-attachment":"scroll","background-type":"","background-media":"","overlay-type":"","overlay-color":"","overlay-opacity":"","overlay-gradient":""},"tablet":{"background-color":"","background-image":"","background-repeat":"repeat","background-position":"center center","background-size":"auto","background-attachment":"scroll","background-type":"","background-media":"","overlay-type":"","overlay-color":"","overlay-opacity":"","overlay-gradient":""},"mobile":{"background-color":"","background-image":"","background-repeat":"repeat","background-position":"center center","background-size":"auto","background-attachment":"scroll","background-type":"","background-media":"","overlay-type":"","overlay-color":"","overlay-opacity":"","overlay-gradient":""}},"ast-content-background-meta":{"desktop":{"background-color":"var(--ast-global-color-5)","background-image":"","background-repeat":"repeat","background-position":"center center","background-size":"auto","background-attachment":"scroll","background-type":"","background-media":"","overlay-type":"","overlay-color":"","overlay-opacity":"","overlay-gradient":""},"tablet":{"background-color":"var(--ast-global-color-5)","background-image":"","background-repeat":"repeat","background-position":"center center","background-size":"auto","background-attachment":"scroll","background-type":"","background-media":"","overlay-type":"","overlay-color":"","overlay-opacity":"","overlay-gradient":""},"mobile":{"background-color":"var(--ast-global-color-5)","background-image":"","background-repeat":"repeat","background-position":"center center","background-size":"auto","background-attachment":"scroll","background-type":"","background-media":"","overlay-type":"","overlay-color":"","overlay-opacity":"","overlay-gradient":""}},"_joinchat":[]},"product_brand":[],"product_cat":[89,90],"product_tag":[],"class_list":{"0":"post-5025","1":"product","2":"type-product","3":"status-publish","4":"has-post-thumbnail","6":"product_cat-ambient-sensor","7":"product_cat-temperature-humidity-sensor","8":"desktop-align-left","9":"tablet-align-left","10":"mobile-align-left","12":"first","13":"instock","14":"shipping-taxable","15":"purchasable","16":"product-type-simple"},"jetpack_sharing_enabled":true,"_links":{"self":[{"href":"https:\/\/ecosentec.com\/es\/wp-json\/wp\/v2\/product\/5025","targetHints":{"allow":["GET"]}}],"collection":[{"href":"https:\/\/ecosentec.com\/es\/wp-json\/wp\/v2\/product"}],"about":[{"href":"https:\/\/ecosentec.com\/es\/wp-json\/wp\/v2\/types\/product"}],"version-history":[{"count":2,"href":"https:\/\/ecosentec.com\/es\/wp-json\/wp\/v2\/product\/5025\/revisions"}],"predecessor-version":[{"id":6061,"href":"https:\/\/ecosentec.com\/es\/wp-json\/wp\/v2\/product\/5025\/revisions\/6061"}],"wp:featuredmedia":[{"embeddable":true,"href":"https:\/\/ecosentec.com\/es\/wp-json\/wp\/v2\/media\/6059"}],"wp:attachment":[{"href":"https:\/\/ecosentec.com\/es\/wp-json\/wp\/v2\/media?parent=5025"}],"wp:term":[{"taxonomy":"product_brand","embeddable":true,"href":"https:\/\/ecosentec.com\/es\/wp-json\/wp\/v2\/product_brand?post=5025"},{"taxonomy":"product_cat","embeddable":true,"href":"https:\/\/ecosentec.com\/es\/wp-json\/wp\/v2\/product_cat?post=5025"},{"taxonomy":"product_tag","embeddable":true,"href":"https:\/\/ecosentec.com\/es\/wp-json\/wp\/v2\/product_tag?post=5025"}],"curies":[{"name":"wp","href":"https:\/\/api.w.org\/{rel}","templated":true}]}}