{"id":4959,"date":"2025-03-27T08:12:50","date_gmt":"2025-03-27T08:12:50","guid":{"rendered":"https:\/\/ecosentec.com\/?post_type=product&#038;p=4959"},"modified":"2025-04-02T10:10:07","modified_gmt":"2025-04-02T10:10:07","slug":"estacion-meteorologica-compacta","status":"publish","type":"product","link":"https:\/\/ecosentec.com\/es\/producto\/estacion-meteorologica-compacta\/","title":{"rendered":"Estaci\u00f3n meteorol\u00f3gica compacta ES-W5004"},"content":{"rendered":"<p class=\"p1\">La estaci\u00f3n meteorol\u00f3gica compacta ES-W5004 es una microestaci\u00f3n meteorol\u00f3gica multiparam\u00e9trica, desarrollada por nuestra empresa, que integra la temperatura atmosf\u00e9rica, la humedad, la velocidad y direcci\u00f3n del viento, la presi\u00f3n, la luz, la radiaci\u00f3n solar, la precipitaci\u00f3n y otros par\u00e1metros. Se puede aplicar a la monitorizaci\u00f3n y el control del entorno de la red urbana, el alumbrado p\u00fablico inteligente, la monitorizaci\u00f3n ambiental de zonas tur\u00edsticas, la meteorolog\u00eda agr\u00edcola, la meteorolog\u00eda vial y otros campos relacionados con la monitorizaci\u00f3n de par\u00e1metros meteorol\u00f3gicos. Ofrece una excelente relaci\u00f3n calidad-precio.<\/p>","protected":false},"excerpt":{"rendered":"<p>La estaci\u00f3n meteorol\u00f3gica compacta ES-W5004 es una microestaci\u00f3n meteorol\u00f3gica multipar\u00e1metro desarrollada independientemente por nuestra empresa, que integra la temperatura atmosf\u00e9rica, la humedad, la velocidad del viento, la direcci\u00f3n del viento, la presi\u00f3n, la luz, la radiaci\u00f3n solar, la lluvia y otros par\u00e1metros.<\/p>","protected":false},"featured_media":5004,"template":"","meta":{"om_disable_all_campaigns":false,"_monsterinsights_skip_tracking":false,"_monsterinsights_sitenote_active":false,"_monsterinsights_sitenote_note":"","_monsterinsights_sitenote_category":0,"site-sidebar-layout":"default","site-content-layout":"default","ast-site-content-layout":"default","site-content-style":"default","site-sidebar-style":"default","ast-global-header-display":"","ast-banner-title-visibility":"","ast-main-header-display":"","ast-hfb-above-header-display":"","ast-hfb-below-header-display":"","ast-hfb-mobile-header-display":"","site-post-title":"","ast-breadcrumbs-content":"","ast-featured-img":"","footer-sml-layout":"","ast-disable-related-posts":"","theme-transparent-header-meta":"default","adv-header-id-meta":"","stick-header-meta":"","header-above-stick-meta":"","header-main-stick-meta":"","header-below-stick-meta":"","astra-migrate-meta-layouts":"set","ast-page-background-enabled":"default","ast-page-background-meta":{"desktop":{"background-color":"","background-image":"","background-repeat":"repeat","background-position":"center center","background-size":"auto","background-attachment":"scroll","background-type":"","background-media":"","overlay-type":"","overlay-color":"","overlay-opacity":"","overlay-gradient":""},"tablet":{"background-color":"","background-image":"","background-repeat":"repeat","background-position":"center center","background-size":"auto","background-attachment":"scroll","background-type":"","background-media":"","overlay-type":"","overlay-color":"","overlay-opacity":"","overlay-gradient":""},"mobile":{"background-color":"","background-image":"","background-repeat":"repeat","background-position":"center center","background-size":"auto","background-attachment":"scroll","background-type":"","background-media":"","overlay-type":"","overlay-color":"","overlay-opacity":"","overlay-gradient":""}},"ast-content-background-meta":{"desktop":{"background-color":"var(--ast-global-color-5)","background-image":"","background-repeat":"repeat","background-position":"center center","background-size":"auto","background-attachment":"scroll","background-type":"","background-media":"","overlay-type":"","overlay-color":"","overlay-opacity":"","overlay-gradient":""},"tablet":{"background-color":"var(--ast-global-color-5)","background-image":"","background-repeat":"repeat","background-position":"center center","background-size":"auto","background-attachment":"scroll","background-type":"","background-media":"","overlay-type":"","overlay-color":"","overlay-opacity":"","overlay-gradient":""},"mobile":{"background-color":"var(--ast-global-color-5)","background-image":"","background-repeat":"repeat","background-position":"center center","background-size":"auto","background-attachment":"scroll","background-type":"","background-media":"","overlay-type":"","overlay-color":"","overlay-opacity":"","overlay-gradient":""}},"_joinchat":[]},"product_brand":[],"product_cat":[87,86],"product_tag":[],"class_list":{"0":"post-4959","1":"product","2":"type-product","3":"status-publish","4":"has-post-thumbnail","6":"product_cat-ultrasonic-weather-station","7":"product_cat-weather-station","8":"desktop-align-left","9":"tablet-align-left","10":"mobile-align-left","12":"first","13":"instock","14":"shipping-taxable","15":"purchasable","16":"product-type-simple"},"jetpack_sharing_enabled":true,"_links":{"self":[{"href":"https:\/\/ecosentec.com\/es\/wp-json\/wp\/v2\/product\/4959","targetHints":{"allow":["GET"]}}],"collection":[{"href":"https:\/\/ecosentec.com\/es\/wp-json\/wp\/v2\/product"}],"about":[{"href":"https:\/\/ecosentec.com\/es\/wp-json\/wp\/v2\/types\/product"}],"version-history":[{"count":3,"href":"https:\/\/ecosentec.com\/es\/wp-json\/wp\/v2\/product\/4959\/revisions"}],"predecessor-version":[{"id":5856,"href":"https:\/\/ecosentec.com\/es\/wp-json\/wp\/v2\/product\/4959\/revisions\/5856"}],"wp:featuredmedia":[{"embeddable":true,"href":"https:\/\/ecosentec.com\/es\/wp-json\/wp\/v2\/media\/5004"}],"wp:attachment":[{"href":"https:\/\/ecosentec.com\/es\/wp-json\/wp\/v2\/media?parent=4959"}],"wp:term":[{"taxonomy":"product_brand","embeddable":true,"href":"https:\/\/ecosentec.com\/es\/wp-json\/wp\/v2\/product_brand?post=4959"},{"taxonomy":"product_cat","embeddable":true,"href":"https:\/\/ecosentec.com\/es\/wp-json\/wp\/v2\/product_cat?post=4959"},{"taxonomy":"product_tag","embeddable":true,"href":"https:\/\/ecosentec.com\/es\/wp-json\/wp\/v2\/product_tag?post=4959"}],"curies":[{"name":"wp","href":"https:\/\/api.w.org\/{rel}","templated":true}]}}