{"id":4931,"date":"2025-03-27T08:11:57","date_gmt":"2025-03-27T08:11:57","guid":{"rendered":"https:\/\/ecosentec.com\/?post_type=product&#038;p=4931"},"modified":"2025-04-10T10:31:33","modified_gmt":"2025-04-10T10:31:33","slug":"sensor-de-presion-atmosferica","status":"publish","type":"product","link":"https:\/\/ecosentec.com\/es\/producto\/sensor-de-presion-atmosferica\/","title":{"rendered":"Sensor de presi\u00f3n atmosf\u00e9rica ES-A221"},"content":{"rendered":"<p class=\"p1\">El sensor de presi\u00f3n atmosf\u00e9rica ES-A221 incorpora una unidad de medici\u00f3n importada de alta precisi\u00f3n. Incorpora compensaci\u00f3n de temperatura de alta precisi\u00f3n, alta estabilidad, baja deriva y alta repetibilidad. Su carcasa de montaje en pared se fija f\u00e1cilmente a la pared. Es ideal para peque\u00f1as estaciones meteorol\u00f3gicas, alt\u00edmetros, invernaderos agr\u00edcolas, archivos y otros lugares que requieren monitorizaci\u00f3n de la presi\u00f3n atmosf\u00e9rica y medici\u00f3n de temperatura.<\/p>\n<p class=\"p1\">Integra sensores de temperatura y humedad en una sola unidad, lo que permite obtener datos de medici\u00f3n m\u00e1s completos. Admite salidas de 4~20 mA, 0~5 V\/0~10 V, RS485 y se\u00f1ales 485 (protocolo Modbus-RTU est\u00e1ndar). Puede comunicarse hasta 2000 metros y admite desarrollo secundario.<\/p>","protected":false},"excerpt":{"rendered":"<p>El sensor de presi\u00f3n atmosf\u00e9rica ES-A221 adopta una unidad de medici\u00f3n de alta precisi\u00f3n importada, el dispositivo tiene compensaci\u00f3n de temperatura de alta precisi\u00f3n incorporada, alta estabilidad, peque\u00f1a deriva y alta repetibilidad; la carcasa montada en la pared se puede fijar f\u00e1cilmente en la pared.<\/p>","protected":false},"featured_media":6105,"template":"","meta":{"om_disable_all_campaigns":false,"_monsterinsights_skip_tracking":false,"_monsterinsights_sitenote_active":false,"_monsterinsights_sitenote_note":"","_monsterinsights_sitenote_category":0,"site-sidebar-layout":"default","site-content-layout":"default","ast-site-content-layout":"default","site-content-style":"default","site-sidebar-style":"default","ast-global-header-display":"","ast-banner-title-visibility":"","ast-main-header-display":"","ast-hfb-above-header-display":"","ast-hfb-below-header-display":"","ast-hfb-mobile-header-display":"","site-post-title":"","ast-breadcrumbs-content":"","ast-featured-img":"","footer-sml-layout":"","ast-disable-related-posts":"","theme-transparent-header-meta":"default","adv-header-id-meta":"","stick-header-meta":"","header-above-stick-meta":"","header-main-stick-meta":"","header-below-stick-meta":"","astra-migrate-meta-layouts":"set","ast-page-background-enabled":"default","ast-page-background-meta":{"desktop":{"background-color":"","background-image":"","background-repeat":"repeat","background-position":"center center","background-size":"auto","background-attachment":"scroll","background-type":"","background-media":"","overlay-type":"","overlay-color":"","overlay-opacity":"","overlay-gradient":""},"tablet":{"background-color":"","background-image":"","background-repeat":"repeat","background-position":"center center","background-size":"auto","background-attachment":"scroll","background-type":"","background-media":"","overlay-type":"","overlay-color":"","overlay-opacity":"","overlay-gradient":""},"mobile":{"background-color":"","background-image":"","background-repeat":"repeat","background-position":"center center","background-size":"auto","background-attachment":"scroll","background-type":"","background-media":"","overlay-type":"","overlay-color":"","overlay-opacity":"","overlay-gradient":""}},"ast-content-background-meta":{"desktop":{"background-color":"var(--ast-global-color-5)","background-image":"","background-repeat":"repeat","background-position":"center center","background-size":"auto","background-attachment":"scroll","background-type":"","background-media":"","overlay-type":"","overlay-color":"","overlay-opacity":"","overlay-gradient":""},"tablet":{"background-color":"var(--ast-global-color-5)","background-image":"","background-repeat":"repeat","background-position":"center center","background-size":"auto","background-attachment":"scroll","background-type":"","background-media":"","overlay-type":"","overlay-color":"","overlay-opacity":"","overlay-gradient":""},"mobile":{"background-color":"var(--ast-global-color-5)","background-image":"","background-repeat":"repeat","background-position":"center center","background-size":"auto","background-attachment":"scroll","background-type":"","background-media":"","overlay-type":"","overlay-color":"","overlay-opacity":"","overlay-gradient":""}},"_joinchat":[]},"product_brand":[],"product_cat":[89,259],"product_tag":[],"class_list":{"0":"post-4931","1":"product","2":"type-product","3":"status-publish","4":"has-post-thumbnail","6":"product_cat-ambient-sensor","7":"product_cat-barometric-pressure-sensor","8":"desktop-align-left","9":"tablet-align-left","10":"mobile-align-left","12":"first","13":"instock","14":"shipping-taxable","15":"purchasable","16":"product-type-simple"},"jetpack_sharing_enabled":true,"_links":{"self":[{"href":"https:\/\/ecosentec.com\/es\/wp-json\/wp\/v2\/product\/4931","targetHints":{"allow":["GET"]}}],"collection":[{"href":"https:\/\/ecosentec.com\/es\/wp-json\/wp\/v2\/product"}],"about":[{"href":"https:\/\/ecosentec.com\/es\/wp-json\/wp\/v2\/types\/product"}],"version-history":[{"count":2,"href":"https:\/\/ecosentec.com\/es\/wp-json\/wp\/v2\/product\/4931\/revisions"}],"predecessor-version":[{"id":6106,"href":"https:\/\/ecosentec.com\/es\/wp-json\/wp\/v2\/product\/4931\/revisions\/6106"}],"wp:featuredmedia":[{"embeddable":true,"href":"https:\/\/ecosentec.com\/es\/wp-json\/wp\/v2\/media\/6105"}],"wp:attachment":[{"href":"https:\/\/ecosentec.com\/es\/wp-json\/wp\/v2\/media?parent=4931"}],"wp:term":[{"taxonomy":"product_brand","embeddable":true,"href":"https:\/\/ecosentec.com\/es\/wp-json\/wp\/v2\/product_brand?post=4931"},{"taxonomy":"product_cat","embeddable":true,"href":"https:\/\/ecosentec.com\/es\/wp-json\/wp\/v2\/product_cat?post=4931"},{"taxonomy":"product_tag","embeddable":true,"href":"https:\/\/ecosentec.com\/es\/wp-json\/wp\/v2\/product_tag?post=4931"}],"curies":[{"name":"wp","href":"https:\/\/api.w.org\/{rel}","templated":true}]}}