{"id":4928,"date":"2025-03-27T08:11:56","date_gmt":"2025-03-27T08:11:56","guid":{"rendered":"https:\/\/ecosentec.com\/?post_type=product&#038;p=4928"},"modified":"2025-07-02T08:16:06","modified_gmt":"2025-07-02T08:16:06","slug":"estacion-meteorologica-ultrasonica-automatica","status":"publish","type":"product","link":"https:\/\/ecosentec.com\/es\/producto\/estacion-meteorologica-ultrasonica-automatica\/","title":{"rendered":"Estaci\u00f3n meteorol\u00f3gica ultras\u00f3nica autom\u00e1tica ES-W9600"},"content":{"rendered":"<p class=\"p1\">La estaci\u00f3n meteorol\u00f3gica ultras\u00f3nica autom\u00e1tica ES-W9600 es una estaci\u00f3n meteorol\u00f3gica integrada que puede medir m\u00faltiples par\u00e1metros meteorol\u00f3gicos. Puede medir simult\u00e1neamente temperatura, humedad, velocidad y direcci\u00f3n del viento, presi\u00f3n atmosf\u00e9rica, precipitaciones, radiaci\u00f3n, iluminaci\u00f3n, visibilidad, ruido ambiental, PM2.5 y PM10, entre otros.<\/p>\n<p class=\"p1\">El ES-W9600 utiliza un chip interno de bajo consumo y el m\u00f3dulo de medici\u00f3n de la velocidad del viento utiliza tecnolog\u00eda ultras\u00f3nica avanzada. Su dise\u00f1o robusto y de alta resistencia lo hace resistente a entornos de instalaci\u00f3n hostiles. A diferencia de los fr\u00e1giles anem\u00f3metros de copa, el ES-W9600 elimina el riesgo de da\u00f1os mec\u00e1nicos y requiere un mantenimiento m\u00ednimo. La precipitaci\u00f3n se puede detectar mediante un radar de 24 GHz o un m\u00f3dulo piezoel\u00e9ctrico, y se puede instalar opcionalmente un m\u00f3dulo de detecci\u00f3n de visibilidad MINI.<\/p>","protected":false},"excerpt":{"rendered":"<p>La estaci\u00f3n meteorol\u00f3gica ultras\u00f3nica autom\u00e1tica ES-W9600 es una estaci\u00f3n meteorol\u00f3gica integrada que puede medir m\u00faltiples par\u00e1metros meteorol\u00f3gicos. Puede medir simult\u00e1neamente temperatura, humedad, velocidad y direcci\u00f3n del viento, presi\u00f3n atmosf\u00e9rica, precipitaciones, radiaci\u00f3n, iluminaci\u00f3n, visibilidad, ruido ambiental, PM2.5 y PM10, entre otros.<\/p>","protected":false},"featured_media":6001,"template":"","meta":{"om_disable_all_campaigns":false,"_monsterinsights_skip_tracking":false,"_monsterinsights_sitenote_active":false,"_monsterinsights_sitenote_note":"","_monsterinsights_sitenote_category":0,"site-sidebar-layout":"default","site-content-layout":"default","ast-site-content-layout":"default","site-content-style":"default","site-sidebar-style":"default","ast-global-header-display":"","ast-banner-title-visibility":"","ast-main-header-display":"","ast-hfb-above-header-display":"","ast-hfb-below-header-display":"","ast-hfb-mobile-header-display":"","site-post-title":"","ast-breadcrumbs-content":"","ast-featured-img":"","footer-sml-layout":"","ast-disable-related-posts":"","theme-transparent-header-meta":"default","adv-header-id-meta":"","stick-header-meta":"","header-above-stick-meta":"","header-main-stick-meta":"","header-below-stick-meta":"","astra-migrate-meta-layouts":"set","ast-page-background-enabled":"default","ast-page-background-meta":{"desktop":{"background-color":"","background-image":"","background-repeat":"repeat","background-position":"center center","background-size":"auto","background-attachment":"scroll","background-type":"","background-media":"","overlay-type":"","overlay-color":"","overlay-opacity":"","overlay-gradient":""},"tablet":{"background-color":"","background-image":"","background-repeat":"repeat","background-position":"center center","background-size":"auto","background-attachment":"scroll","background-type":"","background-media":"","overlay-type":"","overlay-color":"","overlay-opacity":"","overlay-gradient":""},"mobile":{"background-color":"","background-image":"","background-repeat":"repeat","background-position":"center center","background-size":"auto","background-attachment":"scroll","background-type":"","background-media":"","overlay-type":"","overlay-color":"","overlay-opacity":"","overlay-gradient":""}},"ast-content-background-meta":{"desktop":{"background-color":"var(--ast-global-color-5)","background-image":"","background-repeat":"repeat","background-position":"center center","background-size":"auto","background-attachment":"scroll","background-type":"","background-media":"","overlay-type":"","overlay-color":"","overlay-opacity":"","overlay-gradient":""},"tablet":{"background-color":"var(--ast-global-color-5)","background-image":"","background-repeat":"repeat","background-position":"center center","background-size":"auto","background-attachment":"scroll","background-type":"","background-media":"","overlay-type":"","overlay-color":"","overlay-opacity":"","overlay-gradient":""},"mobile":{"background-color":"var(--ast-global-color-5)","background-image":"","background-repeat":"repeat","background-position":"center center","background-size":"auto","background-attachment":"scroll","background-type":"","background-media":"","overlay-type":"","overlay-color":"","overlay-opacity":"","overlay-gradient":""}},"_joinchat":[]},"product_brand":[],"product_cat":[87,86],"product_tag":[299,300],"class_list":{"0":"post-4928","1":"product","2":"type-product","3":"status-publish","4":"has-post-thumbnail","6":"product_cat-ultrasonic-weather-station","7":"product_cat-weather-station","8":"product_tag-ultrasonic-anemometer","9":"product_tag-wind-sensor","10":"desktop-align-left","11":"tablet-align-left","12":"mobile-align-left","14":"first","15":"instock","16":"shipping-taxable","17":"purchasable","18":"product-type-simple"},"jetpack_sharing_enabled":true,"_links":{"self":[{"href":"https:\/\/ecosentec.com\/es\/wp-json\/wp\/v2\/product\/4928","targetHints":{"allow":["GET"]}}],"collection":[{"href":"https:\/\/ecosentec.com\/es\/wp-json\/wp\/v2\/product"}],"about":[{"href":"https:\/\/ecosentec.com\/es\/wp-json\/wp\/v2\/types\/product"}],"version-history":[{"count":2,"href":"https:\/\/ecosentec.com\/es\/wp-json\/wp\/v2\/product\/4928\/revisions"}],"predecessor-version":[{"id":5831,"href":"https:\/\/ecosentec.com\/es\/wp-json\/wp\/v2\/product\/4928\/revisions\/5831"}],"wp:featuredmedia":[{"embeddable":true,"href":"https:\/\/ecosentec.com\/es\/wp-json\/wp\/v2\/media\/6001"}],"wp:attachment":[{"href":"https:\/\/ecosentec.com\/es\/wp-json\/wp\/v2\/media?parent=4928"}],"wp:term":[{"taxonomy":"product_brand","embeddable":true,"href":"https:\/\/ecosentec.com\/es\/wp-json\/wp\/v2\/product_brand?post=4928"},{"taxonomy":"product_cat","embeddable":true,"href":"https:\/\/ecosentec.com\/es\/wp-json\/wp\/v2\/product_cat?post=4928"},{"taxonomy":"product_tag","embeddable":true,"href":"https:\/\/ecosentec.com\/es\/wp-json\/wp\/v2\/product_tag?post=4928"}],"curies":[{"name":"wp","href":"https:\/\/api.w.org\/{rel}","templated":true}]}}