{"id":4927,"date":"2025-03-27T08:11:56","date_gmt":"2025-03-27T08:11:56","guid":{"rendered":"https:\/\/ecosentec.com\/?post_type=product&#038;p=4927"},"modified":"2025-07-08T07:43:25","modified_gmt":"2025-07-08T07:43:25","slug":"microestacion-meteorologica-automatica","status":"publish","type":"product","link":"https:\/\/ecosentec.com\/es\/producto\/microestacion-meteorologica-automatica\/","title":{"rendered":"Estaci\u00f3n meteorol\u00f3gica microautom\u00e1tica ES-W9000"},"content":{"rendered":"<p class=\"p1\">La microestaci\u00f3n meteorol\u00f3gica autom\u00e1tica ES-W9000 es una estaci\u00f3n meteorol\u00f3gica civil integrada, desarrollada independientemente por nuestra empresa, capaz de medir m\u00faltiples par\u00e1metros meteorol\u00f3gicos. Puede medir simult\u00e1neamente la temperatura atmosf\u00e9rica, la humedad atmosf\u00e9rica, la velocidad y la direcci\u00f3n del viento, la presi\u00f3n atmosf\u00e9rica, la precipitaci\u00f3n, la radiaci\u00f3n, la iluminancia, la radiaci\u00f3n UV, PM2.5 y PM10, entre otros elementos meteorol\u00f3gicos.<\/p>\n<p class=\"p1\">El ES-W9000 utiliza un chip de bajo consumo con un consumo de tan solo 1,7 W. Gracias a la adopci\u00f3n de nuevas tecnolog\u00edas y procesos, su estructura es m\u00e1s compacta. Tambi\u00e9n se puede seleccionar un minim\u00f3dulo de detecci\u00f3n de visibilidad, ideal para sistemas de control de ciudades inteligentes. La carcasa es de pl\u00e1stico ABS de ingenier\u00eda y, seg\u00fan las necesidades del usuario, todos los par\u00e1metros de prueba se pueden seleccionar y combinar a voluntad, con total personalizaci\u00f3n.<\/p>","protected":false},"excerpt":{"rendered":"<p>La microestaci\u00f3n meteorol\u00f3gica autom\u00e1tica ES-W9000 es una estaci\u00f3n meteorol\u00f3gica civil integrada, desarrollada independientemente por nuestra empresa, capaz de medir m\u00faltiples par\u00e1metros meteorol\u00f3gicos. Puede medir simult\u00e1neamente la temperatura atmosf\u00e9rica, la humedad atmosf\u00e9rica, la velocidad y la direcci\u00f3n del viento, la presi\u00f3n atmosf\u00e9rica, la precipitaci\u00f3n, la radiaci\u00f3n, la iluminancia, la radiaci\u00f3n UV, PM2.5 y PM10, entre otros elementos meteorol\u00f3gicos.<\/p>","protected":false},"featured_media":5994,"template":"","meta":{"om_disable_all_campaigns":false,"_monsterinsights_skip_tracking":false,"_monsterinsights_sitenote_active":false,"_monsterinsights_sitenote_note":"","_monsterinsights_sitenote_category":0,"site-sidebar-layout":"default","site-content-layout":"default","ast-site-content-layout":"default","site-content-style":"default","site-sidebar-style":"default","ast-global-header-display":"","ast-banner-title-visibility":"","ast-main-header-display":"","ast-hfb-above-header-display":"","ast-hfb-below-header-display":"","ast-hfb-mobile-header-display":"","site-post-title":"","ast-breadcrumbs-content":"","ast-featured-img":"","footer-sml-layout":"","ast-disable-related-posts":"","theme-transparent-header-meta":"default","adv-header-id-meta":"","stick-header-meta":"","header-above-stick-meta":"","header-main-stick-meta":"","header-below-stick-meta":"","astra-migrate-meta-layouts":"set","ast-page-background-enabled":"default","ast-page-background-meta":{"desktop":{"background-color":"","background-image":"","background-repeat":"repeat","background-position":"center center","background-size":"auto","background-attachment":"scroll","background-type":"","background-media":"","overlay-type":"","overlay-color":"","overlay-opacity":"","overlay-gradient":""},"tablet":{"background-color":"","background-image":"","background-repeat":"repeat","background-position":"center center","background-size":"auto","background-attachment":"scroll","background-type":"","background-media":"","overlay-type":"","overlay-color":"","overlay-opacity":"","overlay-gradient":""},"mobile":{"background-color":"","background-image":"","background-repeat":"repeat","background-position":"center center","background-size":"auto","background-attachment":"scroll","background-type":"","background-media":"","overlay-type":"","overlay-color":"","overlay-opacity":"","overlay-gradient":""}},"ast-content-background-meta":{"desktop":{"background-color":"var(--ast-global-color-5)","background-image":"","background-repeat":"repeat","background-position":"center center","background-size":"auto","background-attachment":"scroll","background-type":"","background-media":"","overlay-type":"","overlay-color":"","overlay-opacity":"","overlay-gradient":""},"tablet":{"background-color":"var(--ast-global-color-5)","background-image":"","background-repeat":"repeat","background-position":"center center","background-size":"auto","background-attachment":"scroll","background-type":"","background-media":"","overlay-type":"","overlay-color":"","overlay-opacity":"","overlay-gradient":""},"mobile":{"background-color":"var(--ast-global-color-5)","background-image":"","background-repeat":"repeat","background-position":"center center","background-size":"auto","background-attachment":"scroll","background-type":"","background-media":"","overlay-type":"","overlay-color":"","overlay-opacity":"","overlay-gradient":""}},"_joinchat":[]},"product_brand":[],"product_cat":[87,86],"product_tag":[301,293],"class_list":{"0":"post-4927","1":"product","2":"type-product","3":"status-publish","4":"has-post-thumbnail","6":"product_cat-ultrasonic-weather-station","7":"product_cat-weather-station","8":"product_tag-ambient-sensor","9":"product_tag-weather-station","10":"desktop-align-left","11":"tablet-align-left","12":"mobile-align-left","14":"first","15":"instock","16":"shipping-taxable","17":"purchasable","18":"product-type-simple"},"jetpack_sharing_enabled":true,"_links":{"self":[{"href":"https:\/\/ecosentec.com\/es\/wp-json\/wp\/v2\/product\/4927","targetHints":{"allow":["GET"]}}],"collection":[{"href":"https:\/\/ecosentec.com\/es\/wp-json\/wp\/v2\/product"}],"about":[{"href":"https:\/\/ecosentec.com\/es\/wp-json\/wp\/v2\/types\/product"}],"version-history":[{"count":2,"href":"https:\/\/ecosentec.com\/es\/wp-json\/wp\/v2\/product\/4927\/revisions"}],"predecessor-version":[{"id":5830,"href":"https:\/\/ecosentec.com\/es\/wp-json\/wp\/v2\/product\/4927\/revisions\/5830"}],"wp:featuredmedia":[{"embeddable":true,"href":"https:\/\/ecosentec.com\/es\/wp-json\/wp\/v2\/media\/5994"}],"wp:attachment":[{"href":"https:\/\/ecosentec.com\/es\/wp-json\/wp\/v2\/media?parent=4927"}],"wp:term":[{"taxonomy":"product_brand","embeddable":true,"href":"https:\/\/ecosentec.com\/es\/wp-json\/wp\/v2\/product_brand?post=4927"},{"taxonomy":"product_cat","embeddable":true,"href":"https:\/\/ecosentec.com\/es\/wp-json\/wp\/v2\/product_cat?post=4927"},{"taxonomy":"product_tag","embeddable":true,"href":"https:\/\/ecosentec.com\/es\/wp-json\/wp\/v2\/product_tag?post=4927"}],"curies":[{"name":"wp","href":"https:\/\/api.w.org\/{rel}","templated":true}]}}