{"id":4926,"date":"2025-03-27T08:11:56","date_gmt":"2025-03-27T08:11:56","guid":{"rendered":"https:\/\/ecosentec.com\/?post_type=product&#038;p=4926"},"modified":"2025-06-16T10:10:24","modified_gmt":"2025-06-16T10:10:24","slug":"estacion-meteorologica-ultrasonica-portatil-para-vehiculos","status":"publish","type":"product","link":"https:\/\/ecosentec.com\/es\/producto\/estacion-meteorologica-ultrasonica-portatil-para-vehiculos\/","title":{"rendered":"Estaci\u00f3n meteorol\u00f3gica ultras\u00f3nica port\u00e1til para veh\u00edculos ES-W8000"},"content":{"rendered":"<p class=\"p1\">La estaci\u00f3n meteorol\u00f3gica ultras\u00f3nica port\u00e1til para veh\u00edculos ES-W8000 es un sensor profesional para estaci\u00f3n meteorol\u00f3gica autom\u00e1tica, montado en el veh\u00edculo y desarrollado por nuestra empresa. Puede medir m\u00faltiples par\u00e1metros meteorol\u00f3gicos simult\u00e1neamente, como la temperatura, la humedad, la velocidad y la direcci\u00f3n del viento, la presi\u00f3n atmosf\u00e9rica, la precipitaci\u00f3n, el polvo y la visibilidad, y mostrar datos en tiempo real in situ. Se caracteriza por su alta integraci\u00f3n, alta precisi\u00f3n de detecci\u00f3n y r\u00e1pido tiempo de respuesta.<\/p>\n<p class=\"p1\">Cuatro imanes de alta resistencia (recubiertos de goma) est\u00e1n instalados en la parte inferior de la estaci\u00f3n meteorol\u00f3gica autom\u00e1tica para veh\u00edculos ES-W8000 para facilitar la adsorci\u00f3n en la parte superior del veh\u00edculo. La estaci\u00f3n meteorol\u00f3gica autom\u00e1tica est\u00e1 equipada con una bater\u00eda de litio recargable integrada y un m\u00f3dulo de transmisi\u00f3n de datos Bluetooth, que puede enviar los datos de detecci\u00f3n de la estaci\u00f3n meteorol\u00f3gica a la aplicaci\u00f3n del tel\u00e9fono m\u00f3vil en tiempo real o recibirlos a trav\u00e9s de una computadora port\u00e1til. El software de recepci\u00f3n de la estaci\u00f3n meteorol\u00f3gica a bordo muestra y almacena los datos enviados por la estaci\u00f3n meteorol\u00f3gica.<\/p>\n<p class=\"p1\">La estaci\u00f3n meteorol\u00f3gica autom\u00e1tica para veh\u00edculos ES-W8000 pesa tan solo 1,8 kg y cuenta con una caja de instrumentos espec\u00edfica, lo que la hace muy f\u00e1cil de transportar. Su uso es muy sencillo y c\u00f3modo.<\/p>","protected":false},"excerpt":{"rendered":"<p>La estaci\u00f3n meteorol\u00f3gica ultras\u00f3nica port\u00e1til para veh\u00edculos ES-W8000 es un sensor profesional para estaci\u00f3n meteorol\u00f3gica autom\u00e1tica, montado en el veh\u00edculo y desarrollado por nuestra empresa. Puede medir m\u00faltiples par\u00e1metros meteorol\u00f3gicos simult\u00e1neamente, como la temperatura, la humedad, la velocidad y la direcci\u00f3n del viento, la presi\u00f3n atmosf\u00e9rica, la precipitaci\u00f3n, el polvo y la visibilidad, y mostrar datos en tiempo real in situ. Se caracteriza por su alta integraci\u00f3n, alta precisi\u00f3n de detecci\u00f3n y r\u00e1pido tiempo de respuesta.<\/p>","protected":false},"featured_media":5992,"template":"","meta":{"om_disable_all_campaigns":false,"_monsterinsights_skip_tracking":false,"_monsterinsights_sitenote_active":false,"_monsterinsights_sitenote_note":"","_monsterinsights_sitenote_category":0,"site-sidebar-layout":"default","site-content-layout":"default","ast-site-content-layout":"default","site-content-style":"default","site-sidebar-style":"default","ast-global-header-display":"","ast-banner-title-visibility":"","ast-main-header-display":"","ast-hfb-above-header-display":"","ast-hfb-below-header-display":"","ast-hfb-mobile-header-display":"","site-post-title":"","ast-breadcrumbs-content":"","ast-featured-img":"","footer-sml-layout":"","ast-disable-related-posts":"","theme-transparent-header-meta":"default","adv-header-id-meta":"","stick-header-meta":"","header-above-stick-meta":"","header-main-stick-meta":"","header-below-stick-meta":"","astra-migrate-meta-layouts":"set","ast-page-background-enabled":"default","ast-page-background-meta":{"desktop":{"background-color":"","background-image":"","background-repeat":"repeat","background-position":"center center","background-size":"auto","background-attachment":"scroll","background-type":"","background-media":"","overlay-type":"","overlay-color":"","overlay-opacity":"","overlay-gradient":""},"tablet":{"background-color":"","background-image":"","background-repeat":"repeat","background-position":"center center","background-size":"auto","background-attachment":"scroll","background-type":"","background-media":"","overlay-type":"","overlay-color":"","overlay-opacity":"","overlay-gradient":""},"mobile":{"background-color":"","background-image":"","background-repeat":"repeat","background-position":"center center","background-size":"auto","background-attachment":"scroll","background-type":"","background-media":"","overlay-type":"","overlay-color":"","overlay-opacity":"","overlay-gradient":""}},"ast-content-background-meta":{"desktop":{"background-color":"var(--ast-global-color-5)","background-image":"","background-repeat":"repeat","background-position":"center center","background-size":"auto","background-attachment":"scroll","background-type":"","background-media":"","overlay-type":"","overlay-color":"","overlay-opacity":"","overlay-gradient":""},"tablet":{"background-color":"var(--ast-global-color-5)","background-image":"","background-repeat":"repeat","background-position":"center center","background-size":"auto","background-attachment":"scroll","background-type":"","background-media":"","overlay-type":"","overlay-color":"","overlay-opacity":"","overlay-gradient":""},"mobile":{"background-color":"var(--ast-global-color-5)","background-image":"","background-repeat":"repeat","background-position":"center center","background-size":"auto","background-attachment":"scroll","background-type":"","background-media":"","overlay-type":"","overlay-color":"","overlay-opacity":"","overlay-gradient":""}},"_joinchat":[]},"product_brand":[],"product_cat":[87,86],"product_tag":[293],"class_list":{"0":"post-4926","1":"product","2":"type-product","3":"status-publish","4":"has-post-thumbnail","6":"product_cat-ultrasonic-weather-station","7":"product_cat-weather-station","8":"product_tag-weather-station","9":"desktop-align-left","10":"tablet-align-left","11":"mobile-align-left","13":"first","14":"instock","15":"shipping-taxable","16":"purchasable","17":"product-type-simple"},"jetpack_sharing_enabled":true,"_links":{"self":[{"href":"https:\/\/ecosentec.com\/es\/wp-json\/wp\/v2\/product\/4926","targetHints":{"allow":["GET"]}}],"collection":[{"href":"https:\/\/ecosentec.com\/es\/wp-json\/wp\/v2\/product"}],"about":[{"href":"https:\/\/ecosentec.com\/es\/wp-json\/wp\/v2\/types\/product"}],"version-history":[{"count":2,"href":"https:\/\/ecosentec.com\/es\/wp-json\/wp\/v2\/product\/4926\/revisions"}],"predecessor-version":[{"id":5829,"href":"https:\/\/ecosentec.com\/es\/wp-json\/wp\/v2\/product\/4926\/revisions\/5829"}],"wp:featuredmedia":[{"embeddable":true,"href":"https:\/\/ecosentec.com\/es\/wp-json\/wp\/v2\/media\/5992"}],"wp:attachment":[{"href":"https:\/\/ecosentec.com\/es\/wp-json\/wp\/v2\/media?parent=4926"}],"wp:term":[{"taxonomy":"product_brand","embeddable":true,"href":"https:\/\/ecosentec.com\/es\/wp-json\/wp\/v2\/product_brand?post=4926"},{"taxonomy":"product_cat","embeddable":true,"href":"https:\/\/ecosentec.com\/es\/wp-json\/wp\/v2\/product_cat?post=4926"},{"taxonomy":"product_tag","embeddable":true,"href":"https:\/\/ecosentec.com\/es\/wp-json\/wp\/v2\/product_tag?post=4926"}],"curies":[{"name":"wp","href":"https:\/\/api.w.org\/{rel}","templated":true}]}}