{"id":4925,"date":"2025-03-27T08:11:55","date_gmt":"2025-03-27T08:11:55","guid":{"rendered":"https:\/\/ecosentec.com\/?post_type=product&#038;p=4925"},"modified":"2025-06-16T10:09:26","modified_gmt":"2025-06-16T10:09:26","slug":"estacion-meteorologica-ultrasonica-profesional","status":"publish","type":"product","link":"https:\/\/ecosentec.com\/es\/producto\/estacion-meteorologica-ultrasonica-profesional\/","title":{"rendered":"Estaci\u00f3n meteorol\u00f3gica ultras\u00f3nica profesional ES-W6000"},"content":{"rendered":"<p class=\"p1\">La estaci\u00f3n meteorol\u00f3gica ultras\u00f3nica profesional ES-W6000 es una estaci\u00f3n meteorol\u00f3gica civil integrada, desarrollada independientemente por nuestra empresa, que mide par\u00e1metros meteorol\u00f3gicos multielementos. Mide nueve par\u00e1metros ambientales principales, como la temperatura atmosf\u00e9rica, la humedad atmosf\u00e9rica, la velocidad y direcci\u00f3n del viento, la presi\u00f3n atmosf\u00e9rica, la pluviosidad, la iluminaci\u00f3n, la radiaci\u00f3n y la concentraci\u00f3n de polvo, entre otros. Se caracteriza por una alta integraci\u00f3n de todos sus m\u00f3dulos y un r\u00e1pido tiempo de respuesta. Tambi\u00e9n admite la instalaci\u00f3n de un m\u00f3dulo de posicionamiento global GPS y una br\u00fajula electr\u00f3nica. Estos m\u00f3dulos funcionales se pueden ensamblar libremente seg\u00fan las necesidades de cada usuario, adapt\u00e1ndose a las necesidades de cada cliente.<\/p>\n<p class=\"p1\">Se utiliza principalmente en ciudades inteligentes, monitoreo del entorno urbano, estaciones de monitoreo meteorol\u00f3gico autom\u00e1tico agr\u00edcola, estaciones meteorol\u00f3gicas de tr\u00e1fico autom\u00e1tico a lo largo de carreteras, estaciones de monitoreo meteorol\u00f3gico de campo, l\u00edneas de transmisi\u00f3n y transformaci\u00f3n de alto voltaje, control de torres, estaciones meteorol\u00f3gicas autom\u00e1ticas y otras industrias.<\/p>","protected":false},"excerpt":{"rendered":"<p>La estaci\u00f3n meteorol\u00f3gica ultras\u00f3nica profesional ES-W6000 es una estaci\u00f3n meteorol\u00f3gica civil integrada, desarrollada independientemente por nuestra empresa, capaz de medir par\u00e1metros meteorol\u00f3gicos multielementos. Adem\u00e1s, mide nueve par\u00e1metros ambientales principales, como la temperatura atmosf\u00e9rica, la humedad atmosf\u00e9rica, la velocidad y direcci\u00f3n del viento, la presi\u00f3n atmosf\u00e9rica, la pluviosidad, la iluminaci\u00f3n, la radiaci\u00f3n y la concentraci\u00f3n de polvo, entre otros. Se caracteriza por una alta integraci\u00f3n de todos sus m\u00f3dulos y un r\u00e1pido tiempo de respuesta.<\/p>","protected":false},"featured_media":6005,"template":"","meta":{"om_disable_all_campaigns":false,"_monsterinsights_skip_tracking":false,"_monsterinsights_sitenote_active":false,"_monsterinsights_sitenote_note":"","_monsterinsights_sitenote_category":0,"site-sidebar-layout":"default","site-content-layout":"default","ast-site-content-layout":"default","site-content-style":"default","site-sidebar-style":"default","ast-global-header-display":"","ast-banner-title-visibility":"","ast-main-header-display":"","ast-hfb-above-header-display":"","ast-hfb-below-header-display":"","ast-hfb-mobile-header-display":"","site-post-title":"","ast-breadcrumbs-content":"","ast-featured-img":"","footer-sml-layout":"","ast-disable-related-posts":"","theme-transparent-header-meta":"default","adv-header-id-meta":"","stick-header-meta":"","header-above-stick-meta":"","header-main-stick-meta":"","header-below-stick-meta":"","astra-migrate-meta-layouts":"set","ast-page-background-enabled":"default","ast-page-background-meta":{"desktop":{"background-color":"","background-image":"","background-repeat":"repeat","background-position":"center center","background-size":"auto","background-attachment":"scroll","background-type":"","background-media":"","overlay-type":"","overlay-color":"","overlay-opacity":"","overlay-gradient":""},"tablet":{"background-color":"","background-image":"","background-repeat":"repeat","background-position":"center center","background-size":"auto","background-attachment":"scroll","background-type":"","background-media":"","overlay-type":"","overlay-color":"","overlay-opacity":"","overlay-gradient":""},"mobile":{"background-color":"","background-image":"","background-repeat":"repeat","background-position":"center center","background-size":"auto","background-attachment":"scroll","background-type":"","background-media":"","overlay-type":"","overlay-color":"","overlay-opacity":"","overlay-gradient":""}},"ast-content-background-meta":{"desktop":{"background-color":"var(--ast-global-color-5)","background-image":"","background-repeat":"repeat","background-position":"center center","background-size":"auto","background-attachment":"scroll","background-type":"","background-media":"","overlay-type":"","overlay-color":"","overlay-opacity":"","overlay-gradient":""},"tablet":{"background-color":"var(--ast-global-color-5)","background-image":"","background-repeat":"repeat","background-position":"center center","background-size":"auto","background-attachment":"scroll","background-type":"","background-media":"","overlay-type":"","overlay-color":"","overlay-opacity":"","overlay-gradient":""},"mobile":{"background-color":"var(--ast-global-color-5)","background-image":"","background-repeat":"repeat","background-position":"center center","background-size":"auto","background-attachment":"scroll","background-type":"","background-media":"","overlay-type":"","overlay-color":"","overlay-opacity":"","overlay-gradient":""}},"_joinchat":[]},"product_brand":[],"product_cat":[87,86],"product_tag":[293],"class_list":{"0":"post-4925","1":"product","2":"type-product","3":"status-publish","4":"has-post-thumbnail","6":"product_cat-ultrasonic-weather-station","7":"product_cat-weather-station","8":"product_tag-weather-station","9":"desktop-align-left","10":"tablet-align-left","11":"mobile-align-left","13":"first","14":"instock","15":"shipping-taxable","16":"purchasable","17":"product-type-simple"},"jetpack_sharing_enabled":true,"_links":{"self":[{"href":"https:\/\/ecosentec.com\/es\/wp-json\/wp\/v2\/product\/4925","targetHints":{"allow":["GET"]}}],"collection":[{"href":"https:\/\/ecosentec.com\/es\/wp-json\/wp\/v2\/product"}],"about":[{"href":"https:\/\/ecosentec.com\/es\/wp-json\/wp\/v2\/types\/product"}],"version-history":[{"count":2,"href":"https:\/\/ecosentec.com\/es\/wp-json\/wp\/v2\/product\/4925\/revisions"}],"predecessor-version":[{"id":5825,"href":"https:\/\/ecosentec.com\/es\/wp-json\/wp\/v2\/product\/4925\/revisions\/5825"}],"wp:featuredmedia":[{"embeddable":true,"href":"https:\/\/ecosentec.com\/es\/wp-json\/wp\/v2\/media\/6005"}],"wp:attachment":[{"href":"https:\/\/ecosentec.com\/es\/wp-json\/wp\/v2\/media?parent=4925"}],"wp:term":[{"taxonomy":"product_brand","embeddable":true,"href":"https:\/\/ecosentec.com\/es\/wp-json\/wp\/v2\/product_brand?post=4925"},{"taxonomy":"product_cat","embeddable":true,"href":"https:\/\/ecosentec.com\/es\/wp-json\/wp\/v2\/product_cat?post=4925"},{"taxonomy":"product_tag","embeddable":true,"href":"https:\/\/ecosentec.com\/es\/wp-json\/wp\/v2\/product_tag?post=4925"}],"curies":[{"name":"wp","href":"https:\/\/api.w.org\/{rel}","templated":true}]}}