{"id":4924,"date":"2025-03-27T08:11:55","date_gmt":"2025-03-27T08:11:55","guid":{"rendered":"https:\/\/ecosentec.com\/?post_type=product&#038;p=4924"},"modified":"2025-07-02T08:16:52","modified_gmt":"2025-07-02T08:16:52","slug":"estacion-meteorologica-ultrasonica-pluviometro-de-cubeta-basculante","status":"publish","type":"product","link":"https:\/\/ecosentec.com\/es\/producto\/estacion-meteorologica-ultrasonica-pluviometro-de-cubeta-basculante\/","title":{"rendered":"Estaci\u00f3n meteorol\u00f3gica ultras\u00f3nica con pluvi\u00f3metro de cubeta basculante ES-W5000Z"},"content":{"rendered":"<p class=\"p1\">ES-W5000Z realiza de manera innovadora los seis par\u00e1metros meteorol\u00f3gicos est\u00e1ndar (T, RH, P, WD, WDIR, Rianfall) a trav\u00e9s de una estructura altamente integrada, que puede realizar el monitoreo en l\u00ednea continuo las 24 horas de los par\u00e1metros meteorol\u00f3gicos al aire libre y enviar los seis par\u00e1metros al usuario a la vez a trav\u00e9s de la interfaz de comunicaci\u00f3n digital. Adem\u00e1s, se puede expandir para aumentar otros par\u00e1metros meteorol\u00f3gicos y ambientales (seis par\u00e1metros AQI: CO, NO2, SO2, O3, PM2.5, PM10).<\/p>\n<p class=\"p2\">Se pueden usar ampliamente en monitoreo ambiental urbano, generaci\u00f3n de energ\u00eda e\u00f3lica, monitoreo meteorol\u00f3gico, puentes, t\u00faneles, barcos, aeropuertos de aviaci\u00f3n, meteorolog\u00eda agr\u00edcola, meteorolog\u00eda de conservaci\u00f3n de agua, entorno energ\u00e9tico, monitoreo meteorol\u00f3gico de carreteras y otros campos. No se requiere mantenimiento ni calibraci\u00f3n en el sitio.<\/p>","protected":false},"excerpt":{"rendered":"<p class=\"p1\">ES-W5000Z realiza de manera innovadora los seis par\u00e1metros meteorol\u00f3gicos est\u00e1ndar (T, RH, P, WD, WDIR, Rianfall) a trav\u00e9s de una estructura altamente integrada, que puede realizar el monitoreo en l\u00ednea continuo de los par\u00e1metros meteorol\u00f3gicos exteriores las 24 horas y enviar los seis par\u00e1metros al usuario a la vez a trav\u00e9s de la interfaz de comunicaci\u00f3n digital. Adem\u00e1s, se puede expandir para aumentar otros par\u00e1metros meteorol\u00f3gicos y ambientales.<\/p>","protected":false},"featured_media":4981,"template":"","meta":{"om_disable_all_campaigns":false,"_monsterinsights_skip_tracking":false,"_monsterinsights_sitenote_active":false,"_monsterinsights_sitenote_note":"","_monsterinsights_sitenote_category":0,"site-sidebar-layout":"default","site-content-layout":"default","ast-site-content-layout":"default","site-content-style":"default","site-sidebar-style":"default","ast-global-header-display":"","ast-banner-title-visibility":"","ast-main-header-display":"","ast-hfb-above-header-display":"","ast-hfb-below-header-display":"","ast-hfb-mobile-header-display":"","site-post-title":"","ast-breadcrumbs-content":"","ast-featured-img":"","footer-sml-layout":"","ast-disable-related-posts":"","theme-transparent-header-meta":"default","adv-header-id-meta":"","stick-header-meta":"","header-above-stick-meta":"","header-main-stick-meta":"","header-below-stick-meta":"","astra-migrate-meta-layouts":"set","ast-page-background-enabled":"default","ast-page-background-meta":{"desktop":{"background-color":"","background-image":"","background-repeat":"repeat","background-position":"center center","background-size":"auto","background-attachment":"scroll","background-type":"","background-media":"","overlay-type":"","overlay-color":"","overlay-opacity":"","overlay-gradient":""},"tablet":{"background-color":"","background-image":"","background-repeat":"repeat","background-position":"center center","background-size":"auto","background-attachment":"scroll","background-type":"","background-media":"","overlay-type":"","overlay-color":"","overlay-opacity":"","overlay-gradient":""},"mobile":{"background-color":"","background-image":"","background-repeat":"repeat","background-position":"center center","background-size":"auto","background-attachment":"scroll","background-type":"","background-media":"","overlay-type":"","overlay-color":"","overlay-opacity":"","overlay-gradient":""}},"ast-content-background-meta":{"desktop":{"background-color":"var(--ast-global-color-5)","background-image":"","background-repeat":"repeat","background-position":"center center","background-size":"auto","background-attachment":"scroll","background-type":"","background-media":"","overlay-type":"","overlay-color":"","overlay-opacity":"","overlay-gradient":""},"tablet":{"background-color":"var(--ast-global-color-5)","background-image":"","background-repeat":"repeat","background-position":"center center","background-size":"auto","background-attachment":"scroll","background-type":"","background-media":"","overlay-type":"","overlay-color":"","overlay-opacity":"","overlay-gradient":""},"mobile":{"background-color":"var(--ast-global-color-5)","background-image":"","background-repeat":"repeat","background-position":"center center","background-size":"auto","background-attachment":"scroll","background-type":"","background-media":"","overlay-type":"","overlay-color":"","overlay-opacity":"","overlay-gradient":""}},"_joinchat":[]},"product_brand":[],"product_cat":[87,86],"product_tag":[299,300],"class_list":{"0":"post-4924","1":"product","2":"type-product","3":"status-publish","4":"has-post-thumbnail","6":"product_cat-ultrasonic-weather-station","7":"product_cat-weather-station","8":"product_tag-ultrasonic-anemometer","9":"product_tag-wind-sensor","10":"desktop-align-left","11":"tablet-align-left","12":"mobile-align-left","14":"first","15":"instock","16":"shipping-taxable","17":"purchasable","18":"product-type-simple"},"jetpack_sharing_enabled":true,"_links":{"self":[{"href":"https:\/\/ecosentec.com\/es\/wp-json\/wp\/v2\/product\/4924","targetHints":{"allow":["GET"]}}],"collection":[{"href":"https:\/\/ecosentec.com\/es\/wp-json\/wp\/v2\/product"}],"about":[{"href":"https:\/\/ecosentec.com\/es\/wp-json\/wp\/v2\/types\/product"}],"version-history":[{"count":3,"href":"https:\/\/ecosentec.com\/es\/wp-json\/wp\/v2\/product\/4924\/revisions"}],"predecessor-version":[{"id":5860,"href":"https:\/\/ecosentec.com\/es\/wp-json\/wp\/v2\/product\/4924\/revisions\/5860"}],"wp:featuredmedia":[{"embeddable":true,"href":"https:\/\/ecosentec.com\/es\/wp-json\/wp\/v2\/media\/4981"}],"wp:attachment":[{"href":"https:\/\/ecosentec.com\/es\/wp-json\/wp\/v2\/media?parent=4924"}],"wp:term":[{"taxonomy":"product_brand","embeddable":true,"href":"https:\/\/ecosentec.com\/es\/wp-json\/wp\/v2\/product_brand?post=4924"},{"taxonomy":"product_cat","embeddable":true,"href":"https:\/\/ecosentec.com\/es\/wp-json\/wp\/v2\/product_cat?post=4924"},{"taxonomy":"product_tag","embeddable":true,"href":"https:\/\/ecosentec.com\/es\/wp-json\/wp\/v2\/product_tag?post=4924"}],"curies":[{"name":"wp","href":"https:\/\/api.w.org\/{rel}","templated":true}]}}