{"id":4922,"date":"2025-03-27T08:11:54","date_gmt":"2025-03-27T08:11:54","guid":{"rendered":"https:\/\/ecosentec.com\/?post_type=product&#038;p=4922"},"modified":"2025-06-16T10:10:51","modified_gmt":"2025-06-16T10:10:51","slug":"estacion-meteorologica-portatil","status":"publish","type":"product","link":"https:\/\/ecosentec.com\/es\/producto\/estacion-meteorologica-portatil\/","title":{"rendered":"Estaci\u00f3n meteorol\u00f3gica port\u00e1til de mano ES-W4000"},"content":{"rendered":"<p class=\"p1\">Micro estaci\u00f3n meteorol\u00f3gica port\u00e1til ES-W4000 compuesta por varios sensores para medir la velocidad y direcci\u00f3n del viento bas\u00e1ndose en la diferencia de tiempo de viaje de las ondas de sonido ultras\u00f3nicas en el aire, tiene sensores opcionales de temperatura, humedad y presi\u00f3n de aire, y m\u00f3dulos agregados como mango, fuente de alimentaci\u00f3n, pantalla, m\u00f3dulo de transmisi\u00f3n inal\u00e1mbrica de datos y software.<\/p>\n<p class=\"p1\">Teniendo en cuenta los requisitos de funcionamiento y el entorno de la estaci\u00f3n meteorol\u00f3gica port\u00e1til, hemos desarrollado dise\u00f1os especiales, como la incorporaci\u00f3n de una pantalla para facilitar la lectura directa de los datos por parte de los observadores in situ y su almacenamiento en el chip interno, que permite almacenar hasta 365 d\u00edas de datos de detecci\u00f3n. El software de la aplicaci\u00f3n espec\u00edfica utiliza Bluetooth para transmitir datos y los recibe en tiempo real en el tel\u00e9fono m\u00f3vil. Al mismo tiempo, los datos se suben y se guardan en el servidor en la nube a trav\u00e9s del Internet de las Cosas, para que el usuario pueda consultarlos en cualquier momento.<\/p>\n<p class=\"p1\">El mango especialmente dise\u00f1ado (fabricado \u00edntegramente en aleaci\u00f3n de aluminio) es ligero y f\u00e1cil de sostener con una sola mano. Es especialmente adecuado para inspecciones de campo.<\/p>","protected":false},"excerpt":{"rendered":"<p>Micro estaci\u00f3n meteorol\u00f3gica port\u00e1til ES-W4000 compuesta por varios sensores para medir la velocidad y direcci\u00f3n del viento bas\u00e1ndose en la diferencia de tiempo de viaje de las ondas de sonido ultras\u00f3nicas en el aire, tiene sensores opcionales de temperatura, humedad y presi\u00f3n de aire, y m\u00f3dulos agregados como mango, fuente de alimentaci\u00f3n, pantalla, m\u00f3dulo de transmisi\u00f3n inal\u00e1mbrica de datos y software.<\/p>","protected":false},"featured_media":5822,"template":"","meta":{"om_disable_all_campaigns":false,"_monsterinsights_skip_tracking":false,"_monsterinsights_sitenote_active":false,"_monsterinsights_sitenote_note":"","_monsterinsights_sitenote_category":0,"site-sidebar-layout":"default","site-content-layout":"default","ast-site-content-layout":"default","site-content-style":"default","site-sidebar-style":"default","ast-global-header-display":"","ast-banner-title-visibility":"","ast-main-header-display":"","ast-hfb-above-header-display":"","ast-hfb-below-header-display":"","ast-hfb-mobile-header-display":"","site-post-title":"","ast-breadcrumbs-content":"","ast-featured-img":"","footer-sml-layout":"","ast-disable-related-posts":"","theme-transparent-header-meta":"default","adv-header-id-meta":"","stick-header-meta":"","header-above-stick-meta":"","header-main-stick-meta":"","header-below-stick-meta":"","astra-migrate-meta-layouts":"set","ast-page-background-enabled":"default","ast-page-background-meta":{"desktop":{"background-color":"","background-image":"","background-repeat":"repeat","background-position":"center center","background-size":"auto","background-attachment":"scroll","background-type":"","background-media":"","overlay-type":"","overlay-color":"","overlay-opacity":"","overlay-gradient":""},"tablet":{"background-color":"","background-image":"","background-repeat":"repeat","background-position":"center center","background-size":"auto","background-attachment":"scroll","background-type":"","background-media":"","overlay-type":"","overlay-color":"","overlay-opacity":"","overlay-gradient":""},"mobile":{"background-color":"","background-image":"","background-repeat":"repeat","background-position":"center center","background-size":"auto","background-attachment":"scroll","background-type":"","background-media":"","overlay-type":"","overlay-color":"","overlay-opacity":"","overlay-gradient":""}},"ast-content-background-meta":{"desktop":{"background-color":"var(--ast-global-color-5)","background-image":"","background-repeat":"repeat","background-position":"center center","background-size":"auto","background-attachment":"scroll","background-type":"","background-media":"","overlay-type":"","overlay-color":"","overlay-opacity":"","overlay-gradient":""},"tablet":{"background-color":"var(--ast-global-color-5)","background-image":"","background-repeat":"repeat","background-position":"center center","background-size":"auto","background-attachment":"scroll","background-type":"","background-media":"","overlay-type":"","overlay-color":"","overlay-opacity":"","overlay-gradient":""},"mobile":{"background-color":"var(--ast-global-color-5)","background-image":"","background-repeat":"repeat","background-position":"center center","background-size":"auto","background-attachment":"scroll","background-type":"","background-media":"","overlay-type":"","overlay-color":"","overlay-opacity":"","overlay-gradient":""}},"_joinchat":[]},"product_brand":[],"product_cat":[87,86],"product_tag":[293],"class_list":{"0":"post-4922","1":"product","2":"type-product","3":"status-publish","4":"has-post-thumbnail","6":"product_cat-ultrasonic-weather-station","7":"product_cat-weather-station","8":"product_tag-weather-station","9":"desktop-align-left","10":"tablet-align-left","11":"mobile-align-left","13":"first","14":"instock","15":"shipping-taxable","16":"purchasable","17":"product-type-simple"},"jetpack_sharing_enabled":true,"_links":{"self":[{"href":"https:\/\/ecosentec.com\/es\/wp-json\/wp\/v2\/product\/4922","targetHints":{"allow":["GET"]}}],"collection":[{"href":"https:\/\/ecosentec.com\/es\/wp-json\/wp\/v2\/product"}],"about":[{"href":"https:\/\/ecosentec.com\/es\/wp-json\/wp\/v2\/types\/product"}],"version-history":[{"count":2,"href":"https:\/\/ecosentec.com\/es\/wp-json\/wp\/v2\/product\/4922\/revisions"}],"predecessor-version":[{"id":5824,"href":"https:\/\/ecosentec.com\/es\/wp-json\/wp\/v2\/product\/4922\/revisions\/5824"}],"wp:featuredmedia":[{"embeddable":true,"href":"https:\/\/ecosentec.com\/es\/wp-json\/wp\/v2\/media\/5822"}],"wp:attachment":[{"href":"https:\/\/ecosentec.com\/es\/wp-json\/wp\/v2\/media?parent=4922"}],"wp:term":[{"taxonomy":"product_brand","embeddable":true,"href":"https:\/\/ecosentec.com\/es\/wp-json\/wp\/v2\/product_brand?post=4922"},{"taxonomy":"product_cat","embeddable":true,"href":"https:\/\/ecosentec.com\/es\/wp-json\/wp\/v2\/product_cat?post=4922"},{"taxonomy":"product_tag","embeddable":true,"href":"https:\/\/ecosentec.com\/es\/wp-json\/wp\/v2\/product_tag?post=4922"}],"curies":[{"name":"wp","href":"https:\/\/api.w.org\/{rel}","templated":true}]}}