{"id":4891,"date":"2025-03-27T08:11:01","date_gmt":"2025-03-27T08:11:01","guid":{"rendered":"https:\/\/ecosentec.com\/?post_type=product&#038;p=4891"},"modified":"2025-04-02T07:44:04","modified_gmt":"2025-04-02T07:44:04","slug":"estacion-meteorologica-ultrasonica-de-bajo-costo","status":"publish","type":"product","link":"https:\/\/ecosentec.com\/es\/producto\/estacion-meteorologica-ultrasonica-de-bajo-costo\/","title":{"rendered":"ES-W1002 Estaci\u00f3n meteorol\u00f3gica ultras\u00f3nica de bajo coste"},"content":{"rendered":"<p class=\"p1\">La estaci\u00f3n meteorol\u00f3gica integrada ES-W1002 se utiliza ampliamente en la detecci\u00f3n ambiental, integrando la velocidad y direcci\u00f3n del viento, la temperatura y la humedad, la recolecci\u00f3n de ruido, PM2.5 y PM10, el CO2, la presi\u00f3n atmosf\u00e9rica y la luz. El equipo utiliza el protocolo de comunicaci\u00f3n ModBus-RTU est\u00e1ndar y una salida de se\u00f1al RS485. La distancia de comunicaci\u00f3n puede alcanzar hasta 2000 metros. Los datos se pueden cargar al software de monitoreo del cliente o a la pantalla de configuraci\u00f3n del PLC mediante comunicaci\u00f3n 485, y tambi\u00e9n admite desarrollo secundario.<\/p>\n<p class=\"p1\">El equipo con selecci\u00f3n de br\u00fajula electr\u00f3nica integrada ya no requiere orientaci\u00f3n durante la instalaci\u00f3n, solo es necesario asegurar la instalaci\u00f3n horizontal. Es apto para su uso en situaciones m\u00f3viles, como embarcaciones y transporte por carretera, y no requiere orientaci\u00f3n durante la instalaci\u00f3n.<\/p>\n<p class=\"p1\">Es ampliamente utilizado en diversas ocasiones donde es necesario medir la temperatura y la humedad ambiental, el ruido, la calidad del aire, el CO2, la presi\u00f3n atmosf\u00e9rica, la luz, etc. Es seguro y confiable, f\u00e1cil de instalar y duradero.<\/p>","protected":false},"excerpt":{"rendered":"<p>La estaci\u00f3n meteorol\u00f3gica integrada ES-W1002 se utiliza ampliamente en la detecci\u00f3n ambiental, integrando la velocidad y direcci\u00f3n del viento, la temperatura y la humedad, la recolecci\u00f3n de ruido, PM2.5 y PM10, el CO2, la presi\u00f3n atmosf\u00e9rica y la luz. El equipo utiliza el protocolo de comunicaci\u00f3n ModBus-RTU est\u00e1ndar y salida de se\u00f1al RS485.<\/p>","protected":false},"featured_media":5816,"template":"","meta":{"om_disable_all_campaigns":false,"_monsterinsights_skip_tracking":false,"_monsterinsights_sitenote_active":false,"_monsterinsights_sitenote_note":"","_monsterinsights_sitenote_category":0,"site-sidebar-layout":"default","site-content-layout":"default","ast-site-content-layout":"default","site-content-style":"default","site-sidebar-style":"default","ast-global-header-display":"","ast-banner-title-visibility":"","ast-main-header-display":"","ast-hfb-above-header-display":"","ast-hfb-below-header-display":"","ast-hfb-mobile-header-display":"","site-post-title":"","ast-breadcrumbs-content":"","ast-featured-img":"","footer-sml-layout":"","ast-disable-related-posts":"","theme-transparent-header-meta":"default","adv-header-id-meta":"","stick-header-meta":"","header-above-stick-meta":"","header-main-stick-meta":"","header-below-stick-meta":"","astra-migrate-meta-layouts":"set","ast-page-background-enabled":"default","ast-page-background-meta":{"desktop":{"background-color":"","background-image":"","background-repeat":"repeat","background-position":"center center","background-size":"auto","background-attachment":"scroll","background-type":"","background-media":"","overlay-type":"","overlay-color":"","overlay-opacity":"","overlay-gradient":""},"tablet":{"background-color":"","background-image":"","background-repeat":"repeat","background-position":"center center","background-size":"auto","background-attachment":"scroll","background-type":"","background-media":"","overlay-type":"","overlay-color":"","overlay-opacity":"","overlay-gradient":""},"mobile":{"background-color":"","background-image":"","background-repeat":"repeat","background-position":"center center","background-size":"auto","background-attachment":"scroll","background-type":"","background-media":"","overlay-type":"","overlay-color":"","overlay-opacity":"","overlay-gradient":""}},"ast-content-background-meta":{"desktop":{"background-color":"var(--ast-global-color-5)","background-image":"","background-repeat":"repeat","background-position":"center center","background-size":"auto","background-attachment":"scroll","background-type":"","background-media":"","overlay-type":"","overlay-color":"","overlay-opacity":"","overlay-gradient":""},"tablet":{"background-color":"var(--ast-global-color-5)","background-image":"","background-repeat":"repeat","background-position":"center center","background-size":"auto","background-attachment":"scroll","background-type":"","background-media":"","overlay-type":"","overlay-color":"","overlay-opacity":"","overlay-gradient":""},"mobile":{"background-color":"var(--ast-global-color-5)","background-image":"","background-repeat":"repeat","background-position":"center center","background-size":"auto","background-attachment":"scroll","background-type":"","background-media":"","overlay-type":"","overlay-color":"","overlay-opacity":"","overlay-gradient":""}},"_joinchat":[]},"product_brand":[],"product_cat":[87,86],"product_tag":[],"class_list":{"0":"post-4891","1":"product","2":"type-product","3":"status-publish","4":"has-post-thumbnail","6":"product_cat-ultrasonic-weather-station","7":"product_cat-weather-station","8":"desktop-align-left","9":"tablet-align-left","10":"mobile-align-left","12":"first","13":"instock","14":"shipping-taxable","15":"purchasable","16":"product-type-simple"},"jetpack_sharing_enabled":true,"_links":{"self":[{"href":"https:\/\/ecosentec.com\/es\/wp-json\/wp\/v2\/product\/4891","targetHints":{"allow":["GET"]}}],"collection":[{"href":"https:\/\/ecosentec.com\/es\/wp-json\/wp\/v2\/product"}],"about":[{"href":"https:\/\/ecosentec.com\/es\/wp-json\/wp\/v2\/types\/product"}],"version-history":[{"count":2,"href":"https:\/\/ecosentec.com\/es\/wp-json\/wp\/v2\/product\/4891\/revisions"}],"predecessor-version":[{"id":5819,"href":"https:\/\/ecosentec.com\/es\/wp-json\/wp\/v2\/product\/4891\/revisions\/5819"}],"wp:featuredmedia":[{"embeddable":true,"href":"https:\/\/ecosentec.com\/es\/wp-json\/wp\/v2\/media\/5816"}],"wp:attachment":[{"href":"https:\/\/ecosentec.com\/es\/wp-json\/wp\/v2\/media?parent=4891"}],"wp:term":[{"taxonomy":"product_brand","embeddable":true,"href":"https:\/\/ecosentec.com\/es\/wp-json\/wp\/v2\/product_brand?post=4891"},{"taxonomy":"product_cat","embeddable":true,"href":"https:\/\/ecosentec.com\/es\/wp-json\/wp\/v2\/product_cat?post=4891"},{"taxonomy":"product_tag","embeddable":true,"href":"https:\/\/ecosentec.com\/es\/wp-json\/wp\/v2\/product_tag?post=4891"}],"curies":[{"name":"wp","href":"https:\/\/api.w.org\/{rel}","templated":true}]}}