{"id":4887,"date":"2025-03-27T08:11:00","date_gmt":"2025-03-27T08:11:00","guid":{"rendered":"https:\/\/ecosentec.com\/?post_type=product&#038;p=4887"},"modified":"2025-06-26T09:32:42","modified_gmt":"2025-06-26T09:32:42","slug":"sensor-de-gas-a-prueba-de-explosiones","status":"publish","type":"product","link":"https:\/\/ecosentec.com\/es\/producto\/sensor-de-gas-a-prueba-de-explosiones\/","title":{"rendered":"Sensor de gas a prueba de explosiones ES-G328"},"content":{"rendered":"<p class=\"p1\">El sensor de gas antideflagrante ES-G328 detecta la concentraci\u00f3n de gas en el aire. Cuando la concentraci\u00f3n supera el valor de alarma preestablecido, emite una se\u00f1al sonora y visual para recordar a los usuarios que deben tomar medidas de seguridad a tiempo para prevenir explosiones e intoxicaciones, protegiendo as\u00ed la vida y la propiedad. El transmisor utiliza sensores electroqu\u00edmicos importados de primera l\u00ednea, con respuesta r\u00e1pida y una s\u00f3lida capacidad antiinterferente. Gracias al exclusivo algoritmo de compensaci\u00f3n de nuestra empresa y a la calibraci\u00f3n multietapa de gas est\u00e1ndar, tambi\u00e9n ofrece larga vida \u00fatil, alta precisi\u00f3n, alta repetibilidad y alta estabilidad. Con una gran pantalla LCD, grado de protecci\u00f3n IP65 y certificaci\u00f3n antideflagrante Ex d IIC T6 Gb, es ideal para entornos exteriores hostiles.<\/p>","protected":false},"excerpt":{"rendered":"<p>El sensor de gas a prueba de explosiones ES-G328 detecta la concentraci\u00f3n de gas en el aire. Cuando la concentraci\u00f3n supera el valor de alarma preestablecido, emite una se\u00f1al sonora y visual para recordar a los usuarios que deben tomar medidas de seguridad a tiempo para prevenir explosiones e intoxicaciones, protegiendo as\u00ed la vida y la propiedad.<\/p>","protected":false},"featured_media":6090,"template":"","meta":{"om_disable_all_campaigns":false,"_monsterinsights_skip_tracking":false,"_monsterinsights_sitenote_active":false,"_monsterinsights_sitenote_note":"","_monsterinsights_sitenote_category":0,"site-sidebar-layout":"default","site-content-layout":"default","ast-site-content-layout":"default","site-content-style":"default","site-sidebar-style":"default","ast-global-header-display":"","ast-banner-title-visibility":"","ast-main-header-display":"","ast-hfb-above-header-display":"","ast-hfb-below-header-display":"","ast-hfb-mobile-header-display":"","site-post-title":"","ast-breadcrumbs-content":"","ast-featured-img":"","footer-sml-layout":"","ast-disable-related-posts":"","theme-transparent-header-meta":"default","adv-header-id-meta":"","stick-header-meta":"","header-above-stick-meta":"","header-main-stick-meta":"","header-below-stick-meta":"","astra-migrate-meta-layouts":"set","ast-page-background-enabled":"default","ast-page-background-meta":{"desktop":{"background-color":"","background-image":"","background-repeat":"repeat","background-position":"center center","background-size":"auto","background-attachment":"scroll","background-type":"","background-media":"","overlay-type":"","overlay-color":"","overlay-opacity":"","overlay-gradient":""},"tablet":{"background-color":"","background-image":"","background-repeat":"repeat","background-position":"center center","background-size":"auto","background-attachment":"scroll","background-type":"","background-media":"","overlay-type":"","overlay-color":"","overlay-opacity":"","overlay-gradient":""},"mobile":{"background-color":"","background-image":"","background-repeat":"repeat","background-position":"center center","background-size":"auto","background-attachment":"scroll","background-type":"","background-media":"","overlay-type":"","overlay-color":"","overlay-opacity":"","overlay-gradient":""}},"ast-content-background-meta":{"desktop":{"background-color":"var(--ast-global-color-5)","background-image":"","background-repeat":"repeat","background-position":"center center","background-size":"auto","background-attachment":"scroll","background-type":"","background-media":"","overlay-type":"","overlay-color":"","overlay-opacity":"","overlay-gradient":""},"tablet":{"background-color":"var(--ast-global-color-5)","background-image":"","background-repeat":"repeat","background-position":"center center","background-size":"auto","background-attachment":"scroll","background-type":"","background-media":"","overlay-type":"","overlay-color":"","overlay-opacity":"","overlay-gradient":""},"mobile":{"background-color":"var(--ast-global-color-5)","background-image":"","background-repeat":"repeat","background-position":"center center","background-size":"auto","background-attachment":"scroll","background-type":"","background-media":"","overlay-type":"","overlay-color":"","overlay-opacity":"","overlay-gradient":""}},"_joinchat":[]},"product_brand":[],"product_cat":[89,93],"product_tag":[298],"class_list":{"0":"post-4887","1":"product","2":"type-product","3":"status-publish","4":"has-post-thumbnail","6":"product_cat-ambient-sensor","7":"product_cat-gas-concentration-sensor","8":"product_tag-gas-detector","9":"desktop-align-left","10":"tablet-align-left","11":"mobile-align-left","13":"first","14":"instock","15":"shipping-taxable","16":"purchasable","17":"product-type-simple"},"jetpack_sharing_enabled":true,"_links":{"self":[{"href":"https:\/\/ecosentec.com\/es\/wp-json\/wp\/v2\/product\/4887","targetHints":{"allow":["GET"]}}],"collection":[{"href":"https:\/\/ecosentec.com\/es\/wp-json\/wp\/v2\/product"}],"about":[{"href":"https:\/\/ecosentec.com\/es\/wp-json\/wp\/v2\/types\/product"}],"version-history":[{"count":2,"href":"https:\/\/ecosentec.com\/es\/wp-json\/wp\/v2\/product\/4887\/revisions"}],"predecessor-version":[{"id":6091,"href":"https:\/\/ecosentec.com\/es\/wp-json\/wp\/v2\/product\/4887\/revisions\/6091"}],"wp:featuredmedia":[{"embeddable":true,"href":"https:\/\/ecosentec.com\/es\/wp-json\/wp\/v2\/media\/6090"}],"wp:attachment":[{"href":"https:\/\/ecosentec.com\/es\/wp-json\/wp\/v2\/media?parent=4887"}],"wp:term":[{"taxonomy":"product_brand","embeddable":true,"href":"https:\/\/ecosentec.com\/es\/wp-json\/wp\/v2\/product_brand?post=4887"},{"taxonomy":"product_cat","embeddable":true,"href":"https:\/\/ecosentec.com\/es\/wp-json\/wp\/v2\/product_cat?post=4887"},{"taxonomy":"product_tag","embeddable":true,"href":"https:\/\/ecosentec.com\/es\/wp-json\/wp\/v2\/product_tag?post=4887"}],"curies":[{"name":"wp","href":"https:\/\/api.w.org\/{rel}","templated":true}]}}