{"id":4836,"date":"2025-03-27T08:10:01","date_gmt":"2025-03-27T08:10:01","guid":{"rendered":"https:\/\/ecosentec.com\/?post_type=product&#038;p=4836"},"modified":"2025-06-26T09:33:30","modified_gmt":"2025-06-26T09:33:30","slug":"sensor-de-gas-montado-en-la-pared","status":"publish","type":"product","link":"https:\/\/ecosentec.com\/es\/producto\/sensor-de-gas-montado-en-la-pared\/","title":{"rendered":"ES-GXXX Sensor de gas de montaje en pared CO2, NH3, H2, CO, H2S, CH4, NO2, SO2, O3, O2, PH3, TVOC, CH2O"},"content":{"rendered":"<p class=\"p1\">Los sensores de gas de la serie ES-GXXX incluyen sensor de mon\u00f3xido de carbono, sensor de di\u00f3xido de carbono, sensor de di\u00f3xido de carbono inal\u00e1mbrico, sensor de di\u00f3xido de carbono de pared industrial, sensor de ox\u00edgeno, sensor de ozono, sensor de hexafluoruro de azufre, sensor de sulfuro de hidr\u00f3geno, sensor de amon\u00edaco, sensor de di\u00f3xido de azufre, sensor de di\u00f3xido de nitr\u00f3geno, sensor de TVOC, sensor de fosfina, sensor de hidr\u00f3geno, sensor de metano, sensor de formaldeh\u00eddo, etc.<\/p>\n<p class=\"p1\">Los transmisores de gas de la serie ES-GXXX utilizan sensores importados que se caracterizan por su r\u00e1pida respuesta y una alta capacidad antiinterferente. Ofrecen alta precisi\u00f3n, repetibilidad y estabilidad. El equipo cuenta con una carcasa impermeable y se instala en la pared. Incorpora una pantalla OLED de alta calidad que permite visualizar el valor directamente en el sitio. Su circuito antiinterferente soporta diversas interferencias electromagn\u00e9ticas fuertes, como las de los convertidores de frecuencia in situ.<\/p>\n<p class=\"p1\">Admiten m\u00faltiples salidas de se\u00f1al como RS485 y anal\u00f3gica (4~20 mA\/0~10 V\/0~5 V).<\/p>","protected":false},"excerpt":{"rendered":"<p>Los sensores de gas de la serie ES-GXXX incluyen sensor de mon\u00f3xido de carbono, sensor de di\u00f3xido de carbono, sensor de di\u00f3xido de carbono inal\u00e1mbrico, sensor de di\u00f3xido de carbono de pared industrial, sensor de ox\u00edgeno, sensor de ozono, sensor de hexafluoruro de azufre, sensor de sulfuro de hidr\u00f3geno, sensor de amon\u00edaco, sensor de di\u00f3xido de azufre, sensor de di\u00f3xido de nitr\u00f3geno, sensor de TVOC, sensor de fosfina, sensor de hidr\u00f3geno, sensor de metano, sensor de formaldeh\u00eddo, etc.<\/p>","protected":false},"featured_media":6074,"template":"","meta":{"om_disable_all_campaigns":false,"_monsterinsights_skip_tracking":false,"_monsterinsights_sitenote_active":false,"_monsterinsights_sitenote_note":"","_monsterinsights_sitenote_category":0,"site-sidebar-layout":"default","site-content-layout":"default","ast-site-content-layout":"default","site-content-style":"default","site-sidebar-style":"default","ast-global-header-display":"","ast-banner-title-visibility":"","ast-main-header-display":"","ast-hfb-above-header-display":"","ast-hfb-below-header-display":"","ast-hfb-mobile-header-display":"","site-post-title":"","ast-breadcrumbs-content":"","ast-featured-img":"","footer-sml-layout":"","ast-disable-related-posts":"","theme-transparent-header-meta":"default","adv-header-id-meta":"","stick-header-meta":"","header-above-stick-meta":"","header-main-stick-meta":"","header-below-stick-meta":"","astra-migrate-meta-layouts":"set","ast-page-background-enabled":"default","ast-page-background-meta":{"desktop":{"background-color":"","background-image":"","background-repeat":"repeat","background-position":"center center","background-size":"auto","background-attachment":"scroll","background-type":"","background-media":"","overlay-type":"","overlay-color":"","overlay-opacity":"","overlay-gradient":""},"tablet":{"background-color":"","background-image":"","background-repeat":"repeat","background-position":"center center","background-size":"auto","background-attachment":"scroll","background-type":"","background-media":"","overlay-type":"","overlay-color":"","overlay-opacity":"","overlay-gradient":""},"mobile":{"background-color":"","background-image":"","background-repeat":"repeat","background-position":"center center","background-size":"auto","background-attachment":"scroll","background-type":"","background-media":"","overlay-type":"","overlay-color":"","overlay-opacity":"","overlay-gradient":""}},"ast-content-background-meta":{"desktop":{"background-color":"var(--ast-global-color-5)","background-image":"","background-repeat":"repeat","background-position":"center center","background-size":"auto","background-attachment":"scroll","background-type":"","background-media":"","overlay-type":"","overlay-color":"","overlay-opacity":"","overlay-gradient":""},"tablet":{"background-color":"var(--ast-global-color-5)","background-image":"","background-repeat":"repeat","background-position":"center center","background-size":"auto","background-attachment":"scroll","background-type":"","background-media":"","overlay-type":"","overlay-color":"","overlay-opacity":"","overlay-gradient":""},"mobile":{"background-color":"var(--ast-global-color-5)","background-image":"","background-repeat":"repeat","background-position":"center center","background-size":"auto","background-attachment":"scroll","background-type":"","background-media":"","overlay-type":"","overlay-color":"","overlay-opacity":"","overlay-gradient":""}},"_joinchat":[]},"product_brand":[],"product_cat":[89,93],"product_tag":[297,298],"class_list":{"0":"post-4836","1":"product","2":"type-product","3":"status-publish","4":"has-post-thumbnail","6":"product_cat-ambient-sensor","7":"product_cat-gas-concentration-sensor","8":"product_tag-air-quality","9":"product_tag-gas-detector","10":"desktop-align-left","11":"tablet-align-left","12":"mobile-align-left","14":"first","15":"instock","16":"shipping-taxable","17":"purchasable","18":"product-type-simple"},"jetpack_sharing_enabled":true,"_links":{"self":[{"href":"https:\/\/ecosentec.com\/es\/wp-json\/wp\/v2\/product\/4836","targetHints":{"allow":["GET"]}}],"collection":[{"href":"https:\/\/ecosentec.com\/es\/wp-json\/wp\/v2\/product"}],"about":[{"href":"https:\/\/ecosentec.com\/es\/wp-json\/wp\/v2\/types\/product"}],"version-history":[{"count":3,"href":"https:\/\/ecosentec.com\/es\/wp-json\/wp\/v2\/product\/4836\/revisions"}],"predecessor-version":[{"id":6078,"href":"https:\/\/ecosentec.com\/es\/wp-json\/wp\/v2\/product\/4836\/revisions\/6078"}],"wp:featuredmedia":[{"embeddable":true,"href":"https:\/\/ecosentec.com\/es\/wp-json\/wp\/v2\/media\/6074"}],"wp:attachment":[{"href":"https:\/\/ecosentec.com\/es\/wp-json\/wp\/v2\/media?parent=4836"}],"wp:term":[{"taxonomy":"product_brand","embeddable":true,"href":"https:\/\/ecosentec.com\/es\/wp-json\/wp\/v2\/product_brand?post=4836"},{"taxonomy":"product_cat","embeddable":true,"href":"https:\/\/ecosentec.com\/es\/wp-json\/wp\/v2\/product_cat?post=4836"},{"taxonomy":"product_tag","embeddable":true,"href":"https:\/\/ecosentec.com\/es\/wp-json\/wp\/v2\/product_tag?post=4836"}],"curies":[{"name":"wp","href":"https:\/\/api.w.org\/{rel}","templated":true}]}}