{"id":4830,"date":"2025-03-27T08:09:59","date_gmt":"2025-03-27T08:09:59","guid":{"rendered":"https:\/\/ecosentec.com\/?post_type=product&#038;p=4830"},"modified":"2025-06-26T09:29:00","modified_gmt":"2025-06-26T09:29:00","slug":"sensor-de-aire-y-gas-del-protector-solar","status":"publish","type":"product","link":"https:\/\/ecosentec.com\/es\/producto\/sensor-de-aire-y-gas-del-protector-solar\/","title":{"rendered":"Sensor de aire y gas del protector solar ES-A227"},"content":{"rendered":"<p class=\"p1\">El sensor de aire y gas con protecci\u00f3n solar y obturador integrado ES-A227 se utiliza ampliamente en la detecci\u00f3n ambiental, monitorizando temperatura, humedad, presi\u00f3n atmosf\u00e9rica, luz, ruido, CO2, PM2.5 y PM10, TVOC, formaldeh\u00eddo (CH2O), ozono (O3), ox\u00edgeno (O2), sulfuro de hidr\u00f3geno (H2S), metano (CH4), mon\u00f3xido de carbono (CO), di\u00f3xido de nitr\u00f3geno (NO2), di\u00f3xido de azufre (SO2), hidr\u00f3geno (H2), amon\u00edaco (NH3) y otros par\u00e1metros. El sensor se instala en la caja del obturador, cuya carcasa protege el sensor meteorol\u00f3gico interno del viento fuerte, la lluvia y la nieve. Adem\u00e1s, el dise\u00f1o de la m\u00e1quina con obturadores blancos minimiza la influencia de la radiaci\u00f3n solar, garantizando as\u00ed la circulaci\u00f3n e interacci\u00f3n del aire interior y exterior del equipo, garantizando as\u00ed la precisi\u00f3n y estabilidad de los datos de medici\u00f3n, prolongando considerablemente la vida \u00fatil de los instrumentos meteorol\u00f3gicos y reduciendo los costes de mantenimiento. Es un equipo indispensable en la observaci\u00f3n meteorol\u00f3gica. El equipo adopta el protocolo de comunicaci\u00f3n est\u00e1ndar MODBUS-RTU y salida de se\u00f1al RS485, y la distancia m\u00e1xima de comunicaci\u00f3n puede alcanzar los 2000 metros.<\/p>","protected":false},"excerpt":{"rendered":"<p>El sensor de aire y gas con protector solar con obturador integrado ES-A227 se puede usar ampliamente en la detecci\u00f3n ambiental, apoyando el monitoreo de temperatura y humedad, presi\u00f3n atmosf\u00e9rica, luz, ruido, CO2, PM2.5 y PM10, TVOC, formaldeh\u00eddo (CH2O), ozono (O3), ox\u00edgeno (O2), sulfuro de hidr\u00f3geno (H2S), metano (CH4), mon\u00f3xido de carbono (CO), di\u00f3xido de nitr\u00f3geno (NO2), di\u00f3xido de azufre (SO2), hidr\u00f3geno (H2), amon\u00edaco (NH3) y otros par\u00e1metros.<\/p>","protected":false},"featured_media":6040,"template":"","meta":{"om_disable_all_campaigns":false,"_monsterinsights_skip_tracking":false,"_monsterinsights_sitenote_active":false,"_monsterinsights_sitenote_note":"","_monsterinsights_sitenote_category":0,"site-sidebar-layout":"default","site-content-layout":"default","ast-site-content-layout":"default","site-content-style":"default","site-sidebar-style":"default","ast-global-header-display":"","ast-banner-title-visibility":"","ast-main-header-display":"","ast-hfb-above-header-display":"","ast-hfb-below-header-display":"","ast-hfb-mobile-header-display":"","site-post-title":"","ast-breadcrumbs-content":"","ast-featured-img":"","footer-sml-layout":"","ast-disable-related-posts":"","theme-transparent-header-meta":"default","adv-header-id-meta":"","stick-header-meta":"","header-above-stick-meta":"","header-main-stick-meta":"","header-below-stick-meta":"","astra-migrate-meta-layouts":"set","ast-page-background-enabled":"default","ast-page-background-meta":{"desktop":{"background-color":"","background-image":"","background-repeat":"repeat","background-position":"center center","background-size":"auto","background-attachment":"scroll","background-type":"","background-media":"","overlay-type":"","overlay-color":"","overlay-opacity":"","overlay-gradient":""},"tablet":{"background-color":"","background-image":"","background-repeat":"repeat","background-position":"center center","background-size":"auto","background-attachment":"scroll","background-type":"","background-media":"","overlay-type":"","overlay-color":"","overlay-opacity":"","overlay-gradient":""},"mobile":{"background-color":"","background-image":"","background-repeat":"repeat","background-position":"center center","background-size":"auto","background-attachment":"scroll","background-type":"","background-media":"","overlay-type":"","overlay-color":"","overlay-opacity":"","overlay-gradient":""}},"ast-content-background-meta":{"desktop":{"background-color":"var(--ast-global-color-5)","background-image":"","background-repeat":"repeat","background-position":"center center","background-size":"auto","background-attachment":"scroll","background-type":"","background-media":"","overlay-type":"","overlay-color":"","overlay-opacity":"","overlay-gradient":""},"tablet":{"background-color":"var(--ast-global-color-5)","background-image":"","background-repeat":"repeat","background-position":"center center","background-size":"auto","background-attachment":"scroll","background-type":"","background-media":"","overlay-type":"","overlay-color":"","overlay-opacity":"","overlay-gradient":""},"mobile":{"background-color":"var(--ast-global-color-5)","background-image":"","background-repeat":"repeat","background-position":"center center","background-size":"auto","background-attachment":"scroll","background-type":"","background-media":"","overlay-type":"","overlay-color":"","overlay-opacity":"","overlay-gradient":""}},"_joinchat":[]},"product_brand":[],"product_cat":[91,97,89,259,93,92,90],"product_tag":[297],"class_list":{"0":"post-4830","1":"product","2":"type-product","3":"status-publish","4":"has-post-thumbnail","6":"product_cat-air-quality-pm-sensor","7":"product_cat-all-in-one-ambient-sensor","8":"product_cat-ambient-sensor","9":"product_cat-barometric-pressure-sensor","10":"product_cat-gas-concentration-sensor","11":"product_cat-noise-sensor","12":"product_cat-temperature-humidity-sensor","13":"product_tag-air-quality","14":"desktop-align-left","15":"tablet-align-left","16":"mobile-align-left","18":"first","19":"instock","20":"shipping-taxable","21":"purchasable","22":"product-type-simple"},"jetpack_sharing_enabled":true,"_links":{"self":[{"href":"https:\/\/ecosentec.com\/es\/wp-json\/wp\/v2\/product\/4830","targetHints":{"allow":["GET"]}}],"collection":[{"href":"https:\/\/ecosentec.com\/es\/wp-json\/wp\/v2\/product"}],"about":[{"href":"https:\/\/ecosentec.com\/es\/wp-json\/wp\/v2\/types\/product"}],"version-history":[{"count":2,"href":"https:\/\/ecosentec.com\/es\/wp-json\/wp\/v2\/product\/4830\/revisions"}],"predecessor-version":[{"id":6042,"href":"https:\/\/ecosentec.com\/es\/wp-json\/wp\/v2\/product\/4830\/revisions\/6042"}],"wp:featuredmedia":[{"embeddable":true,"href":"https:\/\/ecosentec.com\/es\/wp-json\/wp\/v2\/media\/6040"}],"wp:attachment":[{"href":"https:\/\/ecosentec.com\/es\/wp-json\/wp\/v2\/media?parent=4830"}],"wp:term":[{"taxonomy":"product_brand","embeddable":true,"href":"https:\/\/ecosentec.com\/es\/wp-json\/wp\/v2\/product_brand?post=4830"},{"taxonomy":"product_cat","embeddable":true,"href":"https:\/\/ecosentec.com\/es\/wp-json\/wp\/v2\/product_cat?post=4830"},{"taxonomy":"product_tag","embeddable":true,"href":"https:\/\/ecosentec.com\/es\/wp-json\/wp\/v2\/product_tag?post=4830"}],"curies":[{"name":"wp","href":"https:\/\/api.w.org\/{rel}","templated":true}]}}