{"id":4827,"date":"2025-03-27T08:09:58","date_gmt":"2025-03-27T08:09:58","guid":{"rendered":"https:\/\/ecosentec.com\/?post_type=product&#038;p=4827"},"modified":"2025-04-10T09:46:42","modified_gmt":"2025-04-10T09:46:42","slug":"sensor-de-particulas-de-calidad-del-aire","status":"publish","type":"product","link":"https:\/\/ecosentec.com\/es\/producto\/sensor-de-particulas-de-calidad-del-aire\/","title":{"rendered":"Sensor de PM de calidad del aire ES-A224"},"content":{"rendered":"<p class=\"p1\">El sensor de part\u00edculas ES-A224 es un transmisor de concentraci\u00f3n de part\u00edculas de uso general, de grado industrial, que mide PM1.0, PM2.5 y PM10. Su dise\u00f1o de circuito antiinterferencias soporta diversas interferencias electromagn\u00e9ticas fuertes, como las de los convertidores de frecuencia in situ. Adopta el principio de medici\u00f3n por dispersi\u00f3n l\u00e1ser y utiliza una tecnolog\u00eda \u00fanica de adquisici\u00f3n de datos de doble frecuencia para analizar y obtener el n\u00famero de part\u00edculas con un tama\u00f1o de part\u00edcula equivalente por unidad de volumen. Adem\u00e1s, utiliza un algoritmo cient\u00edfico \u00fanico para calcular la concentraci\u00f3n m\u00e1sica de part\u00edculas con un tama\u00f1o de part\u00edcula equivalente por unidad de volumen y emite los datos como una se\u00f1al de pseudocantidad (4-20 mA, 0-10 V, 0-5 V) o una se\u00f1al digital RS485.<\/p>\n<p class=\"p1\">Tambi\u00e9n est\u00e1 dise\u00f1ado para montaje en pared y en tuber\u00edas para cumplir con diferentes escenarios de aplicaci\u00f3n. Carcasa protectora IP65, compatible con pantalla OLED.<\/p>","protected":false},"excerpt":{"rendered":"<p>El sensor de part\u00edculas ES-A224 es un transmisor de concentraci\u00f3n de part\u00edculas de uso general, de grado industrial, que mide PM1.0, PM2.5 y PM10. Su dise\u00f1o de circuito antiinterferencias soporta diversas interferencias electromagn\u00e9ticas fuertes, como las de los convertidores de frecuencia in situ. Adopta el principio de medici\u00f3n por dispersi\u00f3n l\u00e1ser y utiliza la exclusiva tecnolog\u00eda de adquisici\u00f3n de datos de doble frecuencia para analizar y obtener el n\u00famero de part\u00edculas con un tama\u00f1o de part\u00edcula equivalente por unidad de volumen.<\/p>","protected":false},"featured_media":6086,"template":"","meta":{"om_disable_all_campaigns":false,"_monsterinsights_skip_tracking":false,"_monsterinsights_sitenote_active":false,"_monsterinsights_sitenote_note":"","_monsterinsights_sitenote_category":0,"site-sidebar-layout":"default","site-content-layout":"default","ast-site-content-layout":"default","site-content-style":"default","site-sidebar-style":"default","ast-global-header-display":"","ast-banner-title-visibility":"","ast-main-header-display":"","ast-hfb-above-header-display":"","ast-hfb-below-header-display":"","ast-hfb-mobile-header-display":"","site-post-title":"","ast-breadcrumbs-content":"","ast-featured-img":"","footer-sml-layout":"","ast-disable-related-posts":"","theme-transparent-header-meta":"default","adv-header-id-meta":"","stick-header-meta":"","header-above-stick-meta":"","header-main-stick-meta":"","header-below-stick-meta":"","astra-migrate-meta-layouts":"set","ast-page-background-enabled":"default","ast-page-background-meta":{"desktop":{"background-color":"","background-image":"","background-repeat":"repeat","background-position":"center center","background-size":"auto","background-attachment":"scroll","background-type":"","background-media":"","overlay-type":"","overlay-color":"","overlay-opacity":"","overlay-gradient":""},"tablet":{"background-color":"","background-image":"","background-repeat":"repeat","background-position":"center center","background-size":"auto","background-attachment":"scroll","background-type":"","background-media":"","overlay-type":"","overlay-color":"","overlay-opacity":"","overlay-gradient":""},"mobile":{"background-color":"","background-image":"","background-repeat":"repeat","background-position":"center center","background-size":"auto","background-attachment":"scroll","background-type":"","background-media":"","overlay-type":"","overlay-color":"","overlay-opacity":"","overlay-gradient":""}},"ast-content-background-meta":{"desktop":{"background-color":"var(--ast-global-color-5)","background-image":"","background-repeat":"repeat","background-position":"center center","background-size":"auto","background-attachment":"scroll","background-type":"","background-media":"","overlay-type":"","overlay-color":"","overlay-opacity":"","overlay-gradient":""},"tablet":{"background-color":"var(--ast-global-color-5)","background-image":"","background-repeat":"repeat","background-position":"center center","background-size":"auto","background-attachment":"scroll","background-type":"","background-media":"","overlay-type":"","overlay-color":"","overlay-opacity":"","overlay-gradient":""},"mobile":{"background-color":"var(--ast-global-color-5)","background-image":"","background-repeat":"repeat","background-position":"center center","background-size":"auto","background-attachment":"scroll","background-type":"","background-media":"","overlay-type":"","overlay-color":"","overlay-opacity":"","overlay-gradient":""}},"_joinchat":[]},"product_brand":[],"product_cat":[91,89],"product_tag":[],"class_list":{"0":"post-4827","1":"product","2":"type-product","3":"status-publish","4":"has-post-thumbnail","6":"product_cat-air-quality-pm-sensor","7":"product_cat-ambient-sensor","8":"desktop-align-left","9":"tablet-align-left","10":"mobile-align-left","12":"first","13":"instock","14":"shipping-taxable","15":"purchasable","16":"product-type-simple"},"jetpack_sharing_enabled":true,"_links":{"self":[{"href":"https:\/\/ecosentec.com\/es\/wp-json\/wp\/v2\/product\/4827","targetHints":{"allow":["GET"]}}],"collection":[{"href":"https:\/\/ecosentec.com\/es\/wp-json\/wp\/v2\/product"}],"about":[{"href":"https:\/\/ecosentec.com\/es\/wp-json\/wp\/v2\/types\/product"}],"version-history":[{"count":2,"href":"https:\/\/ecosentec.com\/es\/wp-json\/wp\/v2\/product\/4827\/revisions"}],"predecessor-version":[{"id":6072,"href":"https:\/\/ecosentec.com\/es\/wp-json\/wp\/v2\/product\/4827\/revisions\/6072"}],"wp:featuredmedia":[{"embeddable":true,"href":"https:\/\/ecosentec.com\/es\/wp-json\/wp\/v2\/media\/6086"}],"wp:attachment":[{"href":"https:\/\/ecosentec.com\/es\/wp-json\/wp\/v2\/media?parent=4827"}],"wp:term":[{"taxonomy":"product_brand","embeddable":true,"href":"https:\/\/ecosentec.com\/es\/wp-json\/wp\/v2\/product_brand?post=4827"},{"taxonomy":"product_cat","embeddable":true,"href":"https:\/\/ecosentec.com\/es\/wp-json\/wp\/v2\/product_cat?post=4827"},{"taxonomy":"product_tag","embeddable":true,"href":"https:\/\/ecosentec.com\/es\/wp-json\/wp\/v2\/product_tag?post=4827"}],"curies":[{"name":"wp","href":"https:\/\/api.w.org\/{rel}","templated":true}]}}