{"id":4824,"date":"2025-03-27T08:09:58","date_gmt":"2025-03-27T08:09:58","guid":{"rendered":"https:\/\/ecosentec.com\/?post_type=product&#038;p=4824"},"modified":"2025-10-24T09:00:15","modified_gmt":"2025-10-24T09:00:15","slug":"piranometro-solar","status":"publish","type":"product","link":"https:\/\/ecosentec.com\/es\/producto\/piranometro-solar\/","title":{"rendered":"Piran\u00f3metro solar termoel\u00e9ctrico global ES-S228T"},"content":{"rendered":"<p class=\"p1\">El piran\u00f3metro solar termoel\u00e9ctrico global ES-S228T adopta el principio termoel\u00e9ctrico y puede utilizarse para medir la radiaci\u00f3n solar con un rango espectral de 0,3 a 3 \u03bcm. El elemento sensor utiliza una termopila galvanizada de alambre bobinado, y la superficie sensora es una capa negra de alta absortividad. Aprovechando el efecto t\u00e9rmico de la radiaci\u00f3n, absorbe la radiaci\u00f3n solar y la convierte en fuerza termoelectromotriz. Tambi\u00e9n cuenta con una funci\u00f3n de compensaci\u00f3n de temperatura, que permite medir la radiaci\u00f3n solar con precisi\u00f3n. La cubierta de vidrio de doble capa sobre la superficie sensora no solo reduce la influencia de la convecci\u00f3n del aire en el dispositivo, sino que tambi\u00e9n bloquea la radiaci\u00f3n de la propia cubierta. Adem\u00e1s, incorpora un escudo de radiaci\u00f3n para medir la radiaci\u00f3n dispersa.<\/p>\n<p class=\"p1\">El ES-S228T admite se\u00f1ales anal\u00f3gicas est\u00e1ndar o el protocolo de comunicaci\u00f3n Modbus-RTU 485, lo que permite leer directamente el valor actual de la radiaci\u00f3n solar total. Su cableado es sencillo. Su dise\u00f1o elegante y su instalaci\u00f3n compacta.<\/p>","protected":false},"excerpt":{"rendered":"<p>El piran\u00f3metro solar termoel\u00e9ctrico global ES-S228T adopta el principio termoel\u00e9ctrico y puede utilizarse para medir la radiaci\u00f3n solar con un rango espectral de 0,3 a 3 \u03bcm. El elemento sensor utiliza una termopila galvanizada de alambre bobinado, y la superficie sensora es una capa negra de alta absortividad. Aprovechando el efecto t\u00e9rmico de la radiaci\u00f3n, absorbe la radiaci\u00f3n solar y la convierte en fuerza termoelectromotriz.<\/p>","protected":false},"featured_media":6550,"template":"","meta":{"om_disable_all_campaigns":false,"_monsterinsights_skip_tracking":false,"_monsterinsights_sitenote_active":false,"_monsterinsights_sitenote_note":"","_monsterinsights_sitenote_category":0,"site-sidebar-layout":"default","site-content-layout":"default","ast-site-content-layout":"default","site-content-style":"default","site-sidebar-style":"default","ast-global-header-display":"","ast-banner-title-visibility":"","ast-main-header-display":"","ast-hfb-above-header-display":"","ast-hfb-below-header-display":"","ast-hfb-mobile-header-display":"","site-post-title":"","ast-breadcrumbs-content":"","ast-featured-img":"","footer-sml-layout":"","ast-disable-related-posts":"","theme-transparent-header-meta":"default","adv-header-id-meta":"","stick-header-meta":"","header-above-stick-meta":"","header-main-stick-meta":"","header-below-stick-meta":"","astra-migrate-meta-layouts":"set","ast-page-background-enabled":"default","ast-page-background-meta":{"desktop":{"background-color":"","background-image":"","background-repeat":"repeat","background-position":"center center","background-size":"auto","background-attachment":"scroll","background-type":"","background-media":"","overlay-type":"","overlay-color":"","overlay-opacity":"","overlay-gradient":""},"tablet":{"background-color":"","background-image":"","background-repeat":"repeat","background-position":"center center","background-size":"auto","background-attachment":"scroll","background-type":"","background-media":"","overlay-type":"","overlay-color":"","overlay-opacity":"","overlay-gradient":""},"mobile":{"background-color":"","background-image":"","background-repeat":"repeat","background-position":"center center","background-size":"auto","background-attachment":"scroll","background-type":"","background-media":"","overlay-type":"","overlay-color":"","overlay-opacity":"","overlay-gradient":""}},"ast-content-background-meta":{"desktop":{"background-color":"var(--ast-global-color-5)","background-image":"","background-repeat":"repeat","background-position":"center center","background-size":"auto","background-attachment":"scroll","background-type":"","background-media":"","overlay-type":"","overlay-color":"","overlay-opacity":"","overlay-gradient":""},"tablet":{"background-color":"var(--ast-global-color-5)","background-image":"","background-repeat":"repeat","background-position":"center center","background-size":"auto","background-attachment":"scroll","background-type":"","background-media":"","overlay-type":"","overlay-color":"","overlay-opacity":"","overlay-gradient":""},"mobile":{"background-color":"var(--ast-global-color-5)","background-image":"","background-repeat":"repeat","background-position":"center center","background-size":"auto","background-attachment":"scroll","background-type":"","background-media":"","overlay-type":"","overlay-color":"","overlay-opacity":"","overlay-gradient":""}},"_joinchat":[]},"product_brand":[],"product_cat":[84,76],"product_tag":[291,302],"class_list":{"0":"post-4824","1":"product","2":"type-product","3":"status-publish","4":"has-post-thumbnail","6":"product_cat-pyrgeometers","7":"product_cat-solar-radiation-sensor","8":"product_tag-solar","9":"product_tag-solar-radiation-sensor","10":"desktop-align-left","11":"tablet-align-left","12":"mobile-align-left","14":"first","15":"instock","16":"shipping-taxable","17":"purchasable","18":"product-type-simple"},"jetpack_sharing_enabled":true,"_links":{"self":[{"href":"https:\/\/ecosentec.com\/es\/wp-json\/wp\/v2\/product\/4824","targetHints":{"allow":["GET"]}}],"collection":[{"href":"https:\/\/ecosentec.com\/es\/wp-json\/wp\/v2\/product"}],"about":[{"href":"https:\/\/ecosentec.com\/es\/wp-json\/wp\/v2\/types\/product"}],"version-history":[{"count":3,"href":"https:\/\/ecosentec.com\/es\/wp-json\/wp\/v2\/product\/4824\/revisions"}],"predecessor-version":[{"id":6552,"href":"https:\/\/ecosentec.com\/es\/wp-json\/wp\/v2\/product\/4824\/revisions\/6552"}],"wp:featuredmedia":[{"embeddable":true,"href":"https:\/\/ecosentec.com\/es\/wp-json\/wp\/v2\/media\/6550"}],"wp:attachment":[{"href":"https:\/\/ecosentec.com\/es\/wp-json\/wp\/v2\/media?parent=4824"}],"wp:term":[{"taxonomy":"product_brand","embeddable":true,"href":"https:\/\/ecosentec.com\/es\/wp-json\/wp\/v2\/product_brand?post=4824"},{"taxonomy":"product_cat","embeddable":true,"href":"https:\/\/ecosentec.com\/es\/wp-json\/wp\/v2\/product_cat?post=4824"},{"taxonomy":"product_tag","embeddable":true,"href":"https:\/\/ecosentec.com\/es\/wp-json\/wp\/v2\/product_tag?post=4824"}],"curies":[{"name":"wp","href":"https:\/\/api.w.org\/{rel}","templated":true}]}}