{"id":4823,"date":"2025-03-27T08:09:58","date_gmt":"2025-03-27T08:09:58","guid":{"rendered":"https:\/\/ecosentec.com\/?post_type=product&#038;p=4823"},"modified":"2025-06-11T10:26:00","modified_gmt":"2025-06-11T10:26:00","slug":"sensor-de-radiacion-fotosinteticamente-activo","status":"publish","type":"product","link":"https:\/\/ecosentec.com\/es\/producto\/sensor-de-radiacion-fotosinteticamente-activo\/","title":{"rendered":"Sensor de radiaci\u00f3n fotosint\u00e9ticamente activa ES-S228P"},"content":{"rendered":"<p class=\"p1\"><span class=\"s1\">ES-S228P <\/span>El sensor de radiaci\u00f3n fotosint\u00e9ticamente activa adopta el principio de detecci\u00f3n fotoel\u00e9ctrica, lo que permite medir la radiaci\u00f3n fotosint\u00e9ticamente activa en el rango espectral de 400 a 700 nm. El sensor utiliza elementos de detecci\u00f3n fotoel\u00e9ctrica de alta precisi\u00f3n, amplio espectro de absorci\u00f3n, alta absorci\u00f3n en el rango de 400 a 700 nm y buena estabilidad. En presencia de luz, genera una se\u00f1al de voltaje proporcional a la intensidad de la radiaci\u00f3n incidente, con una sensibilidad menor que la de la luz incidente. El coseno del \u00e1ngulo directo es proporcional. La cubierta antipolvo cuenta con un tratamiento especial para reducir la absorci\u00f3n de polvo, evitar eficazmente la interferencia de factores ambientales con los componentes internos y medir con mayor precisi\u00f3n la cantidad de radiaci\u00f3n fotosint\u00e9tica efectiva.<\/p>\n<p class=\"p1\">El producto adopta el protocolo de comunicaci\u00f3n est\u00e1ndar Modbus-RTU 485, que permite leer directamente el valor actual de la radiaci\u00f3n fotosint\u00e9tica efectiva. Su cableado es sencillo. Su dise\u00f1o compacto y elegante permite una instalaci\u00f3n compacta.<\/p>","protected":false},"excerpt":{"rendered":"<p><span class=\"s1\">ES-S228P <\/span>El sensor de radiaci\u00f3n fotosint\u00e9ticamente activa adopta el principio de detecci\u00f3n fotoel\u00e9ctrica, que se puede utilizar para medir la radiaci\u00f3n fotosint\u00e9ticamente activa en el rango espectral de 400 ~ 700 nm.<\/p>","protected":false},"featured_media":6548,"template":"","meta":{"om_disable_all_campaigns":false,"_monsterinsights_skip_tracking":false,"_monsterinsights_sitenote_active":false,"_monsterinsights_sitenote_note":"","_monsterinsights_sitenote_category":0,"site-sidebar-layout":"default","site-content-layout":"default","ast-site-content-layout":"default","site-content-style":"default","site-sidebar-style":"default","ast-global-header-display":"","ast-banner-title-visibility":"","ast-main-header-display":"","ast-hfb-above-header-display":"","ast-hfb-below-header-display":"","ast-hfb-mobile-header-display":"","site-post-title":"","ast-breadcrumbs-content":"","ast-featured-img":"","footer-sml-layout":"","ast-disable-related-posts":"","theme-transparent-header-meta":"default","adv-header-id-meta":"","stick-header-meta":"","header-above-stick-meta":"","header-main-stick-meta":"","header-below-stick-meta":"","astra-migrate-meta-layouts":"set","ast-page-background-enabled":"default","ast-page-background-meta":{"desktop":{"background-color":"","background-image":"","background-repeat":"repeat","background-position":"center center","background-size":"auto","background-attachment":"scroll","background-type":"","background-media":"","overlay-type":"","overlay-color":"","overlay-opacity":"","overlay-gradient":""},"tablet":{"background-color":"","background-image":"","background-repeat":"repeat","background-position":"center center","background-size":"auto","background-attachment":"scroll","background-type":"","background-media":"","overlay-type":"","overlay-color":"","overlay-opacity":"","overlay-gradient":""},"mobile":{"background-color":"","background-image":"","background-repeat":"repeat","background-position":"center center","background-size":"auto","background-attachment":"scroll","background-type":"","background-media":"","overlay-type":"","overlay-color":"","overlay-opacity":"","overlay-gradient":""}},"ast-content-background-meta":{"desktop":{"background-color":"var(--ast-global-color-5)","background-image":"","background-repeat":"repeat","background-position":"center center","background-size":"auto","background-attachment":"scroll","background-type":"","background-media":"","overlay-type":"","overlay-color":"","overlay-opacity":"","overlay-gradient":""},"tablet":{"background-color":"var(--ast-global-color-5)","background-image":"","background-repeat":"repeat","background-position":"center center","background-size":"auto","background-attachment":"scroll","background-type":"","background-media":"","overlay-type":"","overlay-color":"","overlay-opacity":"","overlay-gradient":""},"mobile":{"background-color":"var(--ast-global-color-5)","background-image":"","background-repeat":"repeat","background-position":"center center","background-size":"auto","background-attachment":"scroll","background-type":"","background-media":"","overlay-type":"","overlay-color":"","overlay-opacity":"","overlay-gradient":""}},"_joinchat":[]},"product_brand":[],"product_cat":[84,76],"product_tag":[291],"class_list":{"0":"post-4823","1":"product","2":"type-product","3":"status-publish","4":"has-post-thumbnail","6":"product_cat-pyrgeometers","7":"product_cat-solar-radiation-sensor","8":"product_tag-solar","9":"desktop-align-left","10":"tablet-align-left","11":"mobile-align-left","13":"first","14":"instock","15":"shipping-taxable","16":"purchasable","17":"product-type-simple"},"jetpack_sharing_enabled":true,"_links":{"self":[{"href":"https:\/\/ecosentec.com\/es\/wp-json\/wp\/v2\/product\/4823","targetHints":{"allow":["GET"]}}],"collection":[{"href":"https:\/\/ecosentec.com\/es\/wp-json\/wp\/v2\/product"}],"about":[{"href":"https:\/\/ecosentec.com\/es\/wp-json\/wp\/v2\/types\/product"}],"version-history":[{"count":2,"href":"https:\/\/ecosentec.com\/es\/wp-json\/wp\/v2\/product\/4823\/revisions"}],"predecessor-version":[{"id":6183,"href":"https:\/\/ecosentec.com\/es\/wp-json\/wp\/v2\/product\/4823\/revisions\/6183"}],"wp:featuredmedia":[{"embeddable":true,"href":"https:\/\/ecosentec.com\/es\/wp-json\/wp\/v2\/media\/6548"}],"wp:attachment":[{"href":"https:\/\/ecosentec.com\/es\/wp-json\/wp\/v2\/media?parent=4823"}],"wp:term":[{"taxonomy":"product_brand","embeddable":true,"href":"https:\/\/ecosentec.com\/es\/wp-json\/wp\/v2\/product_brand?post=4823"},{"taxonomy":"product_cat","embeddable":true,"href":"https:\/\/ecosentec.com\/es\/wp-json\/wp\/v2\/product_cat?post=4823"},{"taxonomy":"product_tag","embeddable":true,"href":"https:\/\/ecosentec.com\/es\/wp-json\/wp\/v2\/product_tag?post=4823"}],"curies":[{"name":"wp","href":"https:\/\/api.w.org\/{rel}","templated":true}]}}