{"id":4790,"date":"2025-03-27T06:10:26","date_gmt":"2025-03-27T06:10:26","guid":{"rendered":"https:\/\/ecosentec.com\/?post_type=product&#038;p=4790"},"modified":"2025-03-31T10:05:23","modified_gmt":"2025-03-31T10:05:23","slug":"medidor-de-visibilidad-portatil","status":"publish","type":"product","link":"https:\/\/ecosentec.com\/es\/producto\/medidor-de-visibilidad-portatil\/","title":{"rendered":"Medidor de visibilidad port\u00e1til ES-V226H"},"content":{"rendered":"<p class=\"p1\">El comprobador de visibilidad port\u00e1til ES-V226H utiliza un m\u00e9todo de prueba \u00fanico para introducir aire en una c\u00e1mara de muestreo cerrada especialmente dise\u00f1ada, lo que garantiza un intercambio en tiempo real con el aire exterior y no se ve afectado por el entorno externo. Tambi\u00e9n puede realizar mediciones normales en una habitaci\u00f3n peque\u00f1a.<\/p>\n<p class=\"p1\">El mango est\u00e1 hecho de aleaci\u00f3n de aluminio, que es resistente y c\u00f3modo para que los usuarios lo sostengan con una mano. Se pueden instalar 3 bater\u00edas de litio recargables 18650 en el interior para garantizar que el instrumento de visibilidad pueda funcionar continuamente durante m\u00e1s de 72 horas.<\/p>\n<p class=\"p1\">Incluye una pantalla t\u00e1ctil de 2,5 pulgadas que muestra los datos de medici\u00f3n en tiempo real. M\u00f3dulo Bluetooth integrado, aplicaci\u00f3n dedicada y recepci\u00f3n de datos de prueba en tiempo real en el tel\u00e9fono m\u00f3vil. Los datos tambi\u00e9n se pueden sincronizar con la plataforma del Internet de las Cosas (IoT) en tiempo real para su almacenamiento o an\u00e1lisis, lo que resulta especialmente adecuado para inspecciones de campo.<\/p>","protected":false},"excerpt":{"rendered":"<p>El comprobador de visibilidad port\u00e1til ES-V226H utiliza un m\u00e9todo de prueba \u00fanico para introducir aire en una c\u00e1mara de muestreo cerrada especialmente dise\u00f1ada, lo que garantiza un intercambio en tiempo real con el aire exterior y no se ve afectado por el entorno externo. Tambi\u00e9n puede realizar mediciones normales en una habitaci\u00f3n peque\u00f1a.<\/p>","protected":false},"featured_media":5607,"template":"","meta":{"om_disable_all_campaigns":false,"_monsterinsights_skip_tracking":false,"_monsterinsights_sitenote_active":false,"_monsterinsights_sitenote_note":"","_monsterinsights_sitenote_category":0,"site-sidebar-layout":"default","site-content-layout":"","ast-site-content-layout":"default","site-content-style":"default","site-sidebar-style":"default","ast-global-header-display":"","ast-banner-title-visibility":"","ast-main-header-display":"","ast-hfb-above-header-display":"","ast-hfb-below-header-display":"","ast-hfb-mobile-header-display":"","site-post-title":"","ast-breadcrumbs-content":"","ast-featured-img":"","footer-sml-layout":"","ast-disable-related-posts":"","theme-transparent-header-meta":"default","adv-header-id-meta":"","stick-header-meta":"","header-above-stick-meta":"","header-main-stick-meta":"","header-below-stick-meta":"","astra-migrate-meta-layouts":"set","ast-page-background-enabled":"default","ast-page-background-meta":{"desktop":{"background-color":"","background-image":"","background-repeat":"repeat","background-position":"center center","background-size":"auto","background-attachment":"scroll","background-type":"","background-media":"","overlay-type":"","overlay-color":"","overlay-opacity":"","overlay-gradient":""},"tablet":{"background-color":"","background-image":"","background-repeat":"repeat","background-position":"center center","background-size":"auto","background-attachment":"scroll","background-type":"","background-media":"","overlay-type":"","overlay-color":"","overlay-opacity":"","overlay-gradient":""},"mobile":{"background-color":"","background-image":"","background-repeat":"repeat","background-position":"center center","background-size":"auto","background-attachment":"scroll","background-type":"","background-media":"","overlay-type":"","overlay-color":"","overlay-opacity":"","overlay-gradient":""}},"ast-content-background-meta":{"desktop":{"background-color":"var(--ast-global-color-5)","background-image":"","background-repeat":"repeat","background-position":"center center","background-size":"auto","background-attachment":"scroll","background-type":"","background-media":"","overlay-type":"","overlay-color":"","overlay-opacity":"","overlay-gradient":""},"tablet":{"background-color":"var(--ast-global-color-5)","background-image":"","background-repeat":"repeat","background-position":"center center","background-size":"auto","background-attachment":"scroll","background-type":"","background-media":"","overlay-type":"","overlay-color":"","overlay-opacity":"","overlay-gradient":""},"mobile":{"background-color":"var(--ast-global-color-5)","background-image":"","background-repeat":"repeat","background-position":"center center","background-size":"auto","background-attachment":"scroll","background-type":"","background-media":"","overlay-type":"","overlay-color":"","overlay-opacity":"","overlay-gradient":""}},"_joinchat":[]},"product_brand":[],"product_cat":[80,83],"product_tag":[],"class_list":{"0":"post-4790","1":"product","2":"type-product","3":"status-publish","4":"has-post-thumbnail","6":"product_cat-precipitation-snow-visibility-sensor","7":"product_cat-visibility-sensor","8":"desktop-align-left","9":"tablet-align-left","10":"mobile-align-left","12":"first","13":"instock","14":"shipping-taxable","15":"purchasable","16":"product-type-simple"},"jetpack_sharing_enabled":true,"_links":{"self":[{"href":"https:\/\/ecosentec.com\/es\/wp-json\/wp\/v2\/product\/4790","targetHints":{"allow":["GET"]}}],"collection":[{"href":"https:\/\/ecosentec.com\/es\/wp-json\/wp\/v2\/product"}],"about":[{"href":"https:\/\/ecosentec.com\/es\/wp-json\/wp\/v2\/types\/product"}],"version-history":[{"count":2,"href":"https:\/\/ecosentec.com\/es\/wp-json\/wp\/v2\/product\/4790\/revisions"}],"predecessor-version":[{"id":5605,"href":"https:\/\/ecosentec.com\/es\/wp-json\/wp\/v2\/product\/4790\/revisions\/5605"}],"wp:featuredmedia":[{"embeddable":true,"href":"https:\/\/ecosentec.com\/es\/wp-json\/wp\/v2\/media\/5607"}],"wp:attachment":[{"href":"https:\/\/ecosentec.com\/es\/wp-json\/wp\/v2\/media?parent=4790"}],"wp:term":[{"taxonomy":"product_brand","embeddable":true,"href":"https:\/\/ecosentec.com\/es\/wp-json\/wp\/v2\/product_brand?post=4790"},{"taxonomy":"product_cat","embeddable":true,"href":"https:\/\/ecosentec.com\/es\/wp-json\/wp\/v2\/product_cat?post=4790"},{"taxonomy":"product_tag","embeddable":true,"href":"https:\/\/ecosentec.com\/es\/wp-json\/wp\/v2\/product_tag?post=4790"}],"curies":[{"name":"wp","href":"https:\/\/api.w.org\/{rel}","templated":true}]}}