{"id":4737,"date":"2025-03-27T03:53:36","date_gmt":"2025-03-27T03:53:36","guid":{"rendered":"https:\/\/ecosentec.com\/?post_type=product&#038;p=4737"},"modified":"2025-07-02T08:17:04","modified_gmt":"2025-07-02T08:17:04","slug":"mini-anemometro-sonico","status":"publish","type":"product","link":"https:\/\/ecosentec.com\/es\/producto\/mini-anemometro-sonico\/","title":{"rendered":"Mini anem\u00f3metro s\u00f3nico ES-W302"},"content":{"rendered":"<p class=\"p1\">El minianem\u00f3metro s\u00f3nico ES-W302 utiliza resonancia ultras\u00f3nica para medir la velocidad y direcci\u00f3n del viento. Es muy compacto, pesa solo 89 g y tiene un di\u00e1metro de tan solo 66 mm. Incorpora un chip de bajo consumo, con un consumo de tan solo 0,08 W. La carcasa del anem\u00f3metro ultras\u00f3nico est\u00e1 fabricada con material ASA, resistente a la corrosi\u00f3n y no se decolora. El grado de protecci\u00f3n puede alcanzar IP68, lo que lo hace apto para trabajar en cualquier condici\u00f3n clim\u00e1tica en diversos entornos geogr\u00e1ficos y naturales.<\/p>\n<p class=\"p1\">El anem\u00f3metro ultras\u00f3nico ES-W302 es peque\u00f1o, f\u00e1cil de instalar y sencillo de usar, satisfaciendo las necesidades personalizadas de la mayor\u00eda de los usuarios.<\/p>","protected":false},"excerpt":{"rendered":"<p class=\"p1\">El minianem\u00f3metro s\u00f3nico ES-W302 utiliza resonancia ultras\u00f3nica para medir la velocidad y direcci\u00f3n del viento. Es muy compacto, pesa solo 89 g y tiene un di\u00e1metro de tan solo 66 mm. Incorpora un chip de bajo consumo, con un consumo de tan solo 0,08 W. La carcasa del anem\u00f3metro ultras\u00f3nico est\u00e1 fabricada con material ASA, resistente a la corrosi\u00f3n y no se decolora. El grado de protecci\u00f3n puede alcanzar IP68, lo que lo hace apto para trabajar en cualquier condici\u00f3n clim\u00e1tica en diversos entornos geogr\u00e1ficos y naturales.<\/p>\n<p class=\"p1\">El anem\u00f3metro ultras\u00f3nico ES-W302 es peque\u00f1o, f\u00e1cil de instalar y sencillo de usar, satisfaciendo las necesidades personalizadas de la mayor\u00eda de los usuarios.<\/p>","protected":false},"featured_media":4751,"template":"","meta":{"om_disable_all_campaigns":false,"_monsterinsights_skip_tracking":false,"_monsterinsights_sitenote_active":false,"_monsterinsights_sitenote_note":"","_monsterinsights_sitenote_category":0,"site-sidebar-layout":"default","site-content-layout":"","ast-site-content-layout":"default","site-content-style":"default","site-sidebar-style":"default","ast-global-header-display":"","ast-banner-title-visibility":"","ast-main-header-display":"","ast-hfb-above-header-display":"","ast-hfb-below-header-display":"","ast-hfb-mobile-header-display":"","site-post-title":"","ast-breadcrumbs-content":"","ast-featured-img":"","footer-sml-layout":"","ast-disable-related-posts":"","theme-transparent-header-meta":"default","adv-header-id-meta":"","stick-header-meta":"","header-above-stick-meta":"","header-main-stick-meta":"","header-below-stick-meta":"","astra-migrate-meta-layouts":"set","ast-page-background-enabled":"default","ast-page-background-meta":{"desktop":{"background-color":"","background-image":"","background-repeat":"repeat","background-position":"center center","background-size":"auto","background-attachment":"scroll","background-type":"","background-media":"","overlay-type":"","overlay-color":"","overlay-opacity":"","overlay-gradient":""},"tablet":{"background-color":"","background-image":"","background-repeat":"repeat","background-position":"center center","background-size":"auto","background-attachment":"scroll","background-type":"","background-media":"","overlay-type":"","overlay-color":"","overlay-opacity":"","overlay-gradient":""},"mobile":{"background-color":"","background-image":"","background-repeat":"repeat","background-position":"center center","background-size":"auto","background-attachment":"scroll","background-type":"","background-media":"","overlay-type":"","overlay-color":"","overlay-opacity":"","overlay-gradient":""}},"ast-content-background-meta":{"desktop":{"background-color":"var(--ast-global-color-5)","background-image":"","background-repeat":"repeat","background-position":"center center","background-size":"auto","background-attachment":"scroll","background-type":"","background-media":"","overlay-type":"","overlay-color":"","overlay-opacity":"","overlay-gradient":""},"tablet":{"background-color":"var(--ast-global-color-5)","background-image":"","background-repeat":"repeat","background-position":"center center","background-size":"auto","background-attachment":"scroll","background-type":"","background-media":"","overlay-type":"","overlay-color":"","overlay-opacity":"","overlay-gradient":""},"mobile":{"background-color":"var(--ast-global-color-5)","background-image":"","background-repeat":"repeat","background-position":"center center","background-size":"auto","background-attachment":"scroll","background-type":"","background-media":"","overlay-type":"","overlay-color":"","overlay-opacity":"","overlay-gradient":""}},"_joinchat":[]},"product_brand":[],"product_cat":[77,25],"product_tag":[299,300],"class_list":{"0":"post-4737","1":"product","2":"type-product","3":"status-publish","4":"has-post-thumbnail","6":"product_cat-ultrasonic-wind-sensor","7":"product_cat-wind-sensor","8":"product_tag-ultrasonic-anemometer","9":"product_tag-wind-sensor","10":"desktop-align-left","11":"tablet-align-left","12":"mobile-align-left","14":"first","15":"instock","16":"shipping-taxable","17":"purchasable","18":"product-type-simple"},"jetpack_sharing_enabled":true,"_links":{"self":[{"href":"https:\/\/ecosentec.com\/es\/wp-json\/wp\/v2\/product\/4737","targetHints":{"allow":["GET"]}}],"collection":[{"href":"https:\/\/ecosentec.com\/es\/wp-json\/wp\/v2\/product"}],"about":[{"href":"https:\/\/ecosentec.com\/es\/wp-json\/wp\/v2\/types\/product"}],"version-history":[{"count":4,"href":"https:\/\/ecosentec.com\/es\/wp-json\/wp\/v2\/product\/4737\/revisions"}],"predecessor-version":[{"id":6033,"href":"https:\/\/ecosentec.com\/es\/wp-json\/wp\/v2\/product\/4737\/revisions\/6033"}],"wp:featuredmedia":[{"embeddable":true,"href":"https:\/\/ecosentec.com\/es\/wp-json\/wp\/v2\/media\/4751"}],"wp:attachment":[{"href":"https:\/\/ecosentec.com\/es\/wp-json\/wp\/v2\/media?parent=4737"}],"wp:term":[{"taxonomy":"product_brand","embeddable":true,"href":"https:\/\/ecosentec.com\/es\/wp-json\/wp\/v2\/product_brand?post=4737"},{"taxonomy":"product_cat","embeddable":true,"href":"https:\/\/ecosentec.com\/es\/wp-json\/wp\/v2\/product_cat?post=4737"},{"taxonomy":"product_tag","embeddable":true,"href":"https:\/\/ecosentec.com\/es\/wp-json\/wp\/v2\/product_tag?post=4737"}],"curies":[{"name":"wp","href":"https:\/\/api.w.org\/{rel}","templated":true}]}}