{"id":6622,"date":"2025-04-26T07:30:45","date_gmt":"2025-04-26T07:30:45","guid":{"rendered":"https:\/\/ecosentec.com\/?page_id=6622"},"modified":"2025-04-26T07:42:32","modified_gmt":"2025-04-26T07:42:32","slug":"instrumento-movil-para-analisis-de-suelos","status":"publish","type":"page","link":"https:\/\/ecosentec.com\/es\/instrumento-movil-para-analisis-de-suelos\/","title":{"rendered":"Instrumento m\u00f3vil para an\u00e1lisis de suelos"},"content":{"rendered":"<div data-elementor-type=\"wp-page\" data-elementor-id=\"6622\" class=\"elementor elementor-6622\" data-elementor-post-type=\"page\">\n\t\t\t\t\t\t<section data-particle_enable=\"false\" data-particle-mobile-disabled=\"false\" class=\"elementor-section elementor-top-section elementor-element elementor-element-4c223391 elementor-section-full_width elementor-section-height-default elementor-section-height-default\" data-id=\"4c223391\" data-element_type=\"section\">\n\t\t\t\t\t\t<div class=\"elementor-container elementor-column-gap-no\">\n\t\t\t\t\t<div class=\"elementor-column elementor-col-100 elementor-top-column elementor-element elementor-element-104d2d0e\" data-id=\"104d2d0e\" data-element_type=\"column\" data-settings=\"{&quot;background_background&quot;:&quot;classic&quot;}\">\n\t\t\t<div class=\"elementor-widget-wrap elementor-element-populated\">\n\t\t\t\t\t\t<section data-particle_enable=\"false\" data-particle-mobile-disabled=\"false\" class=\"elementor-section elementor-inner-section elementor-element elementor-element-353916d7 elementor-section-content-middle elementor-section-boxed elementor-section-height-default elementor-section-height-default\" data-id=\"353916d7\" data-element_type=\"section\">\n\t\t\t\t\t\t<div class=\"elementor-container elementor-column-gap-no\">\n\t\t\t\t\t<div class=\"elementor-column elementor-col-100 elementor-inner-column elementor-element elementor-element-106e1e91\" data-id=\"106e1e91\" data-element_type=\"column\">\n\t\t\t<div class=\"elementor-widget-wrap elementor-element-populated\">\n\t\t\t\t\t\t<div class=\"elementor-element elementor-element-5e5bcd3f elementor-widget__width-auto elementor-widget elementor-widget-heading\" data-id=\"5e5bcd3f\" data-element_type=\"widget\" data-widget_type=\"heading.default\">\n\t\t\t\t<div class=\"elementor-widget-container\">\n\t\t\t\t\t<h2 class=\"elementor-heading-title elementor-size-default\">Instrumento m\u00f3vil para an\u00e1lisis de suelos<\/h2>\t\t\t\t<\/div>\n\t\t\t\t<\/div>\n\t\t\t\t\t<\/div>\n\t\t<\/div>\n\t\t\t\t\t<\/div>\n\t\t<\/section>\n\t\t\t\t\t<\/div>\n\t\t<\/div>\n\t\t\t\t\t<\/div>\n\t\t<\/section>\n\t\t\t\t<section data-particle_enable=\"false\" data-particle-mobile-disabled=\"false\" class=\"elementor-section elementor-top-section elementor-element elementor-element-1958cb80 elementor-section-full_width elementor-section-height-default elementor-section-height-default\" data-id=\"1958cb80\" data-element_type=\"section\">\n\t\t\t\t\t\t<div class=\"elementor-container elementor-column-gap-no\">\n\t\t\t\t\t<div class=\"elementor-column elementor-col-100 elementor-top-column elementor-element elementor-element-2e4c1778\" data-id=\"2e4c1778\" data-element_type=\"column\" data-settings=\"{&quot;background_background&quot;:&quot;classic&quot;}\">\n\t\t\t<div class=\"elementor-widget-wrap elementor-element-populated\">\n\t\t\t\t\t\t<section data-particle_enable=\"false\" data-particle-mobile-disabled=\"false\" class=\"elementor-section elementor-inner-section elementor-element elementor-element-8087949 elementor-section-boxed elementor-section-height-default elementor-section-height-default\" data-id=\"8087949\" data-element_type=\"section\">\n\t\t\t\t\t\t<div class=\"elementor-container elementor-column-gap-no\">\n\t\t\t\t\t<div class=\"elementor-column elementor-col-66 elementor-inner-column elementor-element elementor-element-130bc4cf elementor-invisible\" data-id=\"130bc4cf\" data-element_type=\"column\" data-settings=\"{&quot;animation&quot;:&quot;fadeInLeft&quot;}\">\n\t\t\t<div class=\"elementor-widget-wrap elementor-element-populated\">\n\t\t\t\t\t\t<div class=\"elementor-element elementor-element-19c3c85c elementor-widget elementor-widget-heading\" data-id=\"19c3c85c\" data-element_type=\"widget\" data-widget_type=\"heading.default\">\n\t\t\t\t<div class=\"elementor-widget-container\">\n\t\t\t\t\t<h2 class=\"elementor-heading-title elementor-size-default\">Soluci\u00f3n m\u00f3vil de an\u00e1lisis de suelos EcoSentec<\/h2>\t\t\t\t<\/div>\n\t\t\t\t<\/div>\n\t\t\t\t\t<\/div>\n\t\t<\/div>\n\t\t\t\t<div class=\"elementor-column elementor-col-33 elementor-inner-column elementor-element elementor-element-6edb8775\" data-id=\"6edb8775\" data-element_type=\"column\">\n\t\t\t<div class=\"elementor-widget-wrap\">\n\t\t\t\t\t\t\t<\/div>\n\t\t<\/div>\n\t\t\t\t\t<\/div>\n\t\t<\/section>\n\t\t\t\t<section data-particle_enable=\"false\" data-particle-mobile-disabled=\"false\" class=\"elementor-section elementor-inner-section elementor-element elementor-element-644f4479 elementor-section-boxed elementor-section-height-default elementor-section-height-default\" data-id=\"644f4479\" data-element_type=\"section\">\n\t\t\t\t\t\t<div class=\"elementor-container elementor-column-gap-no\">\n\t\t\t\t\t<div class=\"elementor-column elementor-col-100 elementor-inner-column elementor-element elementor-element-1a2a3722\" data-id=\"1a2a3722\" data-element_type=\"column\">\n\t\t\t<div class=\"elementor-widget-wrap elementor-element-populated\">\n\t\t\t\t\t\t<div class=\"elementor-element elementor-element-56f55d3d elementor-invisible elementor-widget elementor-widget-eael-adv-tabs\" data-id=\"56f55d3d\" data-element_type=\"widget\" data-settings=\"{&quot;_animation&quot;:&quot;fadeInUp&quot;}\" data-widget_type=\"eael-adv-tabs.default\">\n\t\t\t\t<div class=\"elementor-widget-container\">\n\t\t\t\t\t        <div data-scroll-on-click=\"no\" data-scroll-speed=\"300\" id=\"eael-advance-tabs-56f55d3d\" class=\"eael-advance-tabs eael-tabs-vertical eael-tab-auto-active  active-caret-on\" data-tabid=\"56f55d3d\">\n            <div class=\"eael-tabs-nav\">\n                <ul class=\"\" role=\"tablist\">\n                                            <li id=\"system-introduction\" class=\"inactive eael-tab-item-trigger eael-tab-nav-item\" aria-selected=\"true\" data-tab=\"1\" role=\"tab\" tabindex=\"0\" aria-controls=\"system-introduction-tab\" aria-expanded=\"false\">\n                            \n                            \n                            \n                                                            <span class=\"eael-tab-title title-after-icon\" >Introducci\u00f3n al sistema<\/span>                                                    <\/li>\n                                            <li id=\"technicalspecification\" class=\"inactive eael-tab-item-trigger eael-tab-nav-item\" aria-selected=\"false\" data-tab=\"2\" role=\"tab\" tabindex=\"-1\" aria-controls=\"technicalspecification-tab\" aria-expanded=\"false\">\n                            \n                            \n                            \n                                                            <span class=\"eael-tab-title title-after-icon\" >especificaci\u00f3n t\u00e9cnica<\/span>                                                    <\/li>\n                                            <li id=\"selection-of-testing-methods\" class=\"inactive eael-tab-item-trigger eael-tab-nav-item\" aria-selected=\"false\" data-tab=\"3\" role=\"tab\" tabindex=\"-1\" aria-controls=\"selection-of-testing-methods-tab\" aria-expanded=\"false\">\n                            \n                            \n                            \n                                                            <span class=\"eael-tab-title title-after-icon\" >Selecci\u00f3n de m\u00e9todos de prueba<\/span>                                                    <\/li>\n                                    <\/ul>\n            <\/div>\n            \n            <div class=\"eael-tabs-content\">\n\t\t        \n                    <div id=\"system-introduction-tab\" class=\"clearfix eael-tab-content-item inactive\" data-title-link=\"system-introduction-tab\">\n\t\t\t\t        <h2 class=\"elementor-heading-title elementor-size-default elementor-inline-editing pen\" contenteditable=\"true\" data-elementor-setting-key=\"title\" data-pen-placeholder=\"Type Here...\">Instrumento m\u00f3vil para an\u00e1lisis de suelos<\/h2><p class=\"\" data-start=\"74\" data-end=\"800\">Este instrumento port\u00e1til, compacto y f\u00e1cil de usar, para an\u00e1lisis de suelos est\u00e1 dise\u00f1ado para un an\u00e1lisis r\u00e1pido y preciso in situ. Se conecta directamente a su tel\u00e9fono inteligente y funciona a la perfecci\u00f3n con una aplicaci\u00f3n gratuita e intuitiva. Con mediciones inmediatas y visualizaci\u00f3n de datos en tiempo real, los usuarios pueden obtener lecturas precisas del estado del suelo en cualquier momento y lugar. Su dise\u00f1o port\u00e1til lo hace ideal para el trabajo de campo, la agricultura, la jardiner\u00eda y el monitoreo ambiental.<\/p><p data-start=\"74\" data-end=\"800\"><img fetchpriority=\"high\" decoding=\"async\" data-recalc-dims=\"1\" class=\"alignnone wp-image-6624 size-full\" src=\"https:\/\/i0.wp.com\/ecosentec.com\/wp-content\/uploads\/2025\/04\/mobile-soil-sensor-parameter.jpg?resize=650%2C500&#038;ssl=1\" alt=\"sensor de suelo m\u00f3vil\" width=\"650\" height=\"500\" srcset=\"https:\/\/i0.wp.com\/ecosentec.com\/wp-content\/uploads\/2025\/04\/mobile-soil-sensor-parameter.jpg?w=650&amp;ssl=1 650w, https:\/\/i0.wp.com\/ecosentec.com\/wp-content\/uploads\/2025\/04\/mobile-soil-sensor-parameter.jpg?resize=300%2C231&amp;ssl=1 300w, https:\/\/i0.wp.com\/ecosentec.com\/wp-content\/uploads\/2025\/04\/mobile-soil-sensor-parameter.jpg?resize=600%2C462&amp;ssl=1 600w\" sizes=\"(max-width: 650px) 100vw, 650px\" \/><\/p>                    <\/div>\n\t\t        \n                    <div id=\"technicalspecification-tab\" class=\"clearfix eael-tab-content-item inactive\" data-title-link=\"technicalspecification-tab\">\n\t\t\t\t        <table><tbody><tr><td><p>PAR\u00c1METROS<\/p><\/td><td><p>Humedad del suelo<\/p><\/td><td><p>Temperatura del suelo<\/p><\/td><td><p>CE del suelo<\/p><\/td><td><p>pH del suelo<\/p><\/td><td><p>NPK del suelo<\/p><\/td><\/tr><tr><td><p>Rango<\/p><\/td><td><p>0%-100%<\/p><\/td><td><p>-40\u2103~+80\u2103<\/p><\/td><td><p>0-20000 \u00b5s\/cm<\/p><\/td><td><p>3~9PH<\/p><\/td><td><p>0~1999 mg\/kg<\/p><\/td><\/tr><tr><td><p>Exactitud<\/p><\/td><td><p>\u00b12% dentro de 0-50%, \u00b13% dentro de 50-100%<\/p><p>(Suelo marr\u00f3n, 60%, 25\u2103)<\/p><\/td><td><p>\u00b10,5 \u2103 (25 \u2103)<\/p><\/td><td><p>\u00b13% (0-10000 us\/cm); \u00b15% (10000-20000 us\/cm)<\/p><p>(suelo marr\u00f3n, 60%RH, 25\u2103)<\/p><\/td><td><p>\u00b10,3 pH (suelo marr\u00f3n, 60%RH, 25 \u00b0C)<\/p><\/td><td><p>\u00b12%F.S<\/p><\/td><\/tr><tr><td><p>Resoluci\u00f3n<\/p><\/td><td><p>0.1%<\/p><\/td><td><p>0,1\u2103<\/p><\/td><td><p>1 \u00b5s\/cm<\/p><\/td><td><p>0.1<\/p><\/td><td><p>1 mg\/kg (mg\/l)<\/p><\/td><\/tr><tr><td><p>Temperatura de trabajo<\/p><\/td><td colspan=\"5\"><p>-20 ~+60\u2103<\/p><\/td><\/tr><tr><td><p>Temperatura de compensaci\u00f3n<\/p><\/td><td colspan=\"5\"><p>Rango de compensaci\u00f3n 0-50\u2103<\/p><\/td><\/tr><tr><td><p>Fuente de alimentaci\u00f3n<\/p><\/td><td colspan=\"5\"><p>5~30 V CC<\/p><\/td><\/tr><tr><td><p>Consumo m\u00e1ximo de energ\u00eda<\/p><\/td><td colspan=\"5\"><p>RS485: 0,5 W (24 V CC); Corriente: 0,4 W (12 V CC); Voltaje: 0,3 W (12 V CC)<\/p><\/td><\/tr><tr><td><p>Salida de se\u00f1al<\/p><\/td><td colspan=\"5\"><p>4~20 mA, 0~5 V, RS485, SDI-12<\/p><\/td><\/tr><tr><td><p>Protecci\u00f3n<\/p><\/td><td colspan=\"5\"><p>IP68<\/p><\/td><\/tr><tr><td><p>Material de la sonda del sensor<\/p><\/td><td colspan=\"5\"><p>316, Electrodo especial anticorrosi\u00f3n<\/p><\/td><\/tr><tr><td><p>Material de sellado<\/p><\/td><td colspan=\"5\"><p>Resina epoxi retardante de llama negra<\/p><\/td><\/tr><tr><td><p>Longitud del cable<\/p><\/td><td colspan=\"5\"><p>2 metros por defecto, la longitud del cable se puede personalizar seg\u00fan sea necesario<\/p><\/td><\/tr><tr><td><p>Dimensi\u00f3n<\/p><\/td><td colspan=\"5\"><p>45*15*123 mm<\/p><\/td><\/tr><\/tbody><\/table>                    <\/div>\n\t\t        \n                    <div id=\"selection-of-testing-methods-tab\" class=\"clearfix eael-tab-content-item inactive\" data-title-link=\"selection-of-testing-methods-tab\">\n\t\t\t\t        <p class=\"\" data-start=\"556\" data-end=\"632\">El dispositivo admite ambos <strong data-start=\"581\" data-end=\"598\">pruebas r\u00e1pidas<\/strong> y <strong data-start=\"603\" data-end=\"621\">pruebas enterradas<\/strong> m\u00e9todos:<\/p><ul data-start=\"633\" data-end=\"939\"><li class=\"\" data-start=\"633\" data-end=\"778\"><p class=\"\" data-start=\"635\" data-end=\"778\"><strong data-start=\"635\" data-end=\"659\">M\u00e9todo de prueba r\u00e1pida<\/strong>: Mida r\u00e1pidamente los par\u00e1metros del suelo insertando el sensor directamente en la superficie del suelo, ideal para controles puntuales r\u00e1pidos.<\/p><\/li><li class=\"\" data-start=\"779\" data-end=\"939\"><p class=\"\" data-start=\"781\" data-end=\"939\"><strong data-start=\"781\" data-end=\"806\">M\u00e9todo de prueba enterrado<\/strong>:Entierre el sensor a profundidades espec\u00edficas para un monitoreo del suelo m\u00e1s estable y a largo plazo, perfecto para investigaciones detalladas y gesti\u00f3n de cultivos.<\/p><\/li><\/ul><article class=\"text-token-text-primary w-full\" dir=\"auto\" data-testid=\"conversation-turn-8\" data-scroll-anchor=\"true\"><div class=\"text-base my-auto mx-auto py-5 [--thread-content-margin:--spacing(4)] @[37rem]:[--thread-content-margin:--spacing(6)] @[70rem]:[--thread-content-margin:--spacing(12)] px-(--thread-content-margin)\"><div class=\"[--thread-content-max-width:32rem] @[34rem]:[--thread-content-max-width:40rem] @[64rem]:[--thread-content-max-width:48rem] mx-auto flex max-w-(--thread-content-max-width) flex-1 text-base gap-4 md:gap-5 lg:gap-6 group\/turn-messages focus-visible:outline-hidden\" tabindex=\"-1\"><div class=\"group\/conversation-turn relative flex w-full min-w-0 flex-col agent-turn\"><div class=\"relative flex-col gap-1 md:gap-3\"><div class=\"mt-3 w-full empty:hidden\"><div class=\"text-center\"><img decoding=\"async\" data-recalc-dims=\"1\" class=\"aligncenter wp-image-6625 size-full\" src=\"https:\/\/i0.wp.com\/ecosentec.com\/wp-content\/uploads\/2025\/04\/two-method-measure.jpg?resize=650%2C500&#038;ssl=1\" alt=\"Sensor de suelo con dos m\u00e9todos de medici\u00f3n\" width=\"650\" height=\"500\" srcset=\"https:\/\/i0.wp.com\/ecosentec.com\/wp-content\/uploads\/2025\/04\/two-method-measure.jpg?w=650&amp;ssl=1 650w, https:\/\/i0.wp.com\/ecosentec.com\/wp-content\/uploads\/2025\/04\/two-method-measure.jpg?resize=300%2C231&amp;ssl=1 300w, https:\/\/i0.wp.com\/ecosentec.com\/wp-content\/uploads\/2025\/04\/two-method-measure.jpg?resize=600%2C462&amp;ssl=1 600w\" sizes=\"(max-width: 650px) 100vw, 650px\" \/><\/div><\/div><\/div><div class=\"absolute\"><div class=\"flex items-center justify-center\">\u00a0<\/div><\/div><\/div><\/div><\/div><\/article><div class=\"pointer-events-none h-px w-px\" aria-hidden=\"true\" data-edge=\"true\">\u00a0<\/div>                    <\/div>\n\t\t                    <\/div>\n        <\/div>\n\t\t\t\t<\/div>\n\t\t\t\t<\/div>\n\t\t\t\t\t<\/div>\n\t\t<\/div>\n\t\t\t\t\t<\/div>\n\t\t<\/section>\n\t\t\t\t\t<\/div>\n\t\t<\/div>\n\t\t\t\t\t<\/div>\n\t\t<\/section>\n\t\t\t\t<section data-particle_enable=\"false\" data-particle-mobile-disabled=\"false\" class=\"elementor-section elementor-top-section elementor-element elementor-element-bee132b elementor-section-full_width elementor-section-height-default elementor-section-height-default\" data-id=\"bee132b\" data-element_type=\"section\">\n\t\t\t\t\t\t<div class=\"elementor-container elementor-column-gap-no\">\n\t\t\t\t\t<div class=\"elementor-column elementor-col-100 elementor-top-column elementor-element elementor-element-53f035c\" data-id=\"53f035c\" data-element_type=\"column\" data-settings=\"{&quot;background_background&quot;:&quot;classic&quot;}\">\n\t\t\t<div class=\"elementor-widget-wrap elementor-element-populated\">\n\t\t\t\t\t\t<section data-particle_enable=\"false\" data-particle-mobile-disabled=\"false\" class=\"elementor-section elementor-inner-section elementor-element elementor-element-207b8b9 elementor-section-boxed elementor-section-height-default elementor-section-height-default\" data-id=\"207b8b9\" data-element_type=\"section\">\n\t\t\t\t\t\t<div class=\"elementor-container elementor-column-gap-no\">\n\t\t\t\t\t<div class=\"elementor-column elementor-col-66 elementor-inner-column elementor-element elementor-element-2fecacb elementor-invisible\" data-id=\"2fecacb\" data-element_type=\"column\" data-settings=\"{&quot;animation&quot;:&quot;fadeInLeft&quot;}\">\n\t\t\t<div class=\"elementor-widget-wrap elementor-element-populated\">\n\t\t\t\t\t\t<div class=\"elementor-element elementor-element-e53fab9 elementor-widget elementor-widget-heading\" data-id=\"e53fab9\" data-element_type=\"widget\" data-widget_type=\"heading.default\">\n\t\t\t\t<div class=\"elementor-widget-container\">\n\t\t\t\t\t<h2 class=\"elementor-heading-title elementor-size-default\">Introducci\u00f3n a las funciones de la aplicaci\u00f3n<\/h2>\t\t\t\t<\/div>\n\t\t\t\t<\/div>\n\t\t\t\t\t<\/div>\n\t\t<\/div>\n\t\t\t\t<div class=\"elementor-column elementor-col-33 elementor-inner-column elementor-element elementor-element-d530129\" data-id=\"d530129\" data-element_type=\"column\">\n\t\t\t<div class=\"elementor-widget-wrap\">\n\t\t\t\t\t\t\t<\/div>\n\t\t<\/div>\n\t\t\t\t\t<\/div>\n\t\t<\/section>\n\t\t\t\t<section data-particle_enable=\"false\" data-particle-mobile-disabled=\"false\" class=\"elementor-section elementor-inner-section elementor-element elementor-element-dfc17dd elementor-section-boxed elementor-section-height-default elementor-section-height-default\" data-id=\"dfc17dd\" data-element_type=\"section\">\n\t\t\t\t\t\t<div class=\"elementor-container elementor-column-gap-no\">\n\t\t\t\t\t<div class=\"elementor-column elementor-col-100 elementor-inner-column elementor-element elementor-element-ced9af7\" data-id=\"ced9af7\" data-element_type=\"column\">\n\t\t\t<div class=\"elementor-widget-wrap elementor-element-populated\">\n\t\t\t\t\t\t<div class=\"elementor-element elementor-element-44ca729 elementor-widget elementor-widget-text-editor\" data-id=\"44ca729\" data-element_type=\"widget\" data-widget_type=\"text-editor.default\">\n\t\t\t\t<div class=\"elementor-widget-container\">\n\t\t\t\t\t\t\t\t\t<p class=\"\" data-start=\"145\" data-end=\"324\">Dise\u00f1ada para facilitar su uso y realizar an\u00e1lisis a nivel profesional, la aplicaci\u00f3n m\u00f3vil mejora la funcionalidad del instrumento de prueba de suelo con potentes funciones:<\/p><p class=\"\" data-start=\"328\" data-end=\"462\">\ud83c\udf10 <strong data-start=\"331\" data-end=\"357\">Interfaz multiling\u00fce<\/strong>:Admite intercambiabilidad de interfaz entre <strong data-start=\"403\" data-end=\"418\">8 idiomas<\/strong>, haci\u00e9ndolo accesible a usuarios de todo el mundo.<\/p><p class=\"\" data-start=\"328\" data-end=\"462\">\ud83d\udcca <strong data-start=\"468\" data-end=\"494\">Visualizaci\u00f3n de datos en tiempo real<\/strong>:Vea instant\u00e1neamente las lecturas del suelo en su dispositivo m\u00f3vil.<\/p><p data-start=\"328\" data-end=\"462\"><img decoding=\"async\" data-recalc-dims=\"1\" class=\"aligncenter wp-image-6627 size-full\" src=\"https:\/\/i0.wp.com\/ecosentec.com\/wp-content\/uploads\/2025\/04\/soil-sensor-app-functions-2.jpg?resize=650%2C500&#038;ssl=1\" alt=\"Funciones de la aplicaci\u00f3n del sensor de suelo\" width=\"650\" height=\"500\" srcset=\"https:\/\/i0.wp.com\/ecosentec.com\/wp-content\/uploads\/2025\/04\/soil-sensor-app-functions-2.jpg?w=650&amp;ssl=1 650w, https:\/\/i0.wp.com\/ecosentec.com\/wp-content\/uploads\/2025\/04\/soil-sensor-app-functions-2.jpg?resize=300%2C231&amp;ssl=1 300w, https:\/\/i0.wp.com\/ecosentec.com\/wp-content\/uploads\/2025\/04\/soil-sensor-app-functions-2.jpg?resize=600%2C462&amp;ssl=1 600w\" sizes=\"(max-width: 650px) 100vw, 650px\" \/><\/p><p class=\"\" data-start=\"552\" data-end=\"671\">\ud83d\uddc3\ufe0f <strong data-start=\"556\" data-end=\"596\">Almacenamiento y gesti\u00f3n de datos hist\u00f3ricos<\/strong>:Guarde, visualice y administre registros de mediciones anteriores para an\u00e1lisis a largo plazo.<\/p><p class=\"\" data-start=\"674\" data-end=\"781\">\ud83d\udcc8 <strong data-start=\"677\" data-end=\"705\">An\u00e1lisis gr\u00e1fico de tendencias<\/strong>:Visualice los cambios en los par\u00e1metros del suelo a lo largo del tiempo con gr\u00e1ficos f\u00e1ciles de leer.<\/p><p class=\"\" data-start=\"784\" data-end=\"886\">\ud83d\udce4 <strong data-start=\"787\" data-end=\"812\">Exportaci\u00f3n de datos con un solo clic<\/strong>:Exportar datos en <strong data-start=\"829\" data-end=\"838\">Sobresalir<\/strong> o <strong data-start=\"842\" data-end=\"849\">PDF<\/strong> Formatos para informar y compartir.<\/p><p><img loading=\"lazy\" decoding=\"async\" data-recalc-dims=\"1\" class=\"aligncenter wp-image-6626 size-full\" src=\"https:\/\/i0.wp.com\/ecosentec.com\/wp-content\/uploads\/2025\/04\/soil-sensor-mobile-function.jpg?resize=650%2C500&#038;ssl=1\" alt=\"Funciones m\u00f3viles del sensor de suelo\" width=\"650\" height=\"500\" srcset=\"https:\/\/i0.wp.com\/ecosentec.com\/wp-content\/uploads\/2025\/04\/soil-sensor-mobile-function.jpg?w=650&amp;ssl=1 650w, https:\/\/i0.wp.com\/ecosentec.com\/wp-content\/uploads\/2025\/04\/soil-sensor-mobile-function.jpg?resize=300%2C231&amp;ssl=1 300w, https:\/\/i0.wp.com\/ecosentec.com\/wp-content\/uploads\/2025\/04\/soil-sensor-mobile-function.jpg?resize=600%2C462&amp;ssl=1 600w\" sizes=\"(max-width: 650px) 100vw, 650px\" \/><\/p><p>\u00a0<\/p>\t\t\t\t\t\t\t\t<\/div>\n\t\t\t\t<\/div>\n\t\t\t\t\t<\/div>\n\t\t<\/div>\n\t\t\t\t\t<\/div>\n\t\t<\/section>\n\t\t\t\t\t<\/div>\n\t\t<\/div>\n\t\t\t\t\t<\/div>\n\t\t<\/section>\n\t\t\t\t<\/div>","protected":false},"excerpt":{"rendered":"<p>Mobile soil testing instrument EcoSentec Mobile Soil Testing \u200bSolution System Introduction technical\u00a0specification Selection of testing methods Mobile Soil Testing Instrument\u200b This compact and user-friendly mobile soil testing instrument is designed for quick and accurate on-site soil analysis. It connects directly to your smartphone and works seamlessly with a free, intuitive app. With immediate measurement and [&hellip;]<\/p>","protected":false},"author":1,"featured_media":0,"parent":0,"menu_order":0,"comment_status":"closed","ping_status":"closed","template":"elementor_header_footer","meta":{"om_disable_all_campaigns":false,"_monsterinsights_skip_tracking":false,"_monsterinsights_sitenote_active":false,"_monsterinsights_sitenote_note":"","_monsterinsights_sitenote_category":0,"site-sidebar-layout":"no-sidebar","site-content-layout":"page-builder","ast-site-content-layout":"full-width-container","site-content-style":"default","site-sidebar-style":"default","ast-global-header-display":"","ast-banner-title-visibility":"","ast-main-header-display":"","ast-hfb-above-header-display":"","ast-hfb-below-header-display":"","ast-hfb-mobile-header-display":"","site-post-title":"disabled","ast-breadcrumbs-content":"","ast-featured-img":"disabled","footer-sml-layout":"","ast-disable-related-posts":"","theme-transparent-header-meta":"","adv-header-id-meta":"","stick-header-meta":"","header-above-stick-meta":"","header-main-stick-meta":"","header-below-stick-meta":"","astra-migrate-meta-layouts":"set","ast-page-background-enabled":"default","ast-page-background-meta":{"desktop":{"background-color":"","background-image":"","background-repeat":"repeat","background-position":"center center","background-size":"auto","background-attachment":"scroll","background-type":"","background-media":"","overlay-type":"","overlay-color":"","overlay-opacity":"","overlay-gradient":""},"tablet":{"background-color":"","background-image":"","background-repeat":"repeat","background-position":"center center","background-size":"auto","background-attachment":"scroll","background-type":"","background-media":"","overlay-type":"","overlay-color":"","overlay-opacity":"","overlay-gradient":""},"mobile":{"background-color":"","background-image":"","background-repeat":"repeat","background-position":"center center","background-size":"auto","background-attachment":"scroll","background-type":"","background-media":"","overlay-type":"","overlay-color":"","overlay-opacity":"","overlay-gradient":""}},"ast-content-background-meta":{"desktop":{"background-color":"var(--ast-global-color-5)","background-image":"","background-repeat":"repeat","background-position":"center center","background-size":"auto","background-attachment":"scroll","background-type":"","background-media":"","overlay-type":"","overlay-color":"","overlay-opacity":"","overlay-gradient":""},"tablet":{"background-color":"var(--ast-global-color-5)","background-image":"","background-repeat":"repeat","background-position":"center center","background-size":"auto","background-attachment":"scroll","background-type":"","background-media":"","overlay-type":"","overlay-color":"","overlay-opacity":"","overlay-gradient":""},"mobile":{"background-color":"var(--ast-global-color-5)","background-image":"","background-repeat":"repeat","background-position":"center center","background-size":"auto","background-attachment":"scroll","background-type":"","background-media":"","overlay-type":"","overlay-color":"","overlay-opacity":"","overlay-gradient":""}},"_joinchat":[],"footnotes":""},"class_list":["post-6622","page","type-page","status-publish","hentry"],"jetpack_sharing_enabled":true,"_links":{"self":[{"href":"https:\/\/ecosentec.com\/es\/wp-json\/wp\/v2\/pages\/6622","targetHints":{"allow":["GET"]}}],"collection":[{"href":"https:\/\/ecosentec.com\/es\/wp-json\/wp\/v2\/pages"}],"about":[{"href":"https:\/\/ecosentec.com\/es\/wp-json\/wp\/v2\/types\/page"}],"author":[{"embeddable":true,"href":"https:\/\/ecosentec.com\/es\/wp-json\/wp\/v2\/users\/1"}],"replies":[{"embeddable":true,"href":"https:\/\/ecosentec.com\/es\/wp-json\/wp\/v2\/comments?post=6622"}],"version-history":[{"count":3,"href":"https:\/\/ecosentec.com\/es\/wp-json\/wp\/v2\/pages\/6622\/revisions"}],"predecessor-version":[{"id":6630,"href":"https:\/\/ecosentec.com\/es\/wp-json\/wp\/v2\/pages\/6622\/revisions\/6630"}],"wp:attachment":[{"href":"https:\/\/ecosentec.com\/es\/wp-json\/wp\/v2\/media?parent=6622"}],"curies":[{"name":"wp","href":"https:\/\/api.w.org\/{rel}","templated":true}]}}