{"id":6884,"date":"2025-05-30T11:29:13","date_gmt":"2025-05-30T11:29:13","guid":{"rendered":"https:\/\/ecosentec.com\/?post_type=product&#038;p=6884"},"modified":"2025-05-30T11:31:41","modified_gmt":"2025-05-30T11:31:41","slug":"wassergeschwindigkeitsmesser","status":"publish","type":"product","link":"https:\/\/ecosentec.com\/de\/produkt\/wassergeschwindigkeitsmesser\/","title":{"rendered":"ES-W6100 K-Band-Funk-Flussgeschwindigkeitsmesser"},"content":{"rendered":"<p class=\"p1\">Der Funkwellengeschwindigkeitsmesser ES-W6100 ist ein von unserem Unternehmen eigenst\u00e4ndig entwickeltes Ger\u00e4t zur ber\u00fchrungslosen Str\u00f6mungsgeschwindigkeitserkennung, das zur \u00dcberwachung der Oberfl\u00e4chengeschwindigkeit von Gew\u00e4ssern wie nat\u00fcrlichen Fl\u00fcssen, offenen Kan\u00e4len und unterirdischen Rohrleitungsnetzen sowie zur Unterst\u00fctzung von Wasseraufbereitungsvorg\u00e4ngen eingesetzt werden kann.<\/p>\n<p class=\"p1\">Dieser Funkwellen-Durchflussmesser arbeitet im 24-GHz-ISM-Frequenzband und nutzt den CW-Modus. Er erfasst die Flie\u00dfgeschwindigkeit rund um die Uhr in Echtzeit und ist unabh\u00e4ngig von Klima, Temperatur, Wasserdampf auf der Wasseroberfl\u00e4che und Schadstoffen im Wasser. Das Produkt verf\u00fcgt \u00fcber einen integrierten, effizienten Back-End-Verarbeitungsalgorithmus, der die Flie\u00dfgeschwindigkeit pr\u00e4zise ermittelt.<\/p>\n<p class=\"p1\">Dieses Produkt bietet drei standardm\u00e4\u00dfige physikalische Schaltkreisschnittstellen: RS232, RS485 (Standard), 4\u201320 mA.<\/p>","protected":false},"excerpt":{"rendered":"<p>Der Funkwellengeschwindigkeitsmesser ES-W6100 ist ein von unserem Unternehmen eigenst\u00e4ndig entwickeltes Ger\u00e4t zur ber\u00fchrungslosen Str\u00f6mungsgeschwindigkeitserkennung, das zur \u00dcberwachung der Oberfl\u00e4chengeschwindigkeit von Gew\u00e4ssern wie nat\u00fcrlichen Fl\u00fcssen, offenen Kan\u00e4len und unterirdischen Rohrleitungsnetzen sowie zur Unterst\u00fctzung von Wasseraufbereitungsvorg\u00e4ngen eingesetzt werden kann.<\/p>","protected":false},"featured_media":6885,"template":"","meta":{"om_disable_all_campaigns":false,"_monsterinsights_skip_tracking":false,"_monsterinsights_sitenote_active":false,"_monsterinsights_sitenote_note":"","_monsterinsights_sitenote_category":0,"site-sidebar-layout":"default","site-content-layout":"default","ast-site-content-layout":"default","site-content-style":"default","site-sidebar-style":"default","ast-global-header-display":"","ast-banner-title-visibility":"","ast-main-header-display":"","ast-hfb-above-header-display":"","ast-hfb-below-header-display":"","ast-hfb-mobile-header-display":"","site-post-title":"","ast-breadcrumbs-content":"","ast-featured-img":"","footer-sml-layout":"","ast-disable-related-posts":"","theme-transparent-header-meta":"default","adv-header-id-meta":"","stick-header-meta":"","header-above-stick-meta":"","header-main-stick-meta":"","header-below-stick-meta":"","astra-migrate-meta-layouts":"set","ast-page-background-enabled":"default","ast-page-background-meta":{"desktop":{"background-color":"","background-image":"","background-repeat":"repeat","background-position":"center center","background-size":"auto","background-attachment":"scroll","background-type":"","background-media":"","overlay-type":"","overlay-color":"","overlay-opacity":"","overlay-gradient":""},"tablet":{"background-color":"","background-image":"","background-repeat":"repeat","background-position":"center center","background-size":"auto","background-attachment":"scroll","background-type":"","background-media":"","overlay-type":"","overlay-color":"","overlay-opacity":"","overlay-gradient":""},"mobile":{"background-color":"","background-image":"","background-repeat":"repeat","background-position":"center center","background-size":"auto","background-attachment":"scroll","background-type":"","background-media":"","overlay-type":"","overlay-color":"","overlay-opacity":"","overlay-gradient":""}},"ast-content-background-meta":{"desktop":{"background-color":"var(--ast-global-color-5)","background-image":"","background-repeat":"repeat","background-position":"center center","background-size":"auto","background-attachment":"scroll","background-type":"","background-media":"","overlay-type":"","overlay-color":"","overlay-opacity":"","overlay-gradient":""},"tablet":{"background-color":"var(--ast-global-color-5)","background-image":"","background-repeat":"repeat","background-position":"center center","background-size":"auto","background-attachment":"scroll","background-type":"","background-media":"","overlay-type":"","overlay-color":"","overlay-opacity":"","overlay-gradient":""},"mobile":{"background-color":"var(--ast-global-color-5)","background-image":"","background-repeat":"repeat","background-position":"center center","background-size":"auto","background-attachment":"scroll","background-type":"","background-media":"","overlay-type":"","overlay-color":"","overlay-opacity":"","overlay-gradient":""}},"_joinchat":[]},"product_brand":[],"product_cat":[286,284],"product_tag":[],"class_list":{"0":"post-6884","1":"product","2":"type-product","3":"status-publish","4":"has-post-thumbnail","6":"product_cat-water-conservancy-sensor","7":"product_cat-water-quality-and-conservancy-sensor","8":"desktop-align-left","9":"tablet-align-left","10":"mobile-align-left","12":"first","13":"instock","14":"shipping-taxable","15":"purchasable","16":"product-type-simple"},"jetpack_sharing_enabled":true,"_links":{"self":[{"href":"https:\/\/ecosentec.com\/de\/wp-json\/wp\/v2\/product\/6884","targetHints":{"allow":["GET"]}}],"collection":[{"href":"https:\/\/ecosentec.com\/de\/wp-json\/wp\/v2\/product"}],"about":[{"href":"https:\/\/ecosentec.com\/de\/wp-json\/wp\/v2\/types\/product"}],"version-history":[{"count":3,"href":"https:\/\/ecosentec.com\/de\/wp-json\/wp\/v2\/product\/6884\/revisions"}],"predecessor-version":[{"id":7077,"href":"https:\/\/ecosentec.com\/de\/wp-json\/wp\/v2\/product\/6884\/revisions\/7077"}],"wp:featuredmedia":[{"embeddable":true,"href":"https:\/\/ecosentec.com\/de\/wp-json\/wp\/v2\/media\/6885"}],"wp:attachment":[{"href":"https:\/\/ecosentec.com\/de\/wp-json\/wp\/v2\/media?parent=6884"}],"wp:term":[{"taxonomy":"product_brand","embeddable":true,"href":"https:\/\/ecosentec.com\/de\/wp-json\/wp\/v2\/product_brand?post=6884"},{"taxonomy":"product_cat","embeddable":true,"href":"https:\/\/ecosentec.com\/de\/wp-json\/wp\/v2\/product_cat?post=6884"},{"taxonomy":"product_tag","embeddable":true,"href":"https:\/\/ecosentec.com\/de\/wp-json\/wp\/v2\/product_tag?post=6884"}],"curies":[{"name":"wp","href":"https:\/\/api.w.org\/{rel}","templated":true}]}}