{"id":6870,"date":"2025-05-30T11:11:02","date_gmt":"2025-05-30T11:11:02","guid":{"rendered":"https:\/\/ecosentec.com\/?post_type=product&#038;p=6870"},"modified":"2025-06-17T03:45:28","modified_gmt":"2025-06-17T03:45:28","slug":"radar-durchflussmesser","status":"publish","type":"product","link":"https:\/\/ecosentec.com\/de\/produkt\/radar-durchflussmesser\/","title":{"rendered":"ES-L6000 Radar-Wasserstand-, Durchfluss- und Radar-Durchflussmesser"},"content":{"rendered":"<p class=\"p1\">ES-L6000 Radar-Wasserstands-, Durchfluss- und Durchflussmesser. Das Produkt verwendet 24-GHz-Flugradartechnologie und erm\u00f6glicht eine ber\u00fchrungslose, unbemannte Standort\u00fcberwachung in den Bereichen Hydrologie, Wasserwirtschaft, Entw\u00e4sserung und Bew\u00e4sserung.<\/p>\n<p class=\"p1\">Der Radar-Durchflussmesser ist ein Durchflussmesser, der gem\u00e4\u00df nationalen Standards und basierend auf der tats\u00e4chlichen Situation hydrologischer Standorte in China entwickelt wurde. Dieses Radar nutzt den Doppler-Effekt, um die Position und relative Geschwindigkeit beweglicher Ziele zu ermitteln. Der mithilfe modernster Signalverarbeitungstechnologie entwickelte Mehrpunkt- und Mehrschicht-Flie\u00dfgeschwindigkeitsanalysator hat den gr\u00f6\u00dften Vorteil, dass er je nach Bedarf seitlich oder oberhalb des zu messenden Flusses oder Kanals installiert werden kann. Die Installationsmethode kann den \u00f6rtlichen Bedingungen entsprechend angepasst werden, um pr\u00e4zise Messungen zu gew\u00e4hrleisten. F\u00fcr mehrere Geschwindigkeitswerte innerhalb des Radarsektors wird die Durchschnittsgeschwindigkeit anhand dieser Geschwindigkeitsdaten berechnet. Anschlie\u00dfend kann die Wasserstandskartierung vor Ort die Str\u00f6mung von Fl\u00fcssen mit Querschnitten verschiedener regelm\u00e4\u00dfiger oder unregelm\u00e4\u00dfiger Fl\u00fcssigkeiten genau berechnen. Dies vereinfacht die traditionelle Methode der Wassermessung in der Wasserwirtschaft erheblich und bietet einen qualitativen Sprung in Bezug auf Genauigkeit, Stabilit\u00e4t und Echtzeitleistung.<\/p>","protected":false},"excerpt":{"rendered":"<p>ES-L6000 Radar-Wasserstands-, Durchfluss- und Durchflussmesser. Das Produkt verwendet 24-GHz-Flugradartechnologie und erm\u00f6glicht eine ber\u00fchrungslose, unbemannte Standort\u00fcberwachung in den Bereichen Hydrologie, Wasserwirtschaft, Entw\u00e4sserung und Bew\u00e4sserung.<\/p>","protected":false},"featured_media":6872,"template":"","meta":{"om_disable_all_campaigns":false,"_monsterinsights_skip_tracking":false,"_monsterinsights_sitenote_active":false,"_monsterinsights_sitenote_note":"","_monsterinsights_sitenote_category":0,"site-sidebar-layout":"default","site-content-layout":"default","ast-site-content-layout":"default","site-content-style":"default","site-sidebar-style":"default","ast-global-header-display":"","ast-banner-title-visibility":"","ast-main-header-display":"","ast-hfb-above-header-display":"","ast-hfb-below-header-display":"","ast-hfb-mobile-header-display":"","site-post-title":"","ast-breadcrumbs-content":"","ast-featured-img":"","footer-sml-layout":"","ast-disable-related-posts":"","theme-transparent-header-meta":"default","adv-header-id-meta":"","stick-header-meta":"","header-above-stick-meta":"","header-main-stick-meta":"","header-below-stick-meta":"","astra-migrate-meta-layouts":"set","ast-page-background-enabled":"default","ast-page-background-meta":{"desktop":{"background-color":"","background-image":"","background-repeat":"repeat","background-position":"center center","background-size":"auto","background-attachment":"scroll","background-type":"","background-media":"","overlay-type":"","overlay-color":"","overlay-opacity":"","overlay-gradient":""},"tablet":{"background-color":"","background-image":"","background-repeat":"repeat","background-position":"center center","background-size":"auto","background-attachment":"scroll","background-type":"","background-media":"","overlay-type":"","overlay-color":"","overlay-opacity":"","overlay-gradient":""},"mobile":{"background-color":"","background-image":"","background-repeat":"repeat","background-position":"center center","background-size":"auto","background-attachment":"scroll","background-type":"","background-media":"","overlay-type":"","overlay-color":"","overlay-opacity":"","overlay-gradient":""}},"ast-content-background-meta":{"desktop":{"background-color":"var(--ast-global-color-5)","background-image":"","background-repeat":"repeat","background-position":"center center","background-size":"auto","background-attachment":"scroll","background-type":"","background-media":"","overlay-type":"","overlay-color":"","overlay-opacity":"","overlay-gradient":""},"tablet":{"background-color":"var(--ast-global-color-5)","background-image":"","background-repeat":"repeat","background-position":"center center","background-size":"auto","background-attachment":"scroll","background-type":"","background-media":"","overlay-type":"","overlay-color":"","overlay-opacity":"","overlay-gradient":""},"mobile":{"background-color":"var(--ast-global-color-5)","background-image":"","background-repeat":"repeat","background-position":"center center","background-size":"auto","background-attachment":"scroll","background-type":"","background-media":"","overlay-type":"","overlay-color":"","overlay-opacity":"","overlay-gradient":""}},"_joinchat":[]},"product_brand":[],"product_cat":[286,284],"product_tag":[],"class_list":{"0":"post-6870","1":"product","2":"type-product","3":"status-publish","4":"has-post-thumbnail","6":"product_cat-water-conservancy-sensor","7":"product_cat-water-quality-and-conservancy-sensor","8":"desktop-align-left","9":"tablet-align-left","10":"mobile-align-left","12":"first","13":"instock","14":"shipping-taxable","15":"purchasable","16":"product-type-simple"},"jetpack_sharing_enabled":true,"_links":{"self":[{"href":"https:\/\/ecosentec.com\/de\/wp-json\/wp\/v2\/product\/6870","targetHints":{"allow":["GET"]}}],"collection":[{"href":"https:\/\/ecosentec.com\/de\/wp-json\/wp\/v2\/product"}],"about":[{"href":"https:\/\/ecosentec.com\/de\/wp-json\/wp\/v2\/types\/product"}],"version-history":[{"count":5,"href":"https:\/\/ecosentec.com\/de\/wp-json\/wp\/v2\/product\/6870\/revisions"}],"predecessor-version":[{"id":7113,"href":"https:\/\/ecosentec.com\/de\/wp-json\/wp\/v2\/product\/6870\/revisions\/7113"}],"wp:featuredmedia":[{"embeddable":true,"href":"https:\/\/ecosentec.com\/de\/wp-json\/wp\/v2\/media\/6872"}],"wp:attachment":[{"href":"https:\/\/ecosentec.com\/de\/wp-json\/wp\/v2\/media?parent=6870"}],"wp:term":[{"taxonomy":"product_brand","embeddable":true,"href":"https:\/\/ecosentec.com\/de\/wp-json\/wp\/v2\/product_brand?post=6870"},{"taxonomy":"product_cat","embeddable":true,"href":"https:\/\/ecosentec.com\/de\/wp-json\/wp\/v2\/product_cat?post=6870"},{"taxonomy":"product_tag","embeddable":true,"href":"https:\/\/ecosentec.com\/de\/wp-json\/wp\/v2\/product_tag?post=6870"}],"curies":[{"name":"wp","href":"https:\/\/api.w.org\/{rel}","templated":true}]}}