{"id":6862,"date":"2025-05-30T10:52:59","date_gmt":"2025-05-30T10:52:59","guid":{"rendered":"https:\/\/ecosentec.com\/?post_type=product&#038;p=6862"},"modified":"2025-05-30T10:57:32","modified_gmt":"2025-05-30T10:57:32","slug":"ultraschall-fullstandtransmitter","status":"publish","type":"product","link":"https:\/\/ecosentec.com\/de\/produkt\/ultraschall-fullstandtransmitter\/","title":{"rendered":"Ultraschall-F\u00fcllstandstransmitter ES-W804"},"content":{"rendered":"<p class=\"p1\">Der Ultraschall-F\u00fcllstandtransmitter der Serie ES-W804 ist volldigital und verf\u00fcgt \u00fcber eine Vor-Ort-Anzeige. Er bietet optimale F\u00fcllstandmessung und -regelung, Daten\u00fcbertragung und Mensch-Computer-Kommunikation. Er besteht aus einem wasserdichten ABS-Kunststoffgeh\u00e4use und einer mehrschichtigen Leiterplatte in Milit\u00e4rqualit\u00e4t mit modularem Aufbau. Der Hauptchip nutzt Dutzende zugeh\u00f6riger ASICs mit importierten industrietauglichen Single-Chip-Mikrocomputern und bietet so optimale digitale Temperaturkompensation und extrem breite Eingangsspannungsregelung. Je nach Kundenwunsch k\u00f6nnen Module hinzugef\u00fcgt werden, um weitere Funktionen (wie Bluetooth, GPRS-Kommunikation usw.) zu implementieren. Er ist stark entst\u00f6rungssicher und unterst\u00fctzt die Einstellung von oberen und unteren Grenzwerten, die Online-Ausgabe, die analoge Mengenauswahl und die Mengenumschaltung sowie den RS485-Ausgang. Er zeichnet sich durch hohe Zuverl\u00e4ssigkeit, Umweltfreundlichkeit und stabile Leistung aus und wird h\u00e4ufig in verschiedenen Bereichen der F\u00fcllstandmessung und -regelung von Materialien und Fl\u00fcssigkeiten eingesetzt.<\/p>","protected":false},"excerpt":{"rendered":"<p>Der Ultraschall-F\u00fcllstandtransmitter der Serie ES-W804 ist volldigital mit Vor-Ort-Anzeige und bietet perfekte Funktionen zur Messung und Regelung des Objektf\u00fcllstands, zur Daten\u00fcbertragung und zur Mensch-Computer-Kommunikation. Er besteht aus einem wasserdichten ABS-Kunststoffgeh\u00e4use und einer mehrschichtigen Leiterplatte in Milit\u00e4rqualit\u00e4t mit modularer Schaltung.<\/p>","protected":false},"featured_media":6863,"template":"","meta":{"om_disable_all_campaigns":false,"_monsterinsights_skip_tracking":false,"_monsterinsights_sitenote_active":false,"_monsterinsights_sitenote_note":"","_monsterinsights_sitenote_category":0,"site-sidebar-layout":"default","site-content-layout":"default","ast-site-content-layout":"default","site-content-style":"default","site-sidebar-style":"default","ast-global-header-display":"","ast-banner-title-visibility":"","ast-main-header-display":"","ast-hfb-above-header-display":"","ast-hfb-below-header-display":"","ast-hfb-mobile-header-display":"","site-post-title":"","ast-breadcrumbs-content":"","ast-featured-img":"","footer-sml-layout":"","ast-disable-related-posts":"","theme-transparent-header-meta":"default","adv-header-id-meta":"","stick-header-meta":"","header-above-stick-meta":"","header-main-stick-meta":"","header-below-stick-meta":"","astra-migrate-meta-layouts":"set","ast-page-background-enabled":"default","ast-page-background-meta":{"desktop":{"background-color":"","background-image":"","background-repeat":"repeat","background-position":"center center","background-size":"auto","background-attachment":"scroll","background-type":"","background-media":"","overlay-type":"","overlay-color":"","overlay-opacity":"","overlay-gradient":""},"tablet":{"background-color":"","background-image":"","background-repeat":"repeat","background-position":"center center","background-size":"auto","background-attachment":"scroll","background-type":"","background-media":"","overlay-type":"","overlay-color":"","overlay-opacity":"","overlay-gradient":""},"mobile":{"background-color":"","background-image":"","background-repeat":"repeat","background-position":"center center","background-size":"auto","background-attachment":"scroll","background-type":"","background-media":"","overlay-type":"","overlay-color":"","overlay-opacity":"","overlay-gradient":""}},"ast-content-background-meta":{"desktop":{"background-color":"var(--ast-global-color-5)","background-image":"","background-repeat":"repeat","background-position":"center center","background-size":"auto","background-attachment":"scroll","background-type":"","background-media":"","overlay-type":"","overlay-color":"","overlay-opacity":"","overlay-gradient":""},"tablet":{"background-color":"var(--ast-global-color-5)","background-image":"","background-repeat":"repeat","background-position":"center center","background-size":"auto","background-attachment":"scroll","background-type":"","background-media":"","overlay-type":"","overlay-color":"","overlay-opacity":"","overlay-gradient":""},"mobile":{"background-color":"var(--ast-global-color-5)","background-image":"","background-repeat":"repeat","background-position":"center center","background-size":"auto","background-attachment":"scroll","background-type":"","background-media":"","overlay-type":"","overlay-color":"","overlay-opacity":"","overlay-gradient":""}},"_joinchat":[]},"product_brand":[],"product_cat":[286,284],"product_tag":[],"class_list":{"0":"post-6862","1":"product","2":"type-product","3":"status-publish","4":"has-post-thumbnail","6":"product_cat-water-conservancy-sensor","7":"product_cat-water-quality-and-conservancy-sensor","8":"desktop-align-left","9":"tablet-align-left","10":"mobile-align-left","12":"first","13":"instock","14":"shipping-taxable","15":"purchasable","16":"product-type-simple"},"jetpack_sharing_enabled":true,"_links":{"self":[{"href":"https:\/\/ecosentec.com\/de\/wp-json\/wp\/v2\/product\/6862","targetHints":{"allow":["GET"]}}],"collection":[{"href":"https:\/\/ecosentec.com\/de\/wp-json\/wp\/v2\/product"}],"about":[{"href":"https:\/\/ecosentec.com\/de\/wp-json\/wp\/v2\/types\/product"}],"version-history":[{"count":2,"href":"https:\/\/ecosentec.com\/de\/wp-json\/wp\/v2\/product\/6862\/revisions"}],"predecessor-version":[{"id":6865,"href":"https:\/\/ecosentec.com\/de\/wp-json\/wp\/v2\/product\/6862\/revisions\/6865"}],"wp:featuredmedia":[{"embeddable":true,"href":"https:\/\/ecosentec.com\/de\/wp-json\/wp\/v2\/media\/6863"}],"wp:attachment":[{"href":"https:\/\/ecosentec.com\/de\/wp-json\/wp\/v2\/media?parent=6862"}],"wp:term":[{"taxonomy":"product_brand","embeddable":true,"href":"https:\/\/ecosentec.com\/de\/wp-json\/wp\/v2\/product_brand?post=6862"},{"taxonomy":"product_cat","embeddable":true,"href":"https:\/\/ecosentec.com\/de\/wp-json\/wp\/v2\/product_cat?post=6862"},{"taxonomy":"product_tag","embeddable":true,"href":"https:\/\/ecosentec.com\/de\/wp-json\/wp\/v2\/product_tag?post=6862"}],"curies":[{"name":"wp","href":"https:\/\/api.w.org\/{rel}","templated":true}]}}