{"id":6858,"date":"2025-05-30T10:47:28","date_gmt":"2025-05-30T10:47:28","guid":{"rendered":"https:\/\/ecosentec.com\/?post_type=product&#038;p=6858"},"modified":"2025-05-30T10:52:27","modified_gmt":"2025-05-30T10:52:27","slug":"tauchwasserspiegelsensor","status":"publish","type":"product","link":"https:\/\/ecosentec.com\/de\/produkt\/tauchwasserspiegelsensor\/","title":{"rendered":"Tauchf\u00e4higer Wasserstandssensor ES-W300"},"content":{"rendered":"<p class=\"p1\">Der F\u00fcllstandstransmitter der ES-W300-Serie ist ein integriertes Produkt, das auf dem Prinzip basiert, dass der gemessene statische Fl\u00fcssigkeitsdruck proportional zur H\u00f6he der Fl\u00fcssigkeit ist. Er nutzt den piezoresistiven Effekt von diffusen Silizium- oder Keramiksensorelementen, um den statischen Druck in elektrische Signale umzuwandeln. Anschlie\u00dfend arbeitet er mit speziellen digitalen Schaltungen zusammen, um durch Signalverst\u00e4rkung, lineare Kompensation, St\u00f6rfestigkeit, \u00dcberspannungsschutz und weitere Signalverarbeitung industrielle Standardsignale auszugeben.<\/p>\n<p class=\"p1\">Sie werden h\u00e4ufig in Wasserwerken, Chemieanlagen, Abwasseraufbereitungsanlagen, Tiefbrunnen, Staud\u00e4mmen, beim Hochwasserschutz und bei der Bew\u00e4sserung eingesetzt.<\/p>","protected":false},"excerpt":{"rendered":"<p>Der Eingangsfl\u00fcssigkeitsstandtransmitter der Serie ES-W300 ist ein integriertes Produkt, das auf dem Prinzip basiert, dass der gemessene statische Fl\u00fcssigkeitsdruck proportional zur H\u00f6he der Fl\u00fcssigkeit ist.<\/p>","protected":false},"featured_media":6859,"template":"","meta":{"om_disable_all_campaigns":false,"_monsterinsights_skip_tracking":false,"_monsterinsights_sitenote_active":false,"_monsterinsights_sitenote_note":"","_monsterinsights_sitenote_category":0,"site-sidebar-layout":"default","site-content-layout":"default","ast-site-content-layout":"default","site-content-style":"default","site-sidebar-style":"default","ast-global-header-display":"","ast-banner-title-visibility":"","ast-main-header-display":"","ast-hfb-above-header-display":"","ast-hfb-below-header-display":"","ast-hfb-mobile-header-display":"","site-post-title":"","ast-breadcrumbs-content":"","ast-featured-img":"","footer-sml-layout":"","ast-disable-related-posts":"","theme-transparent-header-meta":"default","adv-header-id-meta":"","stick-header-meta":"","header-above-stick-meta":"","header-main-stick-meta":"","header-below-stick-meta":"","astra-migrate-meta-layouts":"set","ast-page-background-enabled":"default","ast-page-background-meta":{"desktop":{"background-color":"","background-image":"","background-repeat":"repeat","background-position":"center center","background-size":"auto","background-attachment":"scroll","background-type":"","background-media":"","overlay-type":"","overlay-color":"","overlay-opacity":"","overlay-gradient":""},"tablet":{"background-color":"","background-image":"","background-repeat":"repeat","background-position":"center center","background-size":"auto","background-attachment":"scroll","background-type":"","background-media":"","overlay-type":"","overlay-color":"","overlay-opacity":"","overlay-gradient":""},"mobile":{"background-color":"","background-image":"","background-repeat":"repeat","background-position":"center center","background-size":"auto","background-attachment":"scroll","background-type":"","background-media":"","overlay-type":"","overlay-color":"","overlay-opacity":"","overlay-gradient":""}},"ast-content-background-meta":{"desktop":{"background-color":"var(--ast-global-color-5)","background-image":"","background-repeat":"repeat","background-position":"center center","background-size":"auto","background-attachment":"scroll","background-type":"","background-media":"","overlay-type":"","overlay-color":"","overlay-opacity":"","overlay-gradient":""},"tablet":{"background-color":"var(--ast-global-color-5)","background-image":"","background-repeat":"repeat","background-position":"center center","background-size":"auto","background-attachment":"scroll","background-type":"","background-media":"","overlay-type":"","overlay-color":"","overlay-opacity":"","overlay-gradient":""},"mobile":{"background-color":"var(--ast-global-color-5)","background-image":"","background-repeat":"repeat","background-position":"center center","background-size":"auto","background-attachment":"scroll","background-type":"","background-media":"","overlay-type":"","overlay-color":"","overlay-opacity":"","overlay-gradient":""}},"_joinchat":[]},"product_brand":[],"product_cat":[286,284],"product_tag":[],"class_list":{"0":"post-6858","1":"product","2":"type-product","3":"status-publish","4":"has-post-thumbnail","6":"product_cat-water-conservancy-sensor","7":"product_cat-water-quality-and-conservancy-sensor","8":"desktop-align-left","9":"tablet-align-left","10":"mobile-align-left","12":"first","13":"instock","14":"shipping-taxable","15":"purchasable","16":"product-type-simple"},"jetpack_sharing_enabled":true,"_links":{"self":[{"href":"https:\/\/ecosentec.com\/de\/wp-json\/wp\/v2\/product\/6858","targetHints":{"allow":["GET"]}}],"collection":[{"href":"https:\/\/ecosentec.com\/de\/wp-json\/wp\/v2\/product"}],"about":[{"href":"https:\/\/ecosentec.com\/de\/wp-json\/wp\/v2\/types\/product"}],"version-history":[{"count":2,"href":"https:\/\/ecosentec.com\/de\/wp-json\/wp\/v2\/product\/6858\/revisions"}],"predecessor-version":[{"id":6861,"href":"https:\/\/ecosentec.com\/de\/wp-json\/wp\/v2\/product\/6858\/revisions\/6861"}],"wp:featuredmedia":[{"embeddable":true,"href":"https:\/\/ecosentec.com\/de\/wp-json\/wp\/v2\/media\/6859"}],"wp:attachment":[{"href":"https:\/\/ecosentec.com\/de\/wp-json\/wp\/v2\/media?parent=6858"}],"wp:term":[{"taxonomy":"product_brand","embeddable":true,"href":"https:\/\/ecosentec.com\/de\/wp-json\/wp\/v2\/product_brand?post=6858"},{"taxonomy":"product_cat","embeddable":true,"href":"https:\/\/ecosentec.com\/de\/wp-json\/wp\/v2\/product_cat?post=6858"},{"taxonomy":"product_tag","embeddable":true,"href":"https:\/\/ecosentec.com\/de\/wp-json\/wp\/v2\/product_tag?post=6858"}],"curies":[{"name":"wp","href":"https:\/\/api.w.org\/{rel}","templated":true}]}}