{"id":6854,"date":"2025-05-30T10:43:38","date_gmt":"2025-05-30T10:43:38","guid":{"rendered":"https:\/\/ecosentec.com\/?post_type=product&#038;p=6854"},"modified":"2025-05-30T11:33:17","modified_gmt":"2025-05-30T11:33:17","slug":"multiparameter-ozeanuberwachungsboje","status":"publish","type":"product","link":"https:\/\/ecosentec.com\/de\/produkt\/multiparameter-ozeanuberwachungsboje\/","title":{"rendered":"ES-WF100 Multiparameter-Meeres\u00fcberwachungsboje"},"content":{"rendered":"<p>Die Ozeanbojenplattform ES-WF100 ist eine speziell angepasste Boje aus hochfestem Polyethylenstahl, die haupts\u00e4chlich f\u00fcr die Umwelt\u00fcberwachung und Navigationshilfe entwickelt und gebaut wurde. Unsere Ozeanbojen sind f\u00fcr den Einsatz auf offener See von flachen bis tiefen Gew\u00e4ssern konzipiert. Das Bojendesign mit nach unten gerichtetem Schwerpunkt macht unsere Ozeanboje zu einer stabilen Plattform, die mit einer Vielzahl von Sensorpaketen zur meteorologischen, ozeanografischen und Wasserqualit\u00e4ts\u00fcberwachung integriert werden kann. Das innovative Bojendesign verf\u00fcgt \u00fcber einen Stahlkern, eine integrierte Aussparung f\u00fcr das Elektronikfach und einen zentralen Moonpool und erweist sich als optimale Wahl f\u00fcr Datenbojenanwendungen, bei denen einfacher Zugang und Wartung zentrale Designfaktoren sind. Alle unsere Ozeanbojenplattformen k\u00f6nnen f\u00fcr spezifische Missionen und Kunden individuell angepasst werden.<br \/>\nSpezifische Anforderungen an geeignete Montagevorrichtungen, Batteriepacks, erneuerbare Energien, Datenerfassungs- und Telemetriesysteme.<br \/>\nUnsere Ozeanbojenplattformen k\u00f6nnen f\u00fcr eine Vielzahl von Anwendungen individuell entworfen und geliefert werden, beispielsweise:<br \/>\n\u00dcberwachung der Meeresstr\u00f6mungen.<br \/>\nWellenbojen.<br \/>\n\u00dcberwachung der Wasserqualit\u00e4t.<br \/>\nBojenbeobachtungssysteme f\u00fcr K\u00fcsten- und Tiefwassergebiete.<br \/>\nKanalmarkierungen f\u00fcr H\u00e4fen und Anlegestellen.<br \/>\nBioakustisches Online-Monitoring und Unterwasserl\u00e4rm\u00fcberwachung.<br \/>\nBiologisches Abwasser- und N\u00e4hrstoffmonitoring.<\/p>","protected":false},"excerpt":{"rendered":"<p>Die Ozeanbojenplattform ES-WF100 ist eine speziell angepasste Boje aus hochfestem Polyethylenstahl, die haupts\u00e4chlich f\u00fcr die Umwelt\u00fcberwachung und Navigationshilfe entwickelt und gebaut wurde. Unsere Ozeanbojen sind f\u00fcr den Einsatz auf offener See von flachen bis zu tiefen Gew\u00e4ssern konzipiert.<\/p>","protected":false},"featured_media":6855,"template":"","meta":{"om_disable_all_campaigns":false,"_monsterinsights_skip_tracking":false,"_monsterinsights_sitenote_active":false,"_monsterinsights_sitenote_note":"","_monsterinsights_sitenote_category":0,"site-sidebar-layout":"default","site-content-layout":"default","ast-site-content-layout":"default","site-content-style":"default","site-sidebar-style":"default","ast-global-header-display":"","ast-banner-title-visibility":"","ast-main-header-display":"","ast-hfb-above-header-display":"","ast-hfb-below-header-display":"","ast-hfb-mobile-header-display":"","site-post-title":"","ast-breadcrumbs-content":"","ast-featured-img":"","footer-sml-layout":"","ast-disable-related-posts":"","theme-transparent-header-meta":"default","adv-header-id-meta":"","stick-header-meta":"","header-above-stick-meta":"","header-main-stick-meta":"","header-below-stick-meta":"","astra-migrate-meta-layouts":"set","ast-page-background-enabled":"default","ast-page-background-meta":{"desktop":{"background-color":"","background-image":"","background-repeat":"repeat","background-position":"center center","background-size":"auto","background-attachment":"scroll","background-type":"","background-media":"","overlay-type":"","overlay-color":"","overlay-opacity":"","overlay-gradient":""},"tablet":{"background-color":"","background-image":"","background-repeat":"repeat","background-position":"center center","background-size":"auto","background-attachment":"scroll","background-type":"","background-media":"","overlay-type":"","overlay-color":"","overlay-opacity":"","overlay-gradient":""},"mobile":{"background-color":"","background-image":"","background-repeat":"repeat","background-position":"center center","background-size":"auto","background-attachment":"scroll","background-type":"","background-media":"","overlay-type":"","overlay-color":"","overlay-opacity":"","overlay-gradient":""}},"ast-content-background-meta":{"desktop":{"background-color":"var(--ast-global-color-5)","background-image":"","background-repeat":"repeat","background-position":"center center","background-size":"auto","background-attachment":"scroll","background-type":"","background-media":"","overlay-type":"","overlay-color":"","overlay-opacity":"","overlay-gradient":""},"tablet":{"background-color":"var(--ast-global-color-5)","background-image":"","background-repeat":"repeat","background-position":"center center","background-size":"auto","background-attachment":"scroll","background-type":"","background-media":"","overlay-type":"","overlay-color":"","overlay-opacity":"","overlay-gradient":""},"mobile":{"background-color":"var(--ast-global-color-5)","background-image":"","background-repeat":"repeat","background-position":"center center","background-size":"auto","background-attachment":"scroll","background-type":"","background-media":"","overlay-type":"","overlay-color":"","overlay-opacity":"","overlay-gradient":""}},"_joinchat":[]},"product_brand":[],"product_cat":[285,284],"product_tag":[],"class_list":{"0":"post-6854","1":"product","2":"type-product","3":"status-publish","4":"has-post-thumbnail","6":"product_cat-water-qaulity-sensor","7":"product_cat-water-quality-and-conservancy-sensor","8":"desktop-align-left","9":"tablet-align-left","10":"mobile-align-left","12":"first","13":"instock","14":"shipping-taxable","15":"purchasable","16":"product-type-simple"},"jetpack_sharing_enabled":true,"_links":{"self":[{"href":"https:\/\/ecosentec.com\/de\/wp-json\/wp\/v2\/product\/6854","targetHints":{"allow":["GET"]}}],"collection":[{"href":"https:\/\/ecosentec.com\/de\/wp-json\/wp\/v2\/product"}],"about":[{"href":"https:\/\/ecosentec.com\/de\/wp-json\/wp\/v2\/types\/product"}],"version-history":[{"count":3,"href":"https:\/\/ecosentec.com\/de\/wp-json\/wp\/v2\/product\/6854\/revisions"}],"predecessor-version":[{"id":6888,"href":"https:\/\/ecosentec.com\/de\/wp-json\/wp\/v2\/product\/6854\/revisions\/6888"}],"wp:featuredmedia":[{"embeddable":true,"href":"https:\/\/ecosentec.com\/de\/wp-json\/wp\/v2\/media\/6855"}],"wp:attachment":[{"href":"https:\/\/ecosentec.com\/de\/wp-json\/wp\/v2\/media?parent=6854"}],"wp:term":[{"taxonomy":"product_brand","embeddable":true,"href":"https:\/\/ecosentec.com\/de\/wp-json\/wp\/v2\/product_brand?post=6854"},{"taxonomy":"product_cat","embeddable":true,"href":"https:\/\/ecosentec.com\/de\/wp-json\/wp\/v2\/product_cat?post=6854"},{"taxonomy":"product_tag","embeddable":true,"href":"https:\/\/ecosentec.com\/de\/wp-json\/wp\/v2\/product_tag?post=6854"}],"curies":[{"name":"wp","href":"https:\/\/api.w.org\/{rel}","templated":true}]}}