{"id":6839,"date":"2025-05-30T09:43:48","date_gmt":"2025-05-30T09:43:48","guid":{"rendered":"https:\/\/ecosentec.com\/?post_type=product&#038;p=6839"},"modified":"2025-05-30T09:45:40","modified_gmt":"2025-05-30T09:45:40","slug":"bodenwarmestromtransmitter","status":"publish","type":"product","link":"https:\/\/ecosentec.com\/de\/produkt\/bodenwarmestromtransmitter\/","title":{"rendered":"ES-S2256 Bodenw\u00e4rmestromtransmitter"},"content":{"rendered":"<p class=\"p1\">Der Bodenw\u00e4rmestromtransmitter ES-S2256 (auch bekannt als \u201eBodenw\u00e4rmestromplatte\u201c, \u201eW\u00e4rmeflussmesser\u201c) wird haupts\u00e4chlich zur Messung der Energiebilanz des Bodens und der W\u00e4rmeleitung der Bodenschicht eingesetzt. Der Bodenw\u00e4rmestromtransmitter nutzt eine Thermos\u00e4ule, die aus zwei verschiedenen Metallen besteht. Die Thermos\u00e4ule erzeugt nach Empfang der W\u00e4rmestrahlung ein Temperaturdifferenzpotential und ermittelt anschlie\u00dfend den W\u00e4rmestromwert gem\u00e4\u00df einem Algorithmus.<\/p>\n<p class=\"p1\">ES-S2256 Der Bodenw\u00e4rmestrom bezeichnet die durch die Bodenoberfl\u00e4che \u00fcbertragene W\u00e4rmeenergie und ist ein wichtiger Bestandteil der Energiebilanz der Erdoberfl\u00e4che. Die Gr\u00f6\u00dfe des Bodenw\u00e4rmestroms wird von vielen Faktoren beeinflusst, darunter Sonneneinstrahlung, Bodeneigenschaften und Vegetationsbedeckung. Die Sonneneinstrahlung ist die Hauptantriebskraft des Bodenw\u00e4rmestroms. Sie bestrahlt die Bodenoberfl\u00e4che direkt, wodurch der Boden Energie absorbiert und sich erw\u00e4rmt. Bodeneigenschaften wie die W\u00e4rmeleitf\u00e4higkeit und die Sch\u00fcttdichte beeinflussen ebenfalls die Gr\u00f6\u00dfe des Bodenw\u00e4rmestroms. Die Vegetationsbedeckung kann den Bodenw\u00e4rmestrom beeinflussen, indem sie die Strahlungs-, Verdunstungs- und Leitungsprozesse an der Bodenoberfl\u00e4che reguliert.<\/p>","protected":false},"excerpt":{"rendered":"<p>Der Bodenw\u00e4rmestromtransmitter ES-S2256 (auch bekannt als \u201eBodenw\u00e4rmestromplatte\u201c, \u201eW\u00e4rmeflussmesser\u201c) wird haupts\u00e4chlich zur Messung der Energiebilanz des Bodens und der W\u00e4rmeleitung der Bodenschicht eingesetzt. Der Bodenw\u00e4rmestromtransmitter nutzt eine Thermos\u00e4ule, die aus zwei verschiedenen Metallen besteht. Die Thermos\u00e4ule erzeugt nach Empfang der W\u00e4rmestrahlung ein Temperaturdifferenzpotential und ermittelt anschlie\u00dfend den W\u00e4rmestromwert gem\u00e4\u00df einem Algorithmus.<\/p>","protected":false},"featured_media":6840,"template":"","meta":{"om_disable_all_campaigns":false,"_monsterinsights_skip_tracking":false,"_monsterinsights_sitenote_active":false,"_monsterinsights_sitenote_note":"","_monsterinsights_sitenote_category":0,"site-sidebar-layout":"default","site-content-layout":"default","ast-site-content-layout":"default","site-content-style":"default","site-sidebar-style":"default","ast-global-header-display":"","ast-banner-title-visibility":"","ast-main-header-display":"","ast-hfb-above-header-display":"","ast-hfb-below-header-display":"","ast-hfb-mobile-header-display":"","site-post-title":"","ast-breadcrumbs-content":"","ast-featured-img":"","footer-sml-layout":"","ast-disable-related-posts":"","theme-transparent-header-meta":"default","adv-header-id-meta":"","stick-header-meta":"","header-above-stick-meta":"","header-main-stick-meta":"","header-below-stick-meta":"","astra-migrate-meta-layouts":"set","ast-page-background-enabled":"default","ast-page-background-meta":{"desktop":{"background-color":"","background-image":"","background-repeat":"repeat","background-position":"center center","background-size":"auto","background-attachment":"scroll","background-type":"","background-media":"","overlay-type":"","overlay-color":"","overlay-opacity":"","overlay-gradient":""},"tablet":{"background-color":"","background-image":"","background-repeat":"repeat","background-position":"center center","background-size":"auto","background-attachment":"scroll","background-type":"","background-media":"","overlay-type":"","overlay-color":"","overlay-opacity":"","overlay-gradient":""},"mobile":{"background-color":"","background-image":"","background-repeat":"repeat","background-position":"center center","background-size":"auto","background-attachment":"scroll","background-type":"","background-media":"","overlay-type":"","overlay-color":"","overlay-opacity":"","overlay-gradient":""}},"ast-content-background-meta":{"desktop":{"background-color":"var(--ast-global-color-5)","background-image":"","background-repeat":"repeat","background-position":"center center","background-size":"auto","background-attachment":"scroll","background-type":"","background-media":"","overlay-type":"","overlay-color":"","overlay-opacity":"","overlay-gradient":""},"tablet":{"background-color":"var(--ast-global-color-5)","background-image":"","background-repeat":"repeat","background-position":"center center","background-size":"auto","background-attachment":"scroll","background-type":"","background-media":"","overlay-type":"","overlay-color":"","overlay-opacity":"","overlay-gradient":""},"mobile":{"background-color":"var(--ast-global-color-5)","background-image":"","background-repeat":"repeat","background-position":"center center","background-size":"auto","background-attachment":"scroll","background-type":"","background-media":"","overlay-type":"","overlay-color":"","overlay-opacity":"","overlay-gradient":""}},"_joinchat":[]},"product_brand":[],"product_cat":[94,95],"product_tag":[],"class_list":{"0":"post-6839","1":"product","2":"type-product","3":"status-publish","4":"has-post-thumbnail","6":"product_cat-agro-soil-sensor","7":"product_cat-soil-sensor","8":"desktop-align-left","9":"tablet-align-left","10":"mobile-align-left","12":"first","13":"instock","14":"shipping-taxable","15":"purchasable","16":"product-type-simple"},"jetpack_sharing_enabled":true,"_links":{"self":[{"href":"https:\/\/ecosentec.com\/de\/wp-json\/wp\/v2\/product\/6839","targetHints":{"allow":["GET"]}}],"collection":[{"href":"https:\/\/ecosentec.com\/de\/wp-json\/wp\/v2\/product"}],"about":[{"href":"https:\/\/ecosentec.com\/de\/wp-json\/wp\/v2\/types\/product"}],"version-history":[{"count":2,"href":"https:\/\/ecosentec.com\/de\/wp-json\/wp\/v2\/product\/6839\/revisions"}],"predecessor-version":[{"id":6843,"href":"https:\/\/ecosentec.com\/de\/wp-json\/wp\/v2\/product\/6839\/revisions\/6843"}],"wp:featuredmedia":[{"embeddable":true,"href":"https:\/\/ecosentec.com\/de\/wp-json\/wp\/v2\/media\/6840"}],"wp:attachment":[{"href":"https:\/\/ecosentec.com\/de\/wp-json\/wp\/v2\/media?parent=6839"}],"wp:term":[{"taxonomy":"product_brand","embeddable":true,"href":"https:\/\/ecosentec.com\/de\/wp-json\/wp\/v2\/product_brand?post=6839"},{"taxonomy":"product_cat","embeddable":true,"href":"https:\/\/ecosentec.com\/de\/wp-json\/wp\/v2\/product_cat?post=6839"},{"taxonomy":"product_tag","embeddable":true,"href":"https:\/\/ecosentec.com\/de\/wp-json\/wp\/v2\/product_tag?post=6839"}],"curies":[{"name":"wp","href":"https:\/\/api.w.org\/{rel}","templated":true}]}}