{"id":6835,"date":"2025-05-30T09:34:41","date_gmt":"2025-05-30T09:34:41","guid":{"rendered":"https:\/\/ecosentec.com\/?post_type=product&#038;p=6835"},"modified":"2025-05-30T09:42:07","modified_gmt":"2025-05-30T09:42:07","slug":"windgeschwindigkeit-winddruck-luftvolumen-lufttemperatursensor","status":"publish","type":"product","link":"https:\/\/ecosentec.com\/de\/produkt\/windgeschwindigkeit-winddruck-luftvolumen-lufttemperatursensor\/","title":{"rendered":"ES-WT286 Rohrsensor f\u00fcr Windgeschwindigkeit, Winddruck, Luftmenge und Lufttemperatur"},"content":{"rendered":"<p class=\"p1\">Der ES-WT286 Rohrsensor f\u00fcr Windgeschwindigkeit, Winddruck, Luftvolumen und Lufttemperatur ist f\u00fcr die Messung der Windgeschwindigkeit in Rohrleitungen konzipiert. Das eigens entwickelte, hochpr\u00e4zise Windgeschwindigkeitsmessger\u00e4t ist empfindlich und kann geringe Windgeschwindigkeiten schnell und pr\u00e4zise messen. Es zeichnet sich durch gute Stabilit\u00e4t, geringe Drift und hohe Pr\u00e4zision aus. Der Sender berechnet au\u00dferdem den Echtzeit-Luftvolumenwert anhand des gemessenen Rohrleitungsquerschnitts. Die Rohrleitungsmontage ist f\u00fcr die Installation vor Ort geeignet. Das Produkt verf\u00fcgt \u00fcber ein st\u00f6rungsfreies Schaltungsdesign und eine DC-Stromversorgung mit 10\u201330 V ist komfortabler zu bedienen.<\/p>","protected":false},"excerpt":{"rendered":"<p>Der ES-WT286 Rohrsensor f\u00fcr Windgeschwindigkeit, Winddruck, Luftvolumen und Lufttemperatur ist f\u00fcr die Messung der Windgeschwindigkeit in Rohrleitungen konzipiert. Die eigens entwickelte, hochpr\u00e4zise Windgeschwindigkeitsmesseinheit ist empfindlich und kann kleine Windgeschwindigkeiten schnell und genau messen. Sie zeichnet sich durch gute Stabilit\u00e4t, geringe Drift und hohe Pr\u00e4zision aus.<\/p>","protected":false},"featured_media":6837,"template":"","meta":{"om_disable_all_campaigns":false,"_monsterinsights_skip_tracking":false,"_monsterinsights_sitenote_active":false,"_monsterinsights_sitenote_note":"","_monsterinsights_sitenote_category":0,"site-sidebar-layout":"default","site-content-layout":"default","ast-site-content-layout":"default","site-content-style":"default","site-sidebar-style":"default","ast-global-header-display":"","ast-banner-title-visibility":"","ast-main-header-display":"","ast-hfb-above-header-display":"","ast-hfb-below-header-display":"","ast-hfb-mobile-header-display":"","site-post-title":"","ast-breadcrumbs-content":"","ast-featured-img":"","footer-sml-layout":"","ast-disable-related-posts":"","theme-transparent-header-meta":"default","adv-header-id-meta":"","stick-header-meta":"","header-above-stick-meta":"","header-main-stick-meta":"","header-below-stick-meta":"","astra-migrate-meta-layouts":"set","ast-page-background-enabled":"default","ast-page-background-meta":{"desktop":{"background-color":"","background-image":"","background-repeat":"repeat","background-position":"center center","background-size":"auto","background-attachment":"scroll","background-type":"","background-media":"","overlay-type":"","overlay-color":"","overlay-opacity":"","overlay-gradient":""},"tablet":{"background-color":"","background-image":"","background-repeat":"repeat","background-position":"center center","background-size":"auto","background-attachment":"scroll","background-type":"","background-media":"","overlay-type":"","overlay-color":"","overlay-opacity":"","overlay-gradient":""},"mobile":{"background-color":"","background-image":"","background-repeat":"repeat","background-position":"center center","background-size":"auto","background-attachment":"scroll","background-type":"","background-media":"","overlay-type":"","overlay-color":"","overlay-opacity":"","overlay-gradient":""}},"ast-content-background-meta":{"desktop":{"background-color":"var(--ast-global-color-5)","background-image":"","background-repeat":"repeat","background-position":"center center","background-size":"auto","background-attachment":"scroll","background-type":"","background-media":"","overlay-type":"","overlay-color":"","overlay-opacity":"","overlay-gradient":""},"tablet":{"background-color":"var(--ast-global-color-5)","background-image":"","background-repeat":"repeat","background-position":"center center","background-size":"auto","background-attachment":"scroll","background-type":"","background-media":"","overlay-type":"","overlay-color":"","overlay-opacity":"","overlay-gradient":""},"mobile":{"background-color":"var(--ast-global-color-5)","background-image":"","background-repeat":"repeat","background-position":"center center","background-size":"auto","background-attachment":"scroll","background-type":"","background-media":"","overlay-type":"","overlay-color":"","overlay-opacity":"","overlay-gradient":""}},"_joinchat":[]},"product_brand":[],"product_cat":[97,89,90],"product_tag":[],"class_list":{"0":"post-6835","1":"product","2":"type-product","3":"status-publish","4":"has-post-thumbnail","6":"product_cat-all-in-one-ambient-sensor","7":"product_cat-ambient-sensor","8":"product_cat-temperature-humidity-sensor","9":"desktop-align-left","10":"tablet-align-left","11":"mobile-align-left","13":"first","14":"instock","15":"shipping-taxable","16":"purchasable","17":"product-type-simple"},"jetpack_sharing_enabled":true,"_links":{"self":[{"href":"https:\/\/ecosentec.com\/de\/wp-json\/wp\/v2\/product\/6835","targetHints":{"allow":["GET"]}}],"collection":[{"href":"https:\/\/ecosentec.com\/de\/wp-json\/wp\/v2\/product"}],"about":[{"href":"https:\/\/ecosentec.com\/de\/wp-json\/wp\/v2\/types\/product"}],"version-history":[{"count":1,"href":"https:\/\/ecosentec.com\/de\/wp-json\/wp\/v2\/product\/6835\/revisions"}],"predecessor-version":[{"id":6838,"href":"https:\/\/ecosentec.com\/de\/wp-json\/wp\/v2\/product\/6835\/revisions\/6838"}],"wp:featuredmedia":[{"embeddable":true,"href":"https:\/\/ecosentec.com\/de\/wp-json\/wp\/v2\/media\/6837"}],"wp:attachment":[{"href":"https:\/\/ecosentec.com\/de\/wp-json\/wp\/v2\/media?parent=6835"}],"wp:term":[{"taxonomy":"product_brand","embeddable":true,"href":"https:\/\/ecosentec.com\/de\/wp-json\/wp\/v2\/product_brand?post=6835"},{"taxonomy":"product_cat","embeddable":true,"href":"https:\/\/ecosentec.com\/de\/wp-json\/wp\/v2\/product_cat?post=6835"},{"taxonomy":"product_tag","embeddable":true,"href":"https:\/\/ecosentec.com\/de\/wp-json\/wp\/v2\/product_tag?post=6835"}],"curies":[{"name":"wp","href":"https:\/\/api.w.org\/{rel}","templated":true}]}}