{"id":6827,"date":"2025-05-29T10:55:34","date_gmt":"2025-05-29T10:55:34","guid":{"rendered":"https:\/\/ecosentec.com\/?post_type=product&#038;p=6827"},"modified":"2025-05-29T10:57:18","modified_gmt":"2025-05-29T10:57:18","slug":"temperatur-und-feuchtigkeitstransmitter-fur-metallrohre","status":"publish","type":"product","link":"https:\/\/ecosentec.com\/de\/produkt\/temperatur-und-feuchtigkeitstransmitter-fur-metallrohre\/","title":{"rendered":"ES-A130 Temperatur- und Feuchtigkeitstransmitter f\u00fcr Metallrohre"},"content":{"rendered":"<p class=\"p1\">Der Temperatur- und Feuchtigkeitstransmitter ES-A130 f\u00fcr Metallrohre dient zur Messung von Temperatur und Feuchtigkeit in Rohrleitungen. Er verwendet eine importierte Temperatur- und Feuchtigkeitsmesseinheit mit geringer Drift, hoher Genauigkeit und hoher Entst\u00f6rungsf\u00e4higkeit, um die hervorragende Messleistung des Produkts zu gew\u00e4hrleisten. Das Produkt verf\u00fcgt \u00fcber eine k\u00f6rnig gesinterte Sondenh\u00fclle, Schutzart IP65 und ist in verschiedenen Industrieumgebungen einsetzbar.<\/p>\n<p class=\"p1\">Das Ger\u00e4t verf\u00fcgt \u00fcber eine Weitspannungs-Gleichstromversorgung von 7\u201330 V, unterst\u00fctzt analoge Signale (4\u201320 mA, 0\u201310 V, 0\u20135 V) oder 485-Signalausgabe, standardm\u00e4\u00dfiges ModBus-RTU-Kommunikationsprotokoll, die ModBus-Adresse kann eingestellt und die Baudrate ge\u00e4ndert werden und die Kommunikationsdistanz betr\u00e4gt bis zu 2000 Meter.<\/p>","protected":false},"excerpt":{"rendered":"<p>Der Temperatur- und Feuchtigkeitstransmitter ES-A130 f\u00fcr Metallrohre dient zur Messung von Temperatur und Feuchtigkeit in Rohrleitungen. Er verwendet eine importierte Temperatur- und Feuchtigkeitsmesseinheit mit geringer Drift, hoher Genauigkeit und hoher Entst\u00f6rungsf\u00e4higkeit, um die hervorragende Messleistung des Produkts zu gew\u00e4hrleisten. Das Produkt verf\u00fcgt \u00fcber eine k\u00f6rnig gesinterte Sondenh\u00fclle, Schutzart IP65 und ist in verschiedenen Industrieumgebungen einsetzbar.<\/p>","protected":false},"featured_media":6828,"template":"","meta":{"om_disable_all_campaigns":false,"_monsterinsights_skip_tracking":false,"_monsterinsights_sitenote_active":false,"_monsterinsights_sitenote_note":"","_monsterinsights_sitenote_category":0,"site-sidebar-layout":"default","site-content-layout":"default","ast-site-content-layout":"default","site-content-style":"default","site-sidebar-style":"default","ast-global-header-display":"","ast-banner-title-visibility":"","ast-main-header-display":"","ast-hfb-above-header-display":"","ast-hfb-below-header-display":"","ast-hfb-mobile-header-display":"","site-post-title":"","ast-breadcrumbs-content":"","ast-featured-img":"","footer-sml-layout":"","ast-disable-related-posts":"","theme-transparent-header-meta":"default","adv-header-id-meta":"","stick-header-meta":"","header-above-stick-meta":"","header-main-stick-meta":"","header-below-stick-meta":"","astra-migrate-meta-layouts":"set","ast-page-background-enabled":"default","ast-page-background-meta":{"desktop":{"background-color":"","background-image":"","background-repeat":"repeat","background-position":"center center","background-size":"auto","background-attachment":"scroll","background-type":"","background-media":"","overlay-type":"","overlay-color":"","overlay-opacity":"","overlay-gradient":""},"tablet":{"background-color":"","background-image":"","background-repeat":"repeat","background-position":"center center","background-size":"auto","background-attachment":"scroll","background-type":"","background-media":"","overlay-type":"","overlay-color":"","overlay-opacity":"","overlay-gradient":""},"mobile":{"background-color":"","background-image":"","background-repeat":"repeat","background-position":"center center","background-size":"auto","background-attachment":"scroll","background-type":"","background-media":"","overlay-type":"","overlay-color":"","overlay-opacity":"","overlay-gradient":""}},"ast-content-background-meta":{"desktop":{"background-color":"var(--ast-global-color-5)","background-image":"","background-repeat":"repeat","background-position":"center center","background-size":"auto","background-attachment":"scroll","background-type":"","background-media":"","overlay-type":"","overlay-color":"","overlay-opacity":"","overlay-gradient":""},"tablet":{"background-color":"var(--ast-global-color-5)","background-image":"","background-repeat":"repeat","background-position":"center center","background-size":"auto","background-attachment":"scroll","background-type":"","background-media":"","overlay-type":"","overlay-color":"","overlay-opacity":"","overlay-gradient":""},"mobile":{"background-color":"var(--ast-global-color-5)","background-image":"","background-repeat":"repeat","background-position":"center center","background-size":"auto","background-attachment":"scroll","background-type":"","background-media":"","overlay-type":"","overlay-color":"","overlay-opacity":"","overlay-gradient":""}},"_joinchat":[]},"product_brand":[],"product_cat":[89,90],"product_tag":[],"class_list":{"0":"post-6827","1":"product","2":"type-product","3":"status-publish","4":"has-post-thumbnail","6":"product_cat-ambient-sensor","7":"product_cat-temperature-humidity-sensor","8":"desktop-align-left","9":"tablet-align-left","10":"mobile-align-left","12":"first","13":"instock","14":"shipping-taxable","15":"purchasable","16":"product-type-simple"},"jetpack_sharing_enabled":true,"_links":{"self":[{"href":"https:\/\/ecosentec.com\/de\/wp-json\/wp\/v2\/product\/6827","targetHints":{"allow":["GET"]}}],"collection":[{"href":"https:\/\/ecosentec.com\/de\/wp-json\/wp\/v2\/product"}],"about":[{"href":"https:\/\/ecosentec.com\/de\/wp-json\/wp\/v2\/types\/product"}],"version-history":[{"count":2,"href":"https:\/\/ecosentec.com\/de\/wp-json\/wp\/v2\/product\/6827\/revisions"}],"predecessor-version":[{"id":6831,"href":"https:\/\/ecosentec.com\/de\/wp-json\/wp\/v2\/product\/6827\/revisions\/6831"}],"wp:featuredmedia":[{"embeddable":true,"href":"https:\/\/ecosentec.com\/de\/wp-json\/wp\/v2\/media\/6828"}],"wp:attachment":[{"href":"https:\/\/ecosentec.com\/de\/wp-json\/wp\/v2\/media?parent=6827"}],"wp:term":[{"taxonomy":"product_brand","embeddable":true,"href":"https:\/\/ecosentec.com\/de\/wp-json\/wp\/v2\/product_brand?post=6827"},{"taxonomy":"product_cat","embeddable":true,"href":"https:\/\/ecosentec.com\/de\/wp-json\/wp\/v2\/product_cat?post=6827"},{"taxonomy":"product_tag","embeddable":true,"href":"https:\/\/ecosentec.com\/de\/wp-json\/wp\/v2\/product_tag?post=6827"}],"curies":[{"name":"wp","href":"https:\/\/api.w.org\/{rel}","templated":true}]}}