{"id":6822,"date":"2025-05-29T10:53:18","date_gmt":"2025-05-29T10:53:18","guid":{"rendered":"https:\/\/ecosentec.com\/?post_type=product&#038;p=6822"},"modified":"2025-05-29T10:55:08","modified_gmt":"2025-05-29T10:55:08","slug":"taupunkttemperatursensor","status":"publish","type":"product","link":"https:\/\/ecosentec.com\/de\/produkt\/taupunkttemperatursensor\/","title":{"rendered":"ES-A120 Taupunkttemperatursensor"},"content":{"rendered":"<p class=\"p1\">Der Taupunkttemperatur-Transmitter ES-A120 aus Edelstahl kann \u00fcber ein 4-Wege-Rohrgewinde installiert werden, um die Taupunkttemperatur in der Rohrleitung zu messen, und kann auch die atmosph\u00e4rische Taupunkttemperatur in normalen Umgebungen direkt messen.<\/p>\n<p class=\"p1\">Das Geh\u00e4use des Taupunkttemperaturtransmitters ES-A120 besteht aus Edelstahl 304 und verf\u00fcgt \u00fcber eine wasserdichte Steckdose sowie die Schutzart IP65. Die Schaltung verwendet einen importierten Industrie-Mikroprozessorchip und einen importierten hochpr\u00e4zisen Temperatursensor, um die hervorragende Messleistung des Produkts zu gew\u00e4hrleisten. Das Produkt ist elegant und kompakt gestaltet und eignet sich f\u00fcr verschiedene Industrieumgebungen. Der Ausgangssignaltyp ist RS485, die maximale Kommunikationsdistanz betr\u00e4gt 2000 Meter, das Standard-Modbus-Protokoll wird unterst\u00fctzt. Sekund\u00e4rentwicklung wird unterst\u00fctzt.<\/p>","protected":false},"excerpt":{"rendered":"<p>Der Taupunkttemperatur-Transmitter ES-A120 aus Edelstahl kann \u00fcber ein 4-Wege-Rohrgewinde installiert werden, um die Taupunkttemperatur in der Rohrleitung zu messen, und kann auch die atmosph\u00e4rische Taupunkttemperatur in normalen Umgebungen direkt messen.<\/p>","protected":false},"featured_media":6823,"template":"","meta":{"om_disable_all_campaigns":false,"_monsterinsights_skip_tracking":false,"_monsterinsights_sitenote_active":false,"_monsterinsights_sitenote_note":"","_monsterinsights_sitenote_category":0,"site-sidebar-layout":"default","site-content-layout":"default","ast-site-content-layout":"default","site-content-style":"default","site-sidebar-style":"default","ast-global-header-display":"","ast-banner-title-visibility":"","ast-main-header-display":"","ast-hfb-above-header-display":"","ast-hfb-below-header-display":"","ast-hfb-mobile-header-display":"","site-post-title":"","ast-breadcrumbs-content":"","ast-featured-img":"","footer-sml-layout":"","ast-disable-related-posts":"","theme-transparent-header-meta":"default","adv-header-id-meta":"","stick-header-meta":"","header-above-stick-meta":"","header-main-stick-meta":"","header-below-stick-meta":"","astra-migrate-meta-layouts":"set","ast-page-background-enabled":"default","ast-page-background-meta":{"desktop":{"background-color":"","background-image":"","background-repeat":"repeat","background-position":"center center","background-size":"auto","background-attachment":"scroll","background-type":"","background-media":"","overlay-type":"","overlay-color":"","overlay-opacity":"","overlay-gradient":""},"tablet":{"background-color":"","background-image":"","background-repeat":"repeat","background-position":"center center","background-size":"auto","background-attachment":"scroll","background-type":"","background-media":"","overlay-type":"","overlay-color":"","overlay-opacity":"","overlay-gradient":""},"mobile":{"background-color":"","background-image":"","background-repeat":"repeat","background-position":"center center","background-size":"auto","background-attachment":"scroll","background-type":"","background-media":"","overlay-type":"","overlay-color":"","overlay-opacity":"","overlay-gradient":""}},"ast-content-background-meta":{"desktop":{"background-color":"var(--ast-global-color-5)","background-image":"","background-repeat":"repeat","background-position":"center center","background-size":"auto","background-attachment":"scroll","background-type":"","background-media":"","overlay-type":"","overlay-color":"","overlay-opacity":"","overlay-gradient":""},"tablet":{"background-color":"var(--ast-global-color-5)","background-image":"","background-repeat":"repeat","background-position":"center center","background-size":"auto","background-attachment":"scroll","background-type":"","background-media":"","overlay-type":"","overlay-color":"","overlay-opacity":"","overlay-gradient":""},"mobile":{"background-color":"var(--ast-global-color-5)","background-image":"","background-repeat":"repeat","background-position":"center center","background-size":"auto","background-attachment":"scroll","background-type":"","background-media":"","overlay-type":"","overlay-color":"","overlay-opacity":"","overlay-gradient":""}},"_joinchat":[]},"product_brand":[],"product_cat":[89,90],"product_tag":[],"class_list":{"0":"post-6822","1":"product","2":"type-product","3":"status-publish","4":"has-post-thumbnail","6":"product_cat-ambient-sensor","7":"product_cat-temperature-humidity-sensor","8":"desktop-align-left","9":"tablet-align-left","10":"mobile-align-left","12":"first","13":"instock","14":"shipping-taxable","15":"purchasable","16":"product-type-simple"},"jetpack_sharing_enabled":true,"_links":{"self":[{"href":"https:\/\/ecosentec.com\/de\/wp-json\/wp\/v2\/product\/6822","targetHints":{"allow":["GET"]}}],"collection":[{"href":"https:\/\/ecosentec.com\/de\/wp-json\/wp\/v2\/product"}],"about":[{"href":"https:\/\/ecosentec.com\/de\/wp-json\/wp\/v2\/types\/product"}],"version-history":[{"count":2,"href":"https:\/\/ecosentec.com\/de\/wp-json\/wp\/v2\/product\/6822\/revisions"}],"predecessor-version":[{"id":6826,"href":"https:\/\/ecosentec.com\/de\/wp-json\/wp\/v2\/product\/6822\/revisions\/6826"}],"wp:featuredmedia":[{"embeddable":true,"href":"https:\/\/ecosentec.com\/de\/wp-json\/wp\/v2\/media\/6823"}],"wp:attachment":[{"href":"https:\/\/ecosentec.com\/de\/wp-json\/wp\/v2\/media?parent=6822"}],"wp:term":[{"taxonomy":"product_brand","embeddable":true,"href":"https:\/\/ecosentec.com\/de\/wp-json\/wp\/v2\/product_brand?post=6822"},{"taxonomy":"product_cat","embeddable":true,"href":"https:\/\/ecosentec.com\/de\/wp-json\/wp\/v2\/product_cat?post=6822"},{"taxonomy":"product_tag","embeddable":true,"href":"https:\/\/ecosentec.com\/de\/wp-json\/wp\/v2\/product_tag?post=6822"}],"curies":[{"name":"wp","href":"https:\/\/api.w.org\/{rel}","templated":true}]}}