{"id":6810,"date":"2025-05-29T10:43:09","date_gmt":"2025-05-29T10:43:09","guid":{"rendered":"https:\/\/ecosentec.com\/?post_type=product&#038;p=6810"},"modified":"2025-05-29T10:45:38","modified_gmt":"2025-05-29T10:45:38","slug":"infrarot-temperatursensor-2","status":"publish","type":"product","link":"https:\/\/ecosentec.com\/de\/produkt\/infrarot-temperatursensor-2\/","title":{"rendered":"ES-A901 Infrarot-Temperatursensor"},"content":{"rendered":"<p class=\"p1\">Der ES-A901 ist ein ber\u00fchrungsloser Infrarot-Temperatursensor, der die Oberfl\u00e4chentemperatur eines Objekts durch Messung der vom Objekt abgegebenen Infrarotstrahlungsenergie im Bereich von 8 \u03bcm bis 14 \u03bcm berechnet, ohne das Ziel zu ber\u00fchren. Die ber\u00fchrungslose Temperaturmessung ist der gr\u00f6\u00dfte Vorteil von Infrarot-Thermometern und erm\u00f6glicht die einfache Messung schwer erreichbarer oder beweglicher Ziele.<\/p>\n<p class=\"p1\">Dieser Temperatursensor ist ein integrierter Infrarot-Temperatursensor. Sensor, Optik und Elektronik sind in einem Edelstahlgeh\u00e4use integriert. Die Installation ist einfach, und die Standardgewinde am Edelstahlgeh\u00e4use erm\u00f6glichen eine schnelle Verbindung mit dem Installationsteil. Dar\u00fcber hinaus stehen verschiedene Optionen (verschiedene Instrumente, gro\u00dfe Bildschirme, Schutzabdeckungen f\u00fcr papierlose Schreiber, Laservisiere, verstellbare Montagehalterungen usw.) zur Verf\u00fcgung, um den Anforderungen unterschiedlicher Arbeitsbedingungen gerecht zu werden.<\/p>","protected":false},"excerpt":{"rendered":"<p>Der ES-A901 ist ein ber\u00fchrungsloser Infrarot-Temperatursensor, der die Oberfl\u00e4chentemperatur eines Objekts durch Messung der vom Objekt abgegebenen Infrarotstrahlungsenergie im Bereich von 8 \u03bcm bis 14 \u03bcm berechnet, ohne das Ziel zu ber\u00fchren. Die ber\u00fchrungslose Temperaturmessung ist der gr\u00f6\u00dfte Vorteil von Infrarot-Thermometern und erm\u00f6glicht die einfache Messung schwer erreichbarer oder beweglicher Ziele.<\/p>","protected":false},"featured_media":6811,"template":"","meta":{"om_disable_all_campaigns":false,"_monsterinsights_skip_tracking":false,"_monsterinsights_sitenote_active":false,"_monsterinsights_sitenote_note":"","_monsterinsights_sitenote_category":0,"site-sidebar-layout":"default","site-content-layout":"default","ast-site-content-layout":"default","site-content-style":"default","site-sidebar-style":"default","ast-global-header-display":"","ast-banner-title-visibility":"","ast-main-header-display":"","ast-hfb-above-header-display":"","ast-hfb-below-header-display":"","ast-hfb-mobile-header-display":"","site-post-title":"","ast-breadcrumbs-content":"","ast-featured-img":"","footer-sml-layout":"","ast-disable-related-posts":"","theme-transparent-header-meta":"default","adv-header-id-meta":"","stick-header-meta":"","header-above-stick-meta":"","header-main-stick-meta":"","header-below-stick-meta":"","astra-migrate-meta-layouts":"set","ast-page-background-enabled":"default","ast-page-background-meta":{"desktop":{"background-color":"","background-image":"","background-repeat":"repeat","background-position":"center center","background-size":"auto","background-attachment":"scroll","background-type":"","background-media":"","overlay-type":"","overlay-color":"","overlay-opacity":"","overlay-gradient":""},"tablet":{"background-color":"","background-image":"","background-repeat":"repeat","background-position":"center center","background-size":"auto","background-attachment":"scroll","background-type":"","background-media":"","overlay-type":"","overlay-color":"","overlay-opacity":"","overlay-gradient":""},"mobile":{"background-color":"","background-image":"","background-repeat":"repeat","background-position":"center center","background-size":"auto","background-attachment":"scroll","background-type":"","background-media":"","overlay-type":"","overlay-color":"","overlay-opacity":"","overlay-gradient":""}},"ast-content-background-meta":{"desktop":{"background-color":"var(--ast-global-color-5)","background-image":"","background-repeat":"repeat","background-position":"center center","background-size":"auto","background-attachment":"scroll","background-type":"","background-media":"","overlay-type":"","overlay-color":"","overlay-opacity":"","overlay-gradient":""},"tablet":{"background-color":"var(--ast-global-color-5)","background-image":"","background-repeat":"repeat","background-position":"center center","background-size":"auto","background-attachment":"scroll","background-type":"","background-media":"","overlay-type":"","overlay-color":"","overlay-opacity":"","overlay-gradient":""},"mobile":{"background-color":"var(--ast-global-color-5)","background-image":"","background-repeat":"repeat","background-position":"center center","background-size":"auto","background-attachment":"scroll","background-type":"","background-media":"","overlay-type":"","overlay-color":"","overlay-opacity":"","overlay-gradient":""}},"_joinchat":[]},"product_brand":[],"product_cat":[89,90],"product_tag":[],"class_list":{"0":"post-6810","1":"product","2":"type-product","3":"status-publish","4":"has-post-thumbnail","6":"product_cat-ambient-sensor","7":"product_cat-temperature-humidity-sensor","8":"desktop-align-left","9":"tablet-align-left","10":"mobile-align-left","12":"first","13":"instock","14":"shipping-taxable","15":"purchasable","16":"product-type-simple"},"jetpack_sharing_enabled":true,"_links":{"self":[{"href":"https:\/\/ecosentec.com\/de\/wp-json\/wp\/v2\/product\/6810","targetHints":{"allow":["GET"]}}],"collection":[{"href":"https:\/\/ecosentec.com\/de\/wp-json\/wp\/v2\/product"}],"about":[{"href":"https:\/\/ecosentec.com\/de\/wp-json\/wp\/v2\/types\/product"}],"version-history":[{"count":2,"href":"https:\/\/ecosentec.com\/de\/wp-json\/wp\/v2\/product\/6810\/revisions"}],"predecessor-version":[{"id":6814,"href":"https:\/\/ecosentec.com\/de\/wp-json\/wp\/v2\/product\/6810\/revisions\/6814"}],"wp:featuredmedia":[{"embeddable":true,"href":"https:\/\/ecosentec.com\/de\/wp-json\/wp\/v2\/media\/6811"}],"wp:attachment":[{"href":"https:\/\/ecosentec.com\/de\/wp-json\/wp\/v2\/media?parent=6810"}],"wp:term":[{"taxonomy":"product_brand","embeddable":true,"href":"https:\/\/ecosentec.com\/de\/wp-json\/wp\/v2\/product_brand?post=6810"},{"taxonomy":"product_cat","embeddable":true,"href":"https:\/\/ecosentec.com\/de\/wp-json\/wp\/v2\/product_cat?post=6810"},{"taxonomy":"product_tag","embeddable":true,"href":"https:\/\/ecosentec.com\/de\/wp-json\/wp\/v2\/product_tag?post=6810"}],"curies":[{"name":"wp","href":"https:\/\/api.w.org\/{rel}","templated":true}]}}