{"id":6804,"date":"2025-05-29T10:19:11","date_gmt":"2025-05-29T10:19:11","guid":{"rendered":"https:\/\/ecosentec.com\/?post_type=product&#038;p=6804"},"modified":"2025-06-11T10:25:33","modified_gmt":"2025-06-11T10:25:33","slug":"sender-fur-ortungsstrahlung","status":"publish","type":"product","link":"https:\/\/ecosentec.com\/de\/produkt\/sender-fur-ortungsstrahlung\/","title":{"rendered":"ES-S228TM Tracking-Strahlungssender"},"content":{"rendered":"<p class=\"p1\">Der vollautomatische Solarstrahlungssender ES-S228TM ist ein Ger\u00e4t, das die Sonne automatisch verfolgt und mehrere Sonnenstrahlungsparameter misst. Es erf\u00fcllt die Anforderungen automatisierter Messungen und l\u00f6st das Problem, dass herk\u00f6mmliche Solarstrahlungsger\u00e4te f\u00fcr eine pr\u00e4zise Messung manuelle Echtzeitwartung ben\u00f6tigen. Das Ger\u00e4t verf\u00fcgt \u00fcber zwei Modi: Sonnenverfolgung (Lichtverfolgung) und GPS-Tracking. Dadurch werden Sonnenh\u00f6henwinkel und Azimut sowie Sonnenauf- und -untergangszeit automatisch berechnet und die Ver\u00e4nderungen der Sonnenlichtintensit\u00e4t berechnet, analysiert und verglichen, um die Sonne den ganzen Tag \u00fcber pr\u00e4zise zu verfolgen.<\/p>\n<p class=\"p1\">Der direkte Solarstrahlungstransmitter basiert auf dem thermoelektrischen Prinzip und misst die Sonnenstrahlung in einem Spektralbereich von 0,3 bis 3 \u03bcm. Das Sensorelement besteht aus einer galvanisch gewickelten Thermos\u00e4ule, und die Sensoroberfl\u00e4che ist schwarz beschichtet und weist eine hohe Absorptionsrate auf. Das Produkt nutzt das Standard-Kommunikationsprotokoll ModBus-RTU 485, das den aktuellen Gesamtwert der Sonnenstrahlung direkt ablesen kann. Gleichzeitig k\u00f6nnen die Daten mithilfe verschiedener Datensammler unseres Unternehmens auf unsere kostenlose Cloud-Plattform zur Daten\u00fcberwachung hochgeladen und dort \u00fcber WLAN, 4G, LORA, Ethernet und andere Methoden angezeigt werden.<\/p>","protected":false},"excerpt":{"rendered":"<p>Der vollautomatische Solarstrahlungssender ES-S228TM ist ein Ger\u00e4t, das die Sonne automatisch verfolgt und mehrere Sonnenstrahlungsparameter misst. Es erf\u00fcllt die Anforderungen automatisierter Messungen und l\u00f6st das Problem, dass herk\u00f6mmliche Solarstrahlungsger\u00e4te f\u00fcr eine pr\u00e4zise Messung manuelle Echtzeitwartung ben\u00f6tigen. Das Ger\u00e4t verf\u00fcgt \u00fcber zwei Modi: Sonnenverfolgung (Lichtverfolgung) und GPS-Tracking. Dadurch werden Sonnenh\u00f6henwinkel und Azimut sowie Sonnenauf- und -untergangszeit automatisch berechnet und die Ver\u00e4nderungen der Sonnenlichtintensit\u00e4t berechnet, analysiert und verglichen, um die Sonne den ganzen Tag \u00fcber pr\u00e4zise zu verfolgen.<\/p>","protected":false},"featured_media":6805,"template":"","meta":{"om_disable_all_campaigns":false,"_monsterinsights_skip_tracking":false,"_monsterinsights_sitenote_active":false,"_monsterinsights_sitenote_note":"","_monsterinsights_sitenote_category":0,"site-sidebar-layout":"default","site-content-layout":"default","ast-site-content-layout":"default","site-content-style":"default","site-sidebar-style":"default","ast-global-header-display":"","ast-banner-title-visibility":"","ast-main-header-display":"","ast-hfb-above-header-display":"","ast-hfb-below-header-display":"","ast-hfb-mobile-header-display":"","site-post-title":"","ast-breadcrumbs-content":"","ast-featured-img":"","footer-sml-layout":"","ast-disable-related-posts":"","theme-transparent-header-meta":"default","adv-header-id-meta":"","stick-header-meta":"","header-above-stick-meta":"","header-main-stick-meta":"","header-below-stick-meta":"","astra-migrate-meta-layouts":"set","ast-page-background-enabled":"default","ast-page-background-meta":{"desktop":{"background-color":"","background-image":"","background-repeat":"repeat","background-position":"center center","background-size":"auto","background-attachment":"scroll","background-type":"","background-media":"","overlay-type":"","overlay-color":"","overlay-opacity":"","overlay-gradient":""},"tablet":{"background-color":"","background-image":"","background-repeat":"repeat","background-position":"center center","background-size":"auto","background-attachment":"scroll","background-type":"","background-media":"","overlay-type":"","overlay-color":"","overlay-opacity":"","overlay-gradient":""},"mobile":{"background-color":"","background-image":"","background-repeat":"repeat","background-position":"center center","background-size":"auto","background-attachment":"scroll","background-type":"","background-media":"","overlay-type":"","overlay-color":"","overlay-opacity":"","overlay-gradient":""}},"ast-content-background-meta":{"desktop":{"background-color":"var(--ast-global-color-5)","background-image":"","background-repeat":"repeat","background-position":"center center","background-size":"auto","background-attachment":"scroll","background-type":"","background-media":"","overlay-type":"","overlay-color":"","overlay-opacity":"","overlay-gradient":""},"tablet":{"background-color":"var(--ast-global-color-5)","background-image":"","background-repeat":"repeat","background-position":"center center","background-size":"auto","background-attachment":"scroll","background-type":"","background-media":"","overlay-type":"","overlay-color":"","overlay-opacity":"","overlay-gradient":""},"mobile":{"background-color":"var(--ast-global-color-5)","background-image":"","background-repeat":"repeat","background-position":"center center","background-size":"auto","background-attachment":"scroll","background-type":"","background-media":"","overlay-type":"","overlay-color":"","overlay-opacity":"","overlay-gradient":""}},"_joinchat":[]},"product_brand":[],"product_cat":[84,76],"product_tag":[291],"class_list":{"0":"post-6804","1":"product","2":"type-product","3":"status-publish","4":"has-post-thumbnail","6":"product_cat-pyrgeometers","7":"product_cat-solar-radiation-sensor","8":"product_tag-solar","9":"desktop-align-left","10":"tablet-align-left","11":"mobile-align-left","13":"first","14":"instock","15":"shipping-taxable","16":"purchasable","17":"product-type-simple"},"jetpack_sharing_enabled":true,"_links":{"self":[{"href":"https:\/\/ecosentec.com\/de\/wp-json\/wp\/v2\/product\/6804","targetHints":{"allow":["GET"]}}],"collection":[{"href":"https:\/\/ecosentec.com\/de\/wp-json\/wp\/v2\/product"}],"about":[{"href":"https:\/\/ecosentec.com\/de\/wp-json\/wp\/v2\/types\/product"}],"version-history":[{"count":1,"href":"https:\/\/ecosentec.com\/de\/wp-json\/wp\/v2\/product\/6804\/revisions"}],"predecessor-version":[{"id":6807,"href":"https:\/\/ecosentec.com\/de\/wp-json\/wp\/v2\/product\/6804\/revisions\/6807"}],"wp:featuredmedia":[{"embeddable":true,"href":"https:\/\/ecosentec.com\/de\/wp-json\/wp\/v2\/media\/6805"}],"wp:attachment":[{"href":"https:\/\/ecosentec.com\/de\/wp-json\/wp\/v2\/media?parent=6804"}],"wp:term":[{"taxonomy":"product_brand","embeddable":true,"href":"https:\/\/ecosentec.com\/de\/wp-json\/wp\/v2\/product_brand?post=6804"},{"taxonomy":"product_cat","embeddable":true,"href":"https:\/\/ecosentec.com\/de\/wp-json\/wp\/v2\/product_cat?post=6804"},{"taxonomy":"product_tag","embeddable":true,"href":"https:\/\/ecosentec.com\/de\/wp-json\/wp\/v2\/product_tag?post=6804"}],"curies":[{"name":"wp","href":"https:\/\/api.w.org\/{rel}","templated":true}]}}