{"id":6475,"date":"2025-04-22T09:31:45","date_gmt":"2025-04-22T09:31:45","guid":{"rendered":"https:\/\/ecosentec.com\/?post_type=product&#038;p=6475"},"modified":"2025-04-22T09:34:21","modified_gmt":"2025-04-22T09:34:21","slug":"bodenspannungssensor","status":"publish","type":"product","link":"https:\/\/ecosentec.com\/de\/produkt\/bodenspannungssensor\/","title":{"rendered":"ES-S2285 Bodenspannungssensor"},"content":{"rendered":"<p>Wenn der Bodenspannungssensor die dynamischen Daten zur Bodenfeuchtigkeit der Pflanzen erfasst, kann er pr\u00e4zisere Bew\u00e4sserungsma\u00dfnahmen entsprechend den Wachstumsver\u00e4nderungen der Pflanzen ergreifen. Er zeichnet nicht nur die Daten zur Bodenspannungs\u00e4nderung auf, sondern unterst\u00fctzt Landwirte auch bei der kontinuierlichen Erg\u00e4nzung der Bodenumweltdaten.<\/p>\n<p>Der Bodenspannungssensor ES-S2285 verwendet ein transparentes PVC-Kunststoffrohr, das die verbleibende Wassermenge im Ger\u00e4t deutlich anzeigt und so das Nachf\u00fcllen erleichtert. Das Produkt eignet sich f\u00fcr Bereiche, in denen Bodenfeuchtigkeit und D\u00fcrre erfasst werden m\u00fcssen. Es wird haupts\u00e4chlich eingesetzt, um zu \u00fcberwachen, ob Pflanzen im landwirtschaftlichen Anbau Wassermangel haben, um die Bew\u00e4sserung zu optimieren.<\/p>\n<p>Bei Verwendung eines standardm\u00e4\u00dfigen analogen Signalausgangs von 4 bis 20 mA kann es an digitale Anzeigemessger\u00e4te vor Ort, SPS, Wechselrichter, industrielle Steuerungshosts und andere Ger\u00e4te angeschlossen werden. Bei Verwendung der standardm\u00e4\u00dfigen ModBus-RTU485-Kommunikation kann es mit bis zu 2000 Messger\u00e4ten kommunizieren.<\/p>","protected":false},"excerpt":{"rendered":"<p>Der Bodenspannungssensor ES-S2285 verwendet ein transparentes PVC-Kunststoffrohr, das die verbleibende Wassermenge im Ger\u00e4t deutlich anzeigt und so das Nachf\u00fcllen erleichtert. Das Produkt eignet sich f\u00fcr Bereiche, in denen Bodenfeuchtigkeit und D\u00fcrre erfasst werden m\u00fcssen. Es wird haupts\u00e4chlich eingesetzt, um zu \u00fcberwachen, ob Pflanzen im landwirtschaftlichen Anbau Wassermangel haben, um die Bew\u00e4sserung zu optimieren.<\/p>","protected":false},"featured_media":6476,"template":"","meta":{"om_disable_all_campaigns":false,"_monsterinsights_skip_tracking":false,"_monsterinsights_sitenote_active":false,"_monsterinsights_sitenote_note":"","_monsterinsights_sitenote_category":0,"site-sidebar-layout":"default","site-content-layout":"default","ast-site-content-layout":"default","site-content-style":"default","site-sidebar-style":"default","ast-global-header-display":"","ast-banner-title-visibility":"","ast-main-header-display":"","ast-hfb-above-header-display":"","ast-hfb-below-header-display":"","ast-hfb-mobile-header-display":"","site-post-title":"","ast-breadcrumbs-content":"","ast-featured-img":"","footer-sml-layout":"","ast-disable-related-posts":"","theme-transparent-header-meta":"default","adv-header-id-meta":"","stick-header-meta":"","header-above-stick-meta":"","header-main-stick-meta":"","header-below-stick-meta":"","astra-migrate-meta-layouts":"set","ast-page-background-enabled":"default","ast-page-background-meta":{"desktop":{"background-color":"","background-image":"","background-repeat":"repeat","background-position":"center center","background-size":"auto","background-attachment":"scroll","background-type":"","background-media":"","overlay-type":"","overlay-color":"","overlay-opacity":"","overlay-gradient":""},"tablet":{"background-color":"","background-image":"","background-repeat":"repeat","background-position":"center center","background-size":"auto","background-attachment":"scroll","background-type":"","background-media":"","overlay-type":"","overlay-color":"","overlay-opacity":"","overlay-gradient":""},"mobile":{"background-color":"","background-image":"","background-repeat":"repeat","background-position":"center center","background-size":"auto","background-attachment":"scroll","background-type":"","background-media":"","overlay-type":"","overlay-color":"","overlay-opacity":"","overlay-gradient":""}},"ast-content-background-meta":{"desktop":{"background-color":"var(--ast-global-color-5)","background-image":"","background-repeat":"repeat","background-position":"center center","background-size":"auto","background-attachment":"scroll","background-type":"","background-media":"","overlay-type":"","overlay-color":"","overlay-opacity":"","overlay-gradient":""},"tablet":{"background-color":"var(--ast-global-color-5)","background-image":"","background-repeat":"repeat","background-position":"center center","background-size":"auto","background-attachment":"scroll","background-type":"","background-media":"","overlay-type":"","overlay-color":"","overlay-opacity":"","overlay-gradient":""},"mobile":{"background-color":"var(--ast-global-color-5)","background-image":"","background-repeat":"repeat","background-position":"center center","background-size":"auto","background-attachment":"scroll","background-type":"","background-media":"","overlay-type":"","overlay-color":"","overlay-opacity":"","overlay-gradient":""}},"_joinchat":[]},"product_brand":[],"product_cat":[94,95],"product_tag":[],"class_list":{"0":"post-6475","1":"product","2":"type-product","3":"status-publish","4":"has-post-thumbnail","6":"product_cat-agro-soil-sensor","7":"product_cat-soil-sensor","8":"desktop-align-left","9":"tablet-align-left","10":"mobile-align-left","12":"first","13":"instock","14":"shipping-taxable","15":"purchasable","16":"product-type-simple"},"jetpack_sharing_enabled":true,"_links":{"self":[{"href":"https:\/\/ecosentec.com\/de\/wp-json\/wp\/v2\/product\/6475","targetHints":{"allow":["GET"]}}],"collection":[{"href":"https:\/\/ecosentec.com\/de\/wp-json\/wp\/v2\/product"}],"about":[{"href":"https:\/\/ecosentec.com\/de\/wp-json\/wp\/v2\/types\/product"}],"version-history":[{"count":2,"href":"https:\/\/ecosentec.com\/de\/wp-json\/wp\/v2\/product\/6475\/revisions"}],"predecessor-version":[{"id":6479,"href":"https:\/\/ecosentec.com\/de\/wp-json\/wp\/v2\/product\/6475\/revisions\/6479"}],"wp:featuredmedia":[{"embeddable":true,"href":"https:\/\/ecosentec.com\/de\/wp-json\/wp\/v2\/media\/6476"}],"wp:attachment":[{"href":"https:\/\/ecosentec.com\/de\/wp-json\/wp\/v2\/media?parent=6475"}],"wp:term":[{"taxonomy":"product_brand","embeddable":true,"href":"https:\/\/ecosentec.com\/de\/wp-json\/wp\/v2\/product_brand?post=6475"},{"taxonomy":"product_cat","embeddable":true,"href":"https:\/\/ecosentec.com\/de\/wp-json\/wp\/v2\/product_cat?post=6475"},{"taxonomy":"product_tag","embeddable":true,"href":"https:\/\/ecosentec.com\/de\/wp-json\/wp\/v2\/product_tag?post=6475"}],"curies":[{"name":"wp","href":"https:\/\/api.w.org\/{rel}","templated":true}]}}