{"id":6364,"date":"2025-04-17T10:52:40","date_gmt":"2025-04-17T10:52:40","guid":{"rendered":"https:\/\/ecosentec.com\/?post_type=product&#038;p=6364"},"modified":"2025-04-17T10:55:08","modified_gmt":"2025-04-17T10:55:08","slug":"automatische-wetterstation","status":"publish","type":"product","link":"https:\/\/ecosentec.com\/de\/produkt\/automatische-wetterstation\/","title":{"rendered":"Automatische Wetterstation ES-W3000"},"content":{"rendered":"<p>Eine automatische Wetterstation ist ein Beobachtungsger\u00e4t, das automatisch meteorologische Daten erfassen und \u00fcbertragen kann. Eine Wetterstation, die je nach Bedarf automatisch mehrere Elemente in einem bestimmten Gebiet erkennt, automatisch und ohne menschliches Eingreifen Meldungen generiert und regelm\u00e4\u00dfig Daten an die Zentrale \u00fcbertr\u00e4gt, ist ein wichtiges Mittel, um die L\u00fccke bei meteorologischen Datenerfassungen im Raum zu schlie\u00dfen. Sie besteht aus meteorologischen Sensoren, mikrocomputergest\u00fctzten Ger\u00e4ten zur meteorologischen Datenerfassung, Stromversorgungssystemen, strahlungssicheren L\u00fcftungshauben, Allwetterschutzboxen, Halterungen f\u00fcr meteorologische Beobachtungen, Kommunikationsmodulen usw.<br \/>\nDie automatische Wetterstation ES-W3000 erm\u00f6glicht die wetterunabh\u00e4ngige \u00dcberwachung von \u00fcber einem Dutzend meteorologischer Parameter wie Windgeschwindigkeit, Windrichtung, Niederschlag, Lufttemperatur, Luftfeuchtigkeit, Lichtintensit\u00e4t, Bodentemperatur, Bodenfeuchtigkeit, Verdunstung und Luftdruck. \u00dcber eine professionelle Datenerfassungsleitung kann sie an einen Computer angeschlossen werden, um Daten zur statistischen Analyse und Verarbeitung an die meteorologische Computerdatenbank zu \u00fcbertragen.<\/p>","protected":false},"excerpt":{"rendered":"<p>Die automatische Wetterstation ES-W3000 erm\u00f6glicht die wetterunabh\u00e4ngige \u00dcberwachung von \u00fcber einem Dutzend meteorologischer Parameter wie Windgeschwindigkeit, Windrichtung, Niederschlag, Lufttemperatur, Luftfeuchtigkeit, Lichtintensit\u00e4t, Bodentemperatur, Bodenfeuchtigkeit, Verdunstung und Luftdruck. \u00dcber eine professionelle Datenerfassungsleitung kann sie an einen Computer angeschlossen werden, um Daten zur statistischen Analyse und Verarbeitung an die meteorologische Computerdatenbank zu \u00fcbertragen.<\/p>","protected":false},"featured_media":6368,"template":"","meta":{"om_disable_all_campaigns":false,"_monsterinsights_skip_tracking":false,"_monsterinsights_sitenote_active":false,"_monsterinsights_sitenote_note":"","_monsterinsights_sitenote_category":0,"site-sidebar-layout":"default","site-content-layout":"default","ast-site-content-layout":"default","site-content-style":"default","site-sidebar-style":"default","ast-global-header-display":"","ast-banner-title-visibility":"","ast-main-header-display":"","ast-hfb-above-header-display":"","ast-hfb-below-header-display":"","ast-hfb-mobile-header-display":"","site-post-title":"","ast-breadcrumbs-content":"","ast-featured-img":"","footer-sml-layout":"","ast-disable-related-posts":"","theme-transparent-header-meta":"default","adv-header-id-meta":"","stick-header-meta":"","header-above-stick-meta":"","header-main-stick-meta":"","header-below-stick-meta":"","astra-migrate-meta-layouts":"set","ast-page-background-enabled":"default","ast-page-background-meta":{"desktop":{"background-color":"","background-image":"","background-repeat":"repeat","background-position":"center center","background-size":"auto","background-attachment":"scroll","background-type":"","background-media":"","overlay-type":"","overlay-color":"","overlay-opacity":"","overlay-gradient":""},"tablet":{"background-color":"","background-image":"","background-repeat":"repeat","background-position":"center center","background-size":"auto","background-attachment":"scroll","background-type":"","background-media":"","overlay-type":"","overlay-color":"","overlay-opacity":"","overlay-gradient":""},"mobile":{"background-color":"","background-image":"","background-repeat":"repeat","background-position":"center center","background-size":"auto","background-attachment":"scroll","background-type":"","background-media":"","overlay-type":"","overlay-color":"","overlay-opacity":"","overlay-gradient":""}},"ast-content-background-meta":{"desktop":{"background-color":"var(--ast-global-color-5)","background-image":"","background-repeat":"repeat","background-position":"center center","background-size":"auto","background-attachment":"scroll","background-type":"","background-media":"","overlay-type":"","overlay-color":"","overlay-opacity":"","overlay-gradient":""},"tablet":{"background-color":"var(--ast-global-color-5)","background-image":"","background-repeat":"repeat","background-position":"center center","background-size":"auto","background-attachment":"scroll","background-type":"","background-media":"","overlay-type":"","overlay-color":"","overlay-opacity":"","overlay-gradient":""},"mobile":{"background-color":"var(--ast-global-color-5)","background-image":"","background-repeat":"repeat","background-position":"center center","background-size":"auto","background-attachment":"scroll","background-type":"","background-media":"","overlay-type":"","overlay-color":"","overlay-opacity":"","overlay-gradient":""}},"_joinchat":[]},"product_brand":[],"product_cat":[88,86],"product_tag":[],"class_list":{"0":"post-6364","1":"product","2":"type-product","3":"status-publish","4":"has-post-thumbnail","6":"product_cat-automatic-weather-stations","7":"product_cat-weather-station","8":"desktop-align-left","9":"tablet-align-left","10":"mobile-align-left","12":"first","13":"instock","14":"shipping-taxable","15":"purchasable","16":"product-type-simple"},"jetpack_sharing_enabled":true,"_links":{"self":[{"href":"https:\/\/ecosentec.com\/de\/wp-json\/wp\/v2\/product\/6364","targetHints":{"allow":["GET"]}}],"collection":[{"href":"https:\/\/ecosentec.com\/de\/wp-json\/wp\/v2\/product"}],"about":[{"href":"https:\/\/ecosentec.com\/de\/wp-json\/wp\/v2\/types\/product"}],"version-history":[{"count":2,"href":"https:\/\/ecosentec.com\/de\/wp-json\/wp\/v2\/product\/6364\/revisions"}],"predecessor-version":[{"id":6370,"href":"https:\/\/ecosentec.com\/de\/wp-json\/wp\/v2\/product\/6364\/revisions\/6370"}],"wp:featuredmedia":[{"embeddable":true,"href":"https:\/\/ecosentec.com\/de\/wp-json\/wp\/v2\/media\/6368"}],"wp:attachment":[{"href":"https:\/\/ecosentec.com\/de\/wp-json\/wp\/v2\/media?parent=6364"}],"wp:term":[{"taxonomy":"product_brand","embeddable":true,"href":"https:\/\/ecosentec.com\/de\/wp-json\/wp\/v2\/product_brand?post=6364"},{"taxonomy":"product_cat","embeddable":true,"href":"https:\/\/ecosentec.com\/de\/wp-json\/wp\/v2\/product_cat?post=6364"},{"taxonomy":"product_tag","embeddable":true,"href":"https:\/\/ecosentec.com\/de\/wp-json\/wp\/v2\/product_tag?post=6364"}],"curies":[{"name":"wp","href":"https:\/\/api.w.org\/{rel}","templated":true}]}}