{"id":6356,"date":"2025-04-17T10:47:09","date_gmt":"2025-04-17T10:47:09","guid":{"rendered":"https:\/\/ecosentec.com\/?post_type=product&#038;p=6356"},"modified":"2025-05-29T10:46:33","modified_gmt":"2025-05-29T10:46:33","slug":"infrarot-temperatursensor","status":"publish","type":"product","link":"https:\/\/ecosentec.com\/de\/produkt\/infrarot-temperatursensor\/","title":{"rendered":"ES-A900 Infrarot-Temperatursensor"},"content":{"rendered":"<p>Der ES-A900 ist ein integrierter Infrarot-Temperaturdetektor. Das optische System und die elektronische Schaltung sind in das Metallgeh\u00e4use integriert. Die Schutzabdeckung ist einfach zu montieren, und die um 90\u00b0 verstellbare Halterung erm\u00f6glicht die Installation und kontinuierliche Messung unter verschiedenen Feldbedingungen.<\/p>\n<p>Das Innere des ES-A900 besteht aus einer Thermos\u00e4ule und einem Thermistor. Alle Objekte geben st\u00e4ndig Infrarotstrahlung an die Umgebung ab. Durch Messung der abgegebenen Infrarotenergie l\u00e4sst sich die Oberfl\u00e4chentemperatur pr\u00e4zise bestimmen. Dies ist das Prinzip der ber\u00fchrungslosen Infrarot-Temperaturmessung. Das Infrarot-Thermometer berechnet die Oberfl\u00e4chentemperatur eines Objekts durch Messung der Intensit\u00e4t der vom Objekt emittierten Infrarotstrahlung, ohne dieses zu ber\u00fchren. Das ist sein Vorteil.<\/p>","protected":false},"excerpt":{"rendered":"<p>Der ES-A900 ist ein integrierter Infrarot-Temperaturdetektor. Das optische System und die elektronische Schaltung sind in das Metallgeh\u00e4use integriert. Die Schutzabdeckung ist einfach zu montieren, und die um 90\u00b0 verstellbare Halterung erm\u00f6glicht die Installation und kontinuierliche Messung unter verschiedenen Feldbedingungen.<\/p>","protected":false},"featured_media":6357,"template":"","meta":{"om_disable_all_campaigns":false,"_monsterinsights_skip_tracking":false,"_monsterinsights_sitenote_active":false,"_monsterinsights_sitenote_note":"","_monsterinsights_sitenote_category":0,"site-sidebar-layout":"default","site-content-layout":"default","ast-site-content-layout":"default","site-content-style":"default","site-sidebar-style":"default","ast-global-header-display":"","ast-banner-title-visibility":"","ast-main-header-display":"","ast-hfb-above-header-display":"","ast-hfb-below-header-display":"","ast-hfb-mobile-header-display":"","site-post-title":"","ast-breadcrumbs-content":"","ast-featured-img":"","footer-sml-layout":"","ast-disable-related-posts":"","theme-transparent-header-meta":"default","adv-header-id-meta":"","stick-header-meta":"","header-above-stick-meta":"","header-main-stick-meta":"","header-below-stick-meta":"","astra-migrate-meta-layouts":"set","ast-page-background-enabled":"default","ast-page-background-meta":{"desktop":{"background-color":"","background-image":"","background-repeat":"repeat","background-position":"center center","background-size":"auto","background-attachment":"scroll","background-type":"","background-media":"","overlay-type":"","overlay-color":"","overlay-opacity":"","overlay-gradient":""},"tablet":{"background-color":"","background-image":"","background-repeat":"repeat","background-position":"center center","background-size":"auto","background-attachment":"scroll","background-type":"","background-media":"","overlay-type":"","overlay-color":"","overlay-opacity":"","overlay-gradient":""},"mobile":{"background-color":"","background-image":"","background-repeat":"repeat","background-position":"center center","background-size":"auto","background-attachment":"scroll","background-type":"","background-media":"","overlay-type":"","overlay-color":"","overlay-opacity":"","overlay-gradient":""}},"ast-content-background-meta":{"desktop":{"background-color":"var(--ast-global-color-5)","background-image":"","background-repeat":"repeat","background-position":"center center","background-size":"auto","background-attachment":"scroll","background-type":"","background-media":"","overlay-type":"","overlay-color":"","overlay-opacity":"","overlay-gradient":""},"tablet":{"background-color":"var(--ast-global-color-5)","background-image":"","background-repeat":"repeat","background-position":"center center","background-size":"auto","background-attachment":"scroll","background-type":"","background-media":"","overlay-type":"","overlay-color":"","overlay-opacity":"","overlay-gradient":""},"mobile":{"background-color":"var(--ast-global-color-5)","background-image":"","background-repeat":"repeat","background-position":"center center","background-size":"auto","background-attachment":"scroll","background-type":"","background-media":"","overlay-type":"","overlay-color":"","overlay-opacity":"","overlay-gradient":""}},"_joinchat":[]},"product_brand":[],"product_cat":[89,90],"product_tag":[],"class_list":{"0":"post-6356","1":"product","2":"type-product","3":"status-publish","4":"has-post-thumbnail","6":"product_cat-ambient-sensor","7":"product_cat-temperature-humidity-sensor","8":"desktop-align-left","9":"tablet-align-left","10":"mobile-align-left","12":"first","13":"instock","14":"shipping-taxable","15":"purchasable","16":"product-type-simple"},"jetpack_sharing_enabled":true,"_links":{"self":[{"href":"https:\/\/ecosentec.com\/de\/wp-json\/wp\/v2\/product\/6356","targetHints":{"allow":["GET"]}}],"collection":[{"href":"https:\/\/ecosentec.com\/de\/wp-json\/wp\/v2\/product"}],"about":[{"href":"https:\/\/ecosentec.com\/de\/wp-json\/wp\/v2\/types\/product"}],"version-history":[{"count":2,"href":"https:\/\/ecosentec.com\/de\/wp-json\/wp\/v2\/product\/6356\/revisions"}],"predecessor-version":[{"id":6359,"href":"https:\/\/ecosentec.com\/de\/wp-json\/wp\/v2\/product\/6356\/revisions\/6359"}],"wp:featuredmedia":[{"embeddable":true,"href":"https:\/\/ecosentec.com\/de\/wp-json\/wp\/v2\/media\/6357"}],"wp:attachment":[{"href":"https:\/\/ecosentec.com\/de\/wp-json\/wp\/v2\/media?parent=6356"}],"wp:term":[{"taxonomy":"product_brand","embeddable":true,"href":"https:\/\/ecosentec.com\/de\/wp-json\/wp\/v2\/product_brand?post=6356"},{"taxonomy":"product_cat","embeddable":true,"href":"https:\/\/ecosentec.com\/de\/wp-json\/wp\/v2\/product_cat?post=6356"},{"taxonomy":"product_tag","embeddable":true,"href":"https:\/\/ecosentec.com\/de\/wp-json\/wp\/v2\/product_tag?post=6356"}],"curies":[{"name":"wp","href":"https:\/\/api.w.org\/{rel}","templated":true}]}}