{"id":6350,"date":"2025-04-17T10:43:38","date_gmt":"2025-04-17T10:43:38","guid":{"rendered":"https:\/\/ecosentec.com\/?post_type=product&#038;p=6350"},"modified":"2025-04-17T10:45:47","modified_gmt":"2025-04-17T10:45:47","slug":"fruchtzuckertester","status":"publish","type":"product","link":"https:\/\/ecosentec.com\/de\/produkt\/fruchtzuckertester\/","title":{"rendered":"ES-TB02 Zerst\u00f6rungsfreier Fruchtzucker-Brix-Tester"},"content":{"rendered":"<p>Der Zuckergehalt ist ein wichtiger Parameter, der die Frische, Reife und den Geschmack von Fr\u00fcchten bestimmt. Das zerst\u00f6rungsfreie Fruchtzuckermessger\u00e4t ES-TB02 nutzt das Infrarotspektrum-Erkennungsprinzip, um die Frucht mit Infrarotlicht zu bestrahlen und anhand des zum Sensor reflektierten Signalwerts den Zuckergehalt (Brix-Wert) der Frucht zu berechnen.<\/p>\n<p>Merkmale<\/p>\n<p>Hohe Kosteneffizienz, ein Instrument kann den Zuckergehalt mehrerer Fr\u00fcchte messen;<\/p>\n<p>Verwenden Sie fortschrittliche Nahinfrarotspektroskopie-Technologie, um den Zuckergehalt von Fr\u00fcchten schnell zu ermitteln.<\/p>\n<p>Sie m\u00fcssen die Fr\u00fcchte nicht pfl\u00fccken, die Schalen nicht besch\u00e4digen, das Fruchtfleisch nicht schneiden und den Saft nicht zum Probieren auspressen.<\/p>\n<p>Besch\u00e4digt die Fr\u00fcchte nicht, wirklich zerst\u00f6rungsfreie und schnelle Erkennung;<\/p>\n<p>Kann kontinuierlich und in mehreren Chargen messen, geeignet f\u00fcr die Vor-Ort-Klassifizierung;<\/p>\n<p>Kompaktes Design, leicht zu tragen, f\u00fcr verschiedene Anl\u00e4sse geeignet.<\/p>","protected":false},"excerpt":{"rendered":"<p>Der Zuckergehalt ist ein wichtiger Parameter, der die Frische, Reife und den Geschmack von Fr\u00fcchten bestimmt. Das zerst\u00f6rungsfreie Fruchtzuckermessger\u00e4t ES-TB02 nutzt das Infrarotspektrum-Erkennungsprinzip, um die Frucht mit Infrarotlicht zu bestrahlen und anhand des zum Sensor reflektierten Signalwerts den Zuckergehalt (Brix-Wert) der Frucht zu berechnen.<\/p>","protected":false},"featured_media":6352,"template":"","meta":{"om_disable_all_campaigns":false,"_monsterinsights_skip_tracking":false,"_monsterinsights_sitenote_active":false,"_monsterinsights_sitenote_note":"","_monsterinsights_sitenote_category":0,"site-sidebar-layout":"default","site-content-layout":"default","ast-site-content-layout":"default","site-content-style":"default","site-sidebar-style":"default","ast-global-header-display":"","ast-banner-title-visibility":"","ast-main-header-display":"","ast-hfb-above-header-display":"","ast-hfb-below-header-display":"","ast-hfb-mobile-header-display":"","site-post-title":"","ast-breadcrumbs-content":"","ast-featured-img":"","footer-sml-layout":"","ast-disable-related-posts":"","theme-transparent-header-meta":"default","adv-header-id-meta":"","stick-header-meta":"","header-above-stick-meta":"","header-main-stick-meta":"","header-below-stick-meta":"","astra-migrate-meta-layouts":"set","ast-page-background-enabled":"default","ast-page-background-meta":{"desktop":{"background-color":"","background-image":"","background-repeat":"repeat","background-position":"center center","background-size":"auto","background-attachment":"scroll","background-type":"","background-media":"","overlay-type":"","overlay-color":"","overlay-opacity":"","overlay-gradient":""},"tablet":{"background-color":"","background-image":"","background-repeat":"repeat","background-position":"center center","background-size":"auto","background-attachment":"scroll","background-type":"","background-media":"","overlay-type":"","overlay-color":"","overlay-opacity":"","overlay-gradient":""},"mobile":{"background-color":"","background-image":"","background-repeat":"repeat","background-position":"center center","background-size":"auto","background-attachment":"scroll","background-type":"","background-media":"","overlay-type":"","overlay-color":"","overlay-opacity":"","overlay-gradient":""}},"ast-content-background-meta":{"desktop":{"background-color":"var(--ast-global-color-5)","background-image":"","background-repeat":"repeat","background-position":"center center","background-size":"auto","background-attachment":"scroll","background-type":"","background-media":"","overlay-type":"","overlay-color":"","overlay-opacity":"","overlay-gradient":""},"tablet":{"background-color":"var(--ast-global-color-5)","background-image":"","background-repeat":"repeat","background-position":"center center","background-size":"auto","background-attachment":"scroll","background-type":"","background-media":"","overlay-type":"","overlay-color":"","overlay-opacity":"","overlay-gradient":""},"mobile":{"background-color":"var(--ast-global-color-5)","background-image":"","background-repeat":"repeat","background-position":"center center","background-size":"auto","background-attachment":"scroll","background-type":"","background-media":"","overlay-type":"","overlay-color":"","overlay-opacity":"","overlay-gradient":""}},"_joinchat":[]},"product_brand":[],"product_cat":[94,261],"product_tag":[],"class_list":{"0":"post-6350","1":"product","2":"type-product","3":"status-publish","4":"has-post-thumbnail","6":"product_cat-agro-soil-sensor","7":"product_cat-fruit-sugar-meter","8":"desktop-align-left","9":"tablet-align-left","10":"mobile-align-left","12":"first","13":"instock","14":"shipping-taxable","15":"purchasable","16":"product-type-simple"},"jetpack_sharing_enabled":true,"_links":{"self":[{"href":"https:\/\/ecosentec.com\/de\/wp-json\/wp\/v2\/product\/6350","targetHints":{"allow":["GET"]}}],"collection":[{"href":"https:\/\/ecosentec.com\/de\/wp-json\/wp\/v2\/product"}],"about":[{"href":"https:\/\/ecosentec.com\/de\/wp-json\/wp\/v2\/types\/product"}],"version-history":[{"count":2,"href":"https:\/\/ecosentec.com\/de\/wp-json\/wp\/v2\/product\/6350\/revisions"}],"predecessor-version":[{"id":6355,"href":"https:\/\/ecosentec.com\/de\/wp-json\/wp\/v2\/product\/6350\/revisions\/6355"}],"wp:featuredmedia":[{"embeddable":true,"href":"https:\/\/ecosentec.com\/de\/wp-json\/wp\/v2\/media\/6352"}],"wp:attachment":[{"href":"https:\/\/ecosentec.com\/de\/wp-json\/wp\/v2\/media?parent=6350"}],"wp:term":[{"taxonomy":"product_brand","embeddable":true,"href":"https:\/\/ecosentec.com\/de\/wp-json\/wp\/v2\/product_brand?post=6350"},{"taxonomy":"product_cat","embeddable":true,"href":"https:\/\/ecosentec.com\/de\/wp-json\/wp\/v2\/product_cat?post=6350"},{"taxonomy":"product_tag","embeddable":true,"href":"https:\/\/ecosentec.com\/de\/wp-json\/wp\/v2\/product_tag?post=6350"}],"curies":[{"name":"wp","href":"https:\/\/api.w.org\/{rel}","templated":true}]}}