{"id":6208,"date":"2025-04-13T06:14:35","date_gmt":"2025-04-13T06:14:35","guid":{"rendered":"https:\/\/ecosentec.com\/?post_type=product&#038;p=6208"},"modified":"2025-05-30T11:41:40","modified_gmt":"2025-05-30T11:41:40","slug":"sensor-fur-gelosten-sauerstoff","status":"publish","type":"product","link":"https:\/\/ecosentec.com\/de\/produkt\/sensor-fur-gelosten-sauerstoff\/","title":{"rendered":"Digitaler Sensor f\u00fcr gel\u00f6sten Sauerstoff ES-W720"},"content":{"rendered":"<p>Der digitale Sauerstoffsensor ES-W720 geh\u00f6rt zu den intelligenten digitalen Sensoren der neuen Generation zur Wasserqualit\u00e4tserkennung, die von unserem Unternehmen eigenst\u00e4ndig entwickelt wurden. Er unterst\u00fctzt mehrere industrielle Signalausg\u00e4nge wie RS485 (MODBUS-RTU), 4-20 mA usw. Je nach Anwendungsszenario werden digitale Sauerstoffsensoren, Online-Sauerstoffmessger\u00e4te, tragbare Sauerstoffmessger\u00e4te, wandmontierte Sauerstoffmessger\u00e4te usw. entwickelt.<br \/>\nSie k\u00f6nnen Daten anzeigen, Fehler beheben und \u00fcber die Handy-App oder den Computer warten. Es zeichnet sich durch einfache Wartung, hohe Stabilit\u00e4t, hervorragende Wiederholbarkeit und Multifunktionalit\u00e4t aus und kann den gel\u00f6sten Sauerstoffwert und den Temperaturwert in der L\u00f6sung genau messen.<br \/>\nInterne Signalisolationstechnologie, starke Entst\u00f6rungsfestigkeit. Gute Reproduzierbarkeit, thermische Stabilit\u00e4t, geringe Drift, geringe Gr\u00f6\u00dfe und schnelle Reaktionsgeschwindigkeit. Der Sensor IP68 bietet stabile Leistung und lange Lebensdauer.<br \/>\nSie werden h\u00e4ufig in der Abwasserbehandlung, f\u00fcr reines Wasser, Umlaufwasser, Kesselwasser und andere Systeme sowie in der Elektronik, Zucht, Lebensmittelindustrie, Druck- und F\u00e4rberei, Galvanik, Pharmazie, Fermentation, chemischen Industrie und anderen Bereichen eingesetzt und sind leistungsstark in der Umwelt\u00fcberwachung und bei Fernsystemanwendungen wie Oberfl\u00e4chenwasser und Emissionen aus Schadstoffquellen.<br \/>\nGel\u00f6ster Sauerstoff<\/p>","protected":false},"excerpt":{"rendered":"<p>Der digitale Sauerstoffsensor ES-W720 geh\u00f6rt zu den intelligenten digitalen Sensoren der neuen Generation zur Wasserqualit\u00e4tserkennung, die von unserem Unternehmen eigenst\u00e4ndig entwickelt wurden. Er unterst\u00fctzt mehrere industrielle Signalausg\u00e4nge wie RS485 (MODBUS-RTU), 4-20 mA usw. Je nach Anwendungsszenario werden digitale Sauerstoffsensoren, Online-Sauerstoffmessger\u00e4te, tragbare Sauerstoffmessger\u00e4te, wandmontierte Sauerstoffmessger\u00e4te usw. entwickelt.<\/p>","protected":false},"featured_media":6210,"template":"","meta":{"om_disable_all_campaigns":false,"_monsterinsights_skip_tracking":false,"_monsterinsights_sitenote_active":false,"_monsterinsights_sitenote_note":"","_monsterinsights_sitenote_category":0,"site-sidebar-layout":"default","site-content-layout":"default","ast-site-content-layout":"default","site-content-style":"default","site-sidebar-style":"default","ast-global-header-display":"","ast-banner-title-visibility":"","ast-main-header-display":"","ast-hfb-above-header-display":"","ast-hfb-below-header-display":"","ast-hfb-mobile-header-display":"","site-post-title":"","ast-breadcrumbs-content":"","ast-featured-img":"","footer-sml-layout":"","ast-disable-related-posts":"","theme-transparent-header-meta":"default","adv-header-id-meta":"","stick-header-meta":"","header-above-stick-meta":"","header-main-stick-meta":"","header-below-stick-meta":"","astra-migrate-meta-layouts":"set","ast-page-background-enabled":"default","ast-page-background-meta":{"desktop":{"background-color":"","background-image":"","background-repeat":"repeat","background-position":"center center","background-size":"auto","background-attachment":"scroll","background-type":"","background-media":"","overlay-type":"","overlay-color":"","overlay-opacity":"","overlay-gradient":""},"tablet":{"background-color":"","background-image":"","background-repeat":"repeat","background-position":"center center","background-size":"auto","background-attachment":"scroll","background-type":"","background-media":"","overlay-type":"","overlay-color":"","overlay-opacity":"","overlay-gradient":""},"mobile":{"background-color":"","background-image":"","background-repeat":"repeat","background-position":"center center","background-size":"auto","background-attachment":"scroll","background-type":"","background-media":"","overlay-type":"","overlay-color":"","overlay-opacity":"","overlay-gradient":""}},"ast-content-background-meta":{"desktop":{"background-color":"var(--ast-global-color-5)","background-image":"","background-repeat":"repeat","background-position":"center center","background-size":"auto","background-attachment":"scroll","background-type":"","background-media":"","overlay-type":"","overlay-color":"","overlay-opacity":"","overlay-gradient":""},"tablet":{"background-color":"var(--ast-global-color-5)","background-image":"","background-repeat":"repeat","background-position":"center center","background-size":"auto","background-attachment":"scroll","background-type":"","background-media":"","overlay-type":"","overlay-color":"","overlay-opacity":"","overlay-gradient":""},"mobile":{"background-color":"var(--ast-global-color-5)","background-image":"","background-repeat":"repeat","background-position":"center center","background-size":"auto","background-attachment":"scroll","background-type":"","background-media":"","overlay-type":"","overlay-color":"","overlay-opacity":"","overlay-gradient":""}},"_joinchat":[]},"product_brand":[],"product_cat":[285,284],"product_tag":[],"class_list":{"0":"post-6208","1":"product","2":"type-product","3":"status-publish","4":"has-post-thumbnail","6":"product_cat-water-qaulity-sensor","7":"product_cat-water-quality-and-conservancy-sensor","8":"desktop-align-left","9":"tablet-align-left","10":"mobile-align-left","12":"first","13":"instock","14":"shipping-taxable","15":"purchasable","16":"product-type-simple"},"jetpack_sharing_enabled":true,"_links":{"self":[{"href":"https:\/\/ecosentec.com\/de\/wp-json\/wp\/v2\/product\/6208","targetHints":{"allow":["GET"]}}],"collection":[{"href":"https:\/\/ecosentec.com\/de\/wp-json\/wp\/v2\/product"}],"about":[{"href":"https:\/\/ecosentec.com\/de\/wp-json\/wp\/v2\/types\/product"}],"version-history":[{"count":3,"href":"https:\/\/ecosentec.com\/de\/wp-json\/wp\/v2\/product\/6208\/revisions"}],"predecessor-version":[{"id":6895,"href":"https:\/\/ecosentec.com\/de\/wp-json\/wp\/v2\/product\/6208\/revisions\/6895"}],"wp:featuredmedia":[{"embeddable":true,"href":"https:\/\/ecosentec.com\/de\/wp-json\/wp\/v2\/media\/6210"}],"wp:attachment":[{"href":"https:\/\/ecosentec.com\/de\/wp-json\/wp\/v2\/media?parent=6208"}],"wp:term":[{"taxonomy":"product_brand","embeddable":true,"href":"https:\/\/ecosentec.com\/de\/wp-json\/wp\/v2\/product_brand?post=6208"},{"taxonomy":"product_cat","embeddable":true,"href":"https:\/\/ecosentec.com\/de\/wp-json\/wp\/v2\/product_cat?post=6208"},{"taxonomy":"product_tag","embeddable":true,"href":"https:\/\/ecosentec.com\/de\/wp-json\/wp\/v2\/product_tag?post=6208"}],"curies":[{"name":"wp","href":"https:\/\/api.w.org\/{rel}","templated":true}]}}