{"id":6177,"date":"2025-04-13T01:33:10","date_gmt":"2025-04-13T01:33:10","guid":{"rendered":"https:\/\/ecosentec.com\/?post_type=product&#038;p=6177"},"modified":"2025-06-11T10:25:41","modified_gmt":"2025-06-11T10:25:41","slug":"streustrahlungssender","status":"publish","type":"product","link":"https:\/\/ecosentec.com\/de\/produkt\/streustrahlungssender\/","title":{"rendered":"ES-S228TAB Streustrahlungssender"},"content":{"rendered":"<p class=\"p1\">Der Streustrahlungstransmitter ES-S228TB besteht aus zwei Teilen: dem Solargesamtstrahlungstransmitter und dem Streulichtring. Der Solargesamtstrahlungstransmitter nutzt das thermoelektrische Prinzip und misst die Sonnenstrahlung im Spektralbereich von 0,3 bis 3 \u03bcm. Das Sensorelement besteht aus einer gewickelten, galvanisierten Thermos\u00e4ule, und die Sensoroberfl\u00e4che ist schwarz beschichtet und weist eine hohe Absorptionsrate auf. Der thermische Effekt der Strahlung wird genutzt, um die Sonnenstrahlung zu absorbieren und in thermoelektrisches Potenzial umzuwandeln. Die automatische Temperaturkompensation gew\u00e4hrleistet eine pr\u00e4zisere Messung der Sonnenstrahlung. \u00dcber der Sensoroberfl\u00e4che befindet sich eine doppelschichtige Glasabdeckung, die nicht nur die Auswirkungen der Luftkonvektion auf das Ger\u00e4t reduziert, sondern auch die Strahlung der \u00e4u\u00dferen Abdeckung selbst blockiert.<\/p>\n<p class=\"p1\">Die Funktion des Streulichtrings besteht darin, die direkte Sonneneinstrahlung von Sonnenaufgang bis Sonnenuntergang kontinuierlich zu blockieren. Der Lichtring besteht aus einem Lichtring, einem Lineal, einer Einstellschraube, einer Halterung und einem Chassis. Das Lineal ist mit Breiten- und Deklinationsskalen versehen, und die entsprechenden Parameter k\u00f6nnen \u00fcber den Schraubgriff eingestellt werden. Das Lineal und die Halterung werden am Chassis befestigt und entsprechend der geografischen Breite des Montageorts zur Messung fixiert.<\/p>","protected":false},"excerpt":{"rendered":"<p>Der Streustrahlungstransmitter ES-S228TB besteht aus zwei Teilen: dem Solargesamtstrahlungstransmitter und dem Streulichtring. Der Solargesamtstrahlungstransmitter nutzt das thermoelektrische Prinzip und misst die Sonnenstrahlung im Spektralbereich von 0,3 bis 3 \u03bcm. Das Sensorelement besteht aus einer gewickelten, galvanisierten Thermos\u00e4ule, und die Sensoroberfl\u00e4che ist schwarz beschichtet und weist eine hohe Absorptionsrate auf. Der thermische Effekt der Strahlung wird genutzt, um die Sonnenstrahlung zu absorbieren und in thermoelektrisches Potenzial umzuwandeln. Die automatische Temperaturkompensation sorgt f\u00fcr eine pr\u00e4zisere Messung der Sonnenstrahlung.<\/p>","protected":false},"featured_media":6178,"template":"","meta":{"om_disable_all_campaigns":false,"_monsterinsights_skip_tracking":false,"_monsterinsights_sitenote_active":false,"_monsterinsights_sitenote_note":"","_monsterinsights_sitenote_category":0,"site-sidebar-layout":"default","site-content-layout":"default","ast-site-content-layout":"default","site-content-style":"default","site-sidebar-style":"default","ast-global-header-display":"","ast-banner-title-visibility":"","ast-main-header-display":"","ast-hfb-above-header-display":"","ast-hfb-below-header-display":"","ast-hfb-mobile-header-display":"","site-post-title":"","ast-breadcrumbs-content":"","ast-featured-img":"","footer-sml-layout":"","ast-disable-related-posts":"","theme-transparent-header-meta":"default","adv-header-id-meta":"","stick-header-meta":"","header-above-stick-meta":"","header-main-stick-meta":"","header-below-stick-meta":"","astra-migrate-meta-layouts":"set","ast-page-background-enabled":"default","ast-page-background-meta":{"desktop":{"background-color":"","background-image":"","background-repeat":"repeat","background-position":"center center","background-size":"auto","background-attachment":"scroll","background-type":"","background-media":"","overlay-type":"","overlay-color":"","overlay-opacity":"","overlay-gradient":""},"tablet":{"background-color":"","background-image":"","background-repeat":"repeat","background-position":"center center","background-size":"auto","background-attachment":"scroll","background-type":"","background-media":"","overlay-type":"","overlay-color":"","overlay-opacity":"","overlay-gradient":""},"mobile":{"background-color":"","background-image":"","background-repeat":"repeat","background-position":"center center","background-size":"auto","background-attachment":"scroll","background-type":"","background-media":"","overlay-type":"","overlay-color":"","overlay-opacity":"","overlay-gradient":""}},"ast-content-background-meta":{"desktop":{"background-color":"var(--ast-global-color-5)","background-image":"","background-repeat":"repeat","background-position":"center center","background-size":"auto","background-attachment":"scroll","background-type":"","background-media":"","overlay-type":"","overlay-color":"","overlay-opacity":"","overlay-gradient":""},"tablet":{"background-color":"var(--ast-global-color-5)","background-image":"","background-repeat":"repeat","background-position":"center center","background-size":"auto","background-attachment":"scroll","background-type":"","background-media":"","overlay-type":"","overlay-color":"","overlay-opacity":"","overlay-gradient":""},"mobile":{"background-color":"var(--ast-global-color-5)","background-image":"","background-repeat":"repeat","background-position":"center center","background-size":"auto","background-attachment":"scroll","background-type":"","background-media":"","overlay-type":"","overlay-color":"","overlay-opacity":"","overlay-gradient":""}},"_joinchat":[]},"product_brand":[],"product_cat":[84,76],"product_tag":[291],"class_list":{"0":"post-6177","1":"product","2":"type-product","3":"status-publish","4":"has-post-thumbnail","6":"product_cat-pyrgeometers","7":"product_cat-solar-radiation-sensor","8":"product_tag-solar","9":"desktop-align-left","10":"tablet-align-left","11":"mobile-align-left","13":"first","14":"instock","15":"shipping-taxable","16":"purchasable","17":"product-type-simple"},"jetpack_sharing_enabled":true,"_links":{"self":[{"href":"https:\/\/ecosentec.com\/de\/wp-json\/wp\/v2\/product\/6177","targetHints":{"allow":["GET"]}}],"collection":[{"href":"https:\/\/ecosentec.com\/de\/wp-json\/wp\/v2\/product"}],"about":[{"href":"https:\/\/ecosentec.com\/de\/wp-json\/wp\/v2\/types\/product"}],"version-history":[{"count":2,"href":"https:\/\/ecosentec.com\/de\/wp-json\/wp\/v2\/product\/6177\/revisions"}],"predecessor-version":[{"id":6181,"href":"https:\/\/ecosentec.com\/de\/wp-json\/wp\/v2\/product\/6177\/revisions\/6181"}],"wp:featuredmedia":[{"embeddable":true,"href":"https:\/\/ecosentec.com\/de\/wp-json\/wp\/v2\/media\/6178"}],"wp:attachment":[{"href":"https:\/\/ecosentec.com\/de\/wp-json\/wp\/v2\/media?parent=6177"}],"wp:term":[{"taxonomy":"product_brand","embeddable":true,"href":"https:\/\/ecosentec.com\/de\/wp-json\/wp\/v2\/product_brand?post=6177"},{"taxonomy":"product_cat","embeddable":true,"href":"https:\/\/ecosentec.com\/de\/wp-json\/wp\/v2\/product_cat?post=6177"},{"taxonomy":"product_tag","embeddable":true,"href":"https:\/\/ecosentec.com\/de\/wp-json\/wp\/v2\/product_tag?post=6177"}],"curies":[{"name":"wp","href":"https:\/\/api.w.org\/{rel}","templated":true}]}}