{"id":6170,"date":"2025-04-13T00:54:37","date_gmt":"2025-04-13T00:54:37","guid":{"rendered":"https:\/\/ecosentec.com\/?post_type=product&#038;p=6170"},"modified":"2025-06-11T10:25:53","modified_gmt":"2025-06-11T10:25:53","slug":"neigungs-solarstrahlungssender","status":"publish","type":"product","link":"https:\/\/ecosentec.com\/de\/produkt\/neigungs-solarstrahlungssender\/","title":{"rendered":"ES-S228TA Neigungs-Sonnenstrahlungssender"},"content":{"rendered":"<p class=\"p1\">Der neigbare Solarstrahlungstransmitter ES-S228TA nutzt das thermoelektrische Prinzip und misst die Sonnenstrahlung im Spektralbereich von 0,3 bis 3 \u03bcm. Das Sensorelement besteht aus einer gewickelten, galvanisierten Thermos\u00e4ule, und die Sensoroberfl\u00e4che ist schwarz beschichtet und weist eine hohe Absorptionsrate auf. Der thermische Effekt der Strahlung wird genutzt, um die Sonnenstrahlung zu absorbieren und in eine elektromotorische Kraft (EMK) aufgrund der Temperaturdifferenz umzuwandeln. Er verf\u00fcgt au\u00dferdem \u00fcber eine Temperaturkompensationsfunktion und erm\u00f6glicht eine genauere Messung der Sonnenstrahlung. \u00dcber der Sensoroberfl\u00e4che befindet sich eine doppelschichtige Glasabdeckung, die nicht nur die Auswirkungen der Luftkonvektion auf das Ger\u00e4t reduziert, sondern auch die Strahlung der \u00e4u\u00dferen Abdeckung selbst blockiert.<\/p>\n<p class=\"p1\">Um bei der Nutzung von Solarenergie m\u00f6glichst viel Energie zu gewinnen, wird die Solaranlage in der Regel nach S\u00fcden geneigt aufgestellt. Um die Sonnenenergie auf einer geneigten Oberfl\u00e4che zu messen, ist die direkteste und genaueste Methode die Verwendung eines Messger\u00e4ts. Dieses Produkt kann den Strahlungswert durch Einstellen verschiedener Winkel messen und so genauer beurteilen, ob die Sonnenenergie optimal genutzt wird.<\/p>","protected":false},"excerpt":{"rendered":"<p>Der neigbare Solarstrahlungstransmitter ES-S228TA nutzt das thermoelektrische Prinzip und misst Sonnenstrahlung im Spektralbereich von 0,3 bis 3 \u03bcm. Das Sensorelement besteht aus einer gewickelten, galvanisierten Thermos\u00e4ule, und die Sensoroberfl\u00e4che ist schwarz beschichtet und weist eine hohe Absorptionsrate auf. Der thermische Effekt der Strahlung wird genutzt, um Sonnenstrahlung zu absorbieren und in eine elektromotorische Kraft (EMK) umzuwandeln.<\/p>","protected":false},"featured_media":6172,"template":"","meta":{"om_disable_all_campaigns":false,"_monsterinsights_skip_tracking":false,"_monsterinsights_sitenote_active":false,"_monsterinsights_sitenote_note":"","_monsterinsights_sitenote_category":0,"site-sidebar-layout":"default","site-content-layout":"default","ast-site-content-layout":"default","site-content-style":"default","site-sidebar-style":"default","ast-global-header-display":"","ast-banner-title-visibility":"","ast-main-header-display":"","ast-hfb-above-header-display":"","ast-hfb-below-header-display":"","ast-hfb-mobile-header-display":"","site-post-title":"","ast-breadcrumbs-content":"","ast-featured-img":"","footer-sml-layout":"","ast-disable-related-posts":"","theme-transparent-header-meta":"default","adv-header-id-meta":"","stick-header-meta":"","header-above-stick-meta":"","header-main-stick-meta":"","header-below-stick-meta":"","astra-migrate-meta-layouts":"set","ast-page-background-enabled":"default","ast-page-background-meta":{"desktop":{"background-color":"","background-image":"","background-repeat":"repeat","background-position":"center center","background-size":"auto","background-attachment":"scroll","background-type":"","background-media":"","overlay-type":"","overlay-color":"","overlay-opacity":"","overlay-gradient":""},"tablet":{"background-color":"","background-image":"","background-repeat":"repeat","background-position":"center center","background-size":"auto","background-attachment":"scroll","background-type":"","background-media":"","overlay-type":"","overlay-color":"","overlay-opacity":"","overlay-gradient":""},"mobile":{"background-color":"","background-image":"","background-repeat":"repeat","background-position":"center center","background-size":"auto","background-attachment":"scroll","background-type":"","background-media":"","overlay-type":"","overlay-color":"","overlay-opacity":"","overlay-gradient":""}},"ast-content-background-meta":{"desktop":{"background-color":"var(--ast-global-color-5)","background-image":"","background-repeat":"repeat","background-position":"center center","background-size":"auto","background-attachment":"scroll","background-type":"","background-media":"","overlay-type":"","overlay-color":"","overlay-opacity":"","overlay-gradient":""},"tablet":{"background-color":"var(--ast-global-color-5)","background-image":"","background-repeat":"repeat","background-position":"center center","background-size":"auto","background-attachment":"scroll","background-type":"","background-media":"","overlay-type":"","overlay-color":"","overlay-opacity":"","overlay-gradient":""},"mobile":{"background-color":"var(--ast-global-color-5)","background-image":"","background-repeat":"repeat","background-position":"center center","background-size":"auto","background-attachment":"scroll","background-type":"","background-media":"","overlay-type":"","overlay-color":"","overlay-opacity":"","overlay-gradient":""}},"_joinchat":[]},"product_brand":[],"product_cat":[84,76],"product_tag":[291],"class_list":{"0":"post-6170","1":"product","2":"type-product","3":"status-publish","4":"has-post-thumbnail","6":"product_cat-pyrgeometers","7":"product_cat-solar-radiation-sensor","8":"product_tag-solar","9":"desktop-align-left","10":"tablet-align-left","11":"mobile-align-left","13":"first","14":"instock","15":"shipping-taxable","16":"purchasable","17":"product-type-simple"},"jetpack_sharing_enabled":true,"_links":{"self":[{"href":"https:\/\/ecosentec.com\/de\/wp-json\/wp\/v2\/product\/6170","targetHints":{"allow":["GET"]}}],"collection":[{"href":"https:\/\/ecosentec.com\/de\/wp-json\/wp\/v2\/product"}],"about":[{"href":"https:\/\/ecosentec.com\/de\/wp-json\/wp\/v2\/types\/product"}],"version-history":[{"count":2,"href":"https:\/\/ecosentec.com\/de\/wp-json\/wp\/v2\/product\/6170\/revisions"}],"predecessor-version":[{"id":6175,"href":"https:\/\/ecosentec.com\/de\/wp-json\/wp\/v2\/product\/6170\/revisions\/6175"}],"wp:featuredmedia":[{"embeddable":true,"href":"https:\/\/ecosentec.com\/de\/wp-json\/wp\/v2\/media\/6172"}],"wp:attachment":[{"href":"https:\/\/ecosentec.com\/de\/wp-json\/wp\/v2\/media?parent=6170"}],"wp:term":[{"taxonomy":"product_brand","embeddable":true,"href":"https:\/\/ecosentec.com\/de\/wp-json\/wp\/v2\/product_brand?post=6170"},{"taxonomy":"product_cat","embeddable":true,"href":"https:\/\/ecosentec.com\/de\/wp-json\/wp\/v2\/product_cat?post=6170"},{"taxonomy":"product_tag","embeddable":true,"href":"https:\/\/ecosentec.com\/de\/wp-json\/wp\/v2\/product_tag?post=6170"}],"curies":[{"name":"wp","href":"https:\/\/api.w.org\/{rel}","templated":true}]}}