{"id":5788,"date":"2025-04-01T10:05:49","date_gmt":"2025-04-01T10:05:49","guid":{"rendered":"https:\/\/ecosentec.com\/?post_type=product&#038;p=5788"},"modified":"2025-04-01T10:07:35","modified_gmt":"2025-04-01T10:07:35","slug":"detektor-fur-den-zustand-der-strasenoberflache","status":"publish","type":"product","link":"https:\/\/ecosentec.com\/de\/produkt\/detektor-fur-den-zustand-der-strasenoberflache\/","title":{"rendered":"Stra\u00dfenoberfl\u00e4chenzustandsdetektor ES-S110"},"content":{"rendered":"<p class=\"p1\">Der ES-S110 ist ein ber\u00fchrungsloser Stra\u00dfenoberfl\u00e4chen-Detektor, der mithilfe von Fernerkundungstechnologie Sch\u00e4den an der Stra\u00dfe vermeidet und so Verkehrsbehinderungen durch die Installation einer Stra\u00dfenwetterstation eliminiert. Die multispektrale Messtechnologie erm\u00f6glicht eine pr\u00e4zise Erfassung der Dicke von Eis, Schnee und Wasser auf der Stra\u00dfenoberfl\u00e4che.<\/p>\n<p class=\"p1\">Der ES-S110-Detektor ist die beste Wahl f\u00fcr Stra\u00dfenverh\u00e4ltnisse, bei denen die Installation vergrabener Sensoren unpraktisch oder unm\u00f6glich ist. Dank der Fernsensorinstallation sind keine Stra\u00dfensperrungen oder -einschnitte erforderlich, was die Installation sicher und komfortabel macht. Der geringe Wartungsaufwand macht ihn zur idealen Wahl f\u00fcr ein Stra\u00dfenwettersystem. Er kann an bestehenden Wetterstationen oder anderen Geb\u00e4uden mit freier Sicht auf die Stra\u00dfenoberfl\u00e4che installiert werden.<\/p>\n<p class=\"p1\">Der Detektor ES-S110 ist in einem wetterfesten, robusten Geh\u00e4use untergebracht, um sicherzustellen, dass er widrigen Witterungsbedingungen standh\u00e4lt und bei jedem Wetter genaue Daten liefert.<\/p>\n<p class=\"p1\">Durch die Bereitstellung von Informationen zum Stra\u00dfenzustand liefert der Detektor ES-S110 den Stra\u00dfenverwaltungsbeh\u00f6rden genaue \u00dcberwachungsdaten, um Gegenma\u00dfnahmen zu ergreifen, bevor die Verkehrssicherheit gef\u00e4hrdet wird.<\/p>","protected":false},"excerpt":{"rendered":"<p>Der ES-S110 ist ein ber\u00fchrungsloser Stra\u00dfenoberfl\u00e4chen-Detektor, der mithilfe von Fernerkundungstechnologie Sch\u00e4den an der Stra\u00dfe vermeidet und so Verkehrsbehinderungen durch die Installation einer Stra\u00dfenwetterstation eliminiert. Die multispektrale Messtechnologie erm\u00f6glicht eine pr\u00e4zise Erfassung der Dicke von Eis, Schnee und Wasser auf der Stra\u00dfenoberfl\u00e4che.<\/p>","protected":false},"featured_media":5790,"template":"","meta":{"om_disable_all_campaigns":false,"_monsterinsights_skip_tracking":false,"_monsterinsights_sitenote_active":false,"_monsterinsights_sitenote_note":"","_monsterinsights_sitenote_category":0,"site-sidebar-layout":"default","site-content-layout":"default","ast-site-content-layout":"default","site-content-style":"default","site-sidebar-style":"default","ast-global-header-display":"","ast-banner-title-visibility":"","ast-main-header-display":"","ast-hfb-above-header-display":"","ast-hfb-below-header-display":"","ast-hfb-mobile-header-display":"","site-post-title":"","ast-breadcrumbs-content":"","ast-featured-img":"","footer-sml-layout":"","ast-disable-related-posts":"","theme-transparent-header-meta":"default","adv-header-id-meta":"","stick-header-meta":"","header-above-stick-meta":"","header-main-stick-meta":"","header-below-stick-meta":"","astra-migrate-meta-layouts":"set","ast-page-background-enabled":"default","ast-page-background-meta":{"desktop":{"background-color":"","background-image":"","background-repeat":"repeat","background-position":"center center","background-size":"auto","background-attachment":"scroll","background-type":"","background-media":"","overlay-type":"","overlay-color":"","overlay-opacity":"","overlay-gradient":""},"tablet":{"background-color":"","background-image":"","background-repeat":"repeat","background-position":"center center","background-size":"auto","background-attachment":"scroll","background-type":"","background-media":"","overlay-type":"","overlay-color":"","overlay-opacity":"","overlay-gradient":""},"mobile":{"background-color":"","background-image":"","background-repeat":"repeat","background-position":"center center","background-size":"auto","background-attachment":"scroll","background-type":"","background-media":"","overlay-type":"","overlay-color":"","overlay-opacity":"","overlay-gradient":""}},"ast-content-background-meta":{"desktop":{"background-color":"var(--ast-global-color-5)","background-image":"","background-repeat":"repeat","background-position":"center center","background-size":"auto","background-attachment":"scroll","background-type":"","background-media":"","overlay-type":"","overlay-color":"","overlay-opacity":"","overlay-gradient":""},"tablet":{"background-color":"var(--ast-global-color-5)","background-image":"","background-repeat":"repeat","background-position":"center center","background-size":"auto","background-attachment":"scroll","background-type":"","background-media":"","overlay-type":"","overlay-color":"","overlay-opacity":"","overlay-gradient":""},"mobile":{"background-color":"var(--ast-global-color-5)","background-image":"","background-repeat":"repeat","background-position":"center center","background-size":"auto","background-attachment":"scroll","background-type":"","background-media":"","overlay-type":"","overlay-color":"","overlay-opacity":"","overlay-gradient":""}},"_joinchat":[]},"product_brand":[],"product_cat":[80,245],"product_tag":[],"class_list":{"0":"post-5788","1":"product","2":"type-product","3":"status-publish","4":"has-post-thumbnail","6":"product_cat-precipitation-snow-visibility-sensor","7":"product_cat-road-state-sensor","8":"desktop-align-left","9":"tablet-align-left","10":"mobile-align-left","12":"first","13":"instock","14":"shipping-taxable","15":"purchasable","16":"product-type-simple"},"jetpack_sharing_enabled":true,"_links":{"self":[{"href":"https:\/\/ecosentec.com\/de\/wp-json\/wp\/v2\/product\/5788","targetHints":{"allow":["GET"]}}],"collection":[{"href":"https:\/\/ecosentec.com\/de\/wp-json\/wp\/v2\/product"}],"about":[{"href":"https:\/\/ecosentec.com\/de\/wp-json\/wp\/v2\/types\/product"}],"version-history":[{"count":2,"href":"https:\/\/ecosentec.com\/de\/wp-json\/wp\/v2\/product\/5788\/revisions"}],"predecessor-version":[{"id":5792,"href":"https:\/\/ecosentec.com\/de\/wp-json\/wp\/v2\/product\/5788\/revisions\/5792"}],"wp:featuredmedia":[{"embeddable":true,"href":"https:\/\/ecosentec.com\/de\/wp-json\/wp\/v2\/media\/5790"}],"wp:attachment":[{"href":"https:\/\/ecosentec.com\/de\/wp-json\/wp\/v2\/media?parent=5788"}],"wp:term":[{"taxonomy":"product_brand","embeddable":true,"href":"https:\/\/ecosentec.com\/de\/wp-json\/wp\/v2\/product_brand?post=5788"},{"taxonomy":"product_cat","embeddable":true,"href":"https:\/\/ecosentec.com\/de\/wp-json\/wp\/v2\/product_cat?post=5788"},{"taxonomy":"product_tag","embeddable":true,"href":"https:\/\/ecosentec.com\/de\/wp-json\/wp\/v2\/product_tag?post=5788"}],"curies":[{"name":"wp","href":"https:\/\/api.w.org\/{rel}","templated":true}]}}