{"id":5773,"date":"2025-04-01T09:52:57","date_gmt":"2025-04-01T09:52:57","guid":{"rendered":"https:\/\/ecosentec.com\/?post_type=product&#038;p=5773"},"modified":"2025-04-01T10:02:59","modified_gmt":"2025-04-01T10:02:59","slug":"am-fahrzeug-montierter-strasenoberflachenzustandsdetektor","status":"publish","type":"product","link":"https:\/\/ecosentec.com\/de\/produkt\/am-fahrzeug-montierter-strasenoberflachenzustandsdetektor\/","title":{"rendered":"Fahrzeugmontierter Stra\u00dfenoberfl\u00e4chenzustandsdetektor ES-S130"},"content":{"rendered":"<p class=\"p1\">Der ES-S130 ist ein fahrzeugmontierter Stra\u00dfenoberfl\u00e4chen-Detektor. Er nutzt Fernerkundungstechnologie, um Zustandsart und kumulative Dicke von Eis, Schnee und Wasser auf der Fahrbahn w\u00e4hrend der Fahrt schnell und in Echtzeit zu erfassen. Er dient haupts\u00e4chlich als Entscheidungsgrundlage f\u00fcr den Winterdienst und die Sicherheitskontrolle.<\/p>\n<p class=\"p1\">Das Ger\u00e4t verf\u00fcgt \u00fcber eine robuste Struktur, einen wiederaufladbaren Lithium-Akku und kann auch an eine externe Stromversorgung angeschlossen werden. Daten k\u00f6nnen zur Anzeige per Bluetooth an die Handy-App \u00fcbertragen oder \u00fcber die RS485-Schnittstelle mit der Computersoftware verbunden werden, um Daten anzuzeigen und zu speichern.<\/p>","protected":false},"excerpt":{"rendered":"<p>Der ES-S130 ist ein fahrzeugmontierter Stra\u00dfenoberfl\u00e4chensensor. Er nutzt Fernerkundungstechnologie, um Zustandsart und kumulative Dicke von Eis, Schnee und Wasser auf der Fahrbahn w\u00e4hrend der Fahrt schnell und in Echtzeit zu erfassen. Er dient haupts\u00e4chlich als Entscheidungsgrundlage f\u00fcr den Winterdienst und die Sicherheitskontrolle.<\/p>","protected":false},"featured_media":5783,"template":"","meta":{"om_disable_all_campaigns":false,"_monsterinsights_skip_tracking":false,"_monsterinsights_sitenote_active":false,"_monsterinsights_sitenote_note":"","_monsterinsights_sitenote_category":0,"site-sidebar-layout":"default","site-content-layout":"default","ast-site-content-layout":"default","site-content-style":"default","site-sidebar-style":"default","ast-global-header-display":"","ast-banner-title-visibility":"","ast-main-header-display":"","ast-hfb-above-header-display":"","ast-hfb-below-header-display":"","ast-hfb-mobile-header-display":"","site-post-title":"","ast-breadcrumbs-content":"","ast-featured-img":"","footer-sml-layout":"","ast-disable-related-posts":"","theme-transparent-header-meta":"default","adv-header-id-meta":"","stick-header-meta":"","header-above-stick-meta":"","header-main-stick-meta":"","header-below-stick-meta":"","astra-migrate-meta-layouts":"set","ast-page-background-enabled":"default","ast-page-background-meta":{"desktop":{"background-color":"","background-image":"","background-repeat":"repeat","background-position":"center center","background-size":"auto","background-attachment":"scroll","background-type":"","background-media":"","overlay-type":"","overlay-color":"","overlay-opacity":"","overlay-gradient":""},"tablet":{"background-color":"","background-image":"","background-repeat":"repeat","background-position":"center center","background-size":"auto","background-attachment":"scroll","background-type":"","background-media":"","overlay-type":"","overlay-color":"","overlay-opacity":"","overlay-gradient":""},"mobile":{"background-color":"","background-image":"","background-repeat":"repeat","background-position":"center center","background-size":"auto","background-attachment":"scroll","background-type":"","background-media":"","overlay-type":"","overlay-color":"","overlay-opacity":"","overlay-gradient":""}},"ast-content-background-meta":{"desktop":{"background-color":"var(--ast-global-color-5)","background-image":"","background-repeat":"repeat","background-position":"center center","background-size":"auto","background-attachment":"scroll","background-type":"","background-media":"","overlay-type":"","overlay-color":"","overlay-opacity":"","overlay-gradient":""},"tablet":{"background-color":"var(--ast-global-color-5)","background-image":"","background-repeat":"repeat","background-position":"center center","background-size":"auto","background-attachment":"scroll","background-type":"","background-media":"","overlay-type":"","overlay-color":"","overlay-opacity":"","overlay-gradient":""},"mobile":{"background-color":"var(--ast-global-color-5)","background-image":"","background-repeat":"repeat","background-position":"center center","background-size":"auto","background-attachment":"scroll","background-type":"","background-media":"","overlay-type":"","overlay-color":"","overlay-opacity":"","overlay-gradient":""}},"_joinchat":[]},"product_brand":[],"product_cat":[80,245],"product_tag":[],"class_list":{"0":"post-5773","1":"product","2":"type-product","3":"status-publish","4":"has-post-thumbnail","6":"product_cat-precipitation-snow-visibility-sensor","7":"product_cat-road-state-sensor","8":"desktop-align-left","9":"tablet-align-left","10":"mobile-align-left","12":"first","13":"instock","14":"shipping-taxable","15":"purchasable","16":"product-type-simple"},"jetpack_sharing_enabled":true,"_links":{"self":[{"href":"https:\/\/ecosentec.com\/de\/wp-json\/wp\/v2\/product\/5773","targetHints":{"allow":["GET"]}}],"collection":[{"href":"https:\/\/ecosentec.com\/de\/wp-json\/wp\/v2\/product"}],"about":[{"href":"https:\/\/ecosentec.com\/de\/wp-json\/wp\/v2\/types\/product"}],"version-history":[{"count":3,"href":"https:\/\/ecosentec.com\/de\/wp-json\/wp\/v2\/product\/5773\/revisions"}],"predecessor-version":[{"id":5779,"href":"https:\/\/ecosentec.com\/de\/wp-json\/wp\/v2\/product\/5773\/revisions\/5779"}],"wp:featuredmedia":[{"embeddable":true,"href":"https:\/\/ecosentec.com\/de\/wp-json\/wp\/v2\/media\/5783"}],"wp:attachment":[{"href":"https:\/\/ecosentec.com\/de\/wp-json\/wp\/v2\/media?parent=5773"}],"wp:term":[{"taxonomy":"product_brand","embeddable":true,"href":"https:\/\/ecosentec.com\/de\/wp-json\/wp\/v2\/product_brand?post=5773"},{"taxonomy":"product_cat","embeddable":true,"href":"https:\/\/ecosentec.com\/de\/wp-json\/wp\/v2\/product_cat?post=5773"},{"taxonomy":"product_tag","embeddable":true,"href":"https:\/\/ecosentec.com\/de\/wp-json\/wp\/v2\/product_tag?post=5773"}],"curies":[{"name":"wp","href":"https:\/\/api.w.org\/{rel}","templated":true}]}}