{"id":5665,"date":"2025-04-01T03:30:54","date_gmt":"2025-04-01T03:30:54","guid":{"rendered":"https:\/\/ecosentec.com\/?post_type=product&#038;p=5665"},"modified":"2025-04-01T03:37:18","modified_gmt":"2025-04-01T03:37:18","slug":"windfahnenrichtungssensor","status":"publish","type":"product","link":"https:\/\/ecosentec.com\/de\/produkt\/windfahnenrichtungssensor\/","title":{"rendered":"ES-W300S Windrichtungssensor"},"content":{"rendered":"<p class=\"p1\">ES-W300S <span class=\"s1\">Windfahnenrichtungssensor<\/span> wird verwendet, um die Richtung des Windes zu messen und in ein elektrisches Signal umzuwandeln, das zur Verarbeitung direkt an das Aufzeichnungsger\u00e4t \u00fcbertragen werden kann.<\/p>\n<p class=\"p1\">Das Sensorgeh\u00e4use besteht aus Aluminium und zeichnet sich durch sehr geringe Ma\u00dftoleranzen, hohe Oberfl\u00e4chengenauigkeit, hohe Witterungsbest\u00e4ndigkeit, hohe Festigkeit, Korrosionsbest\u00e4ndigkeit und Wasserbest\u00e4ndigkeit aus. Der interne Schaltkreis ist gesch\u00fctzt, und der gesamte Sensor ist gut an raue Umgebungen anpassbar. Der Kabelanschluss ist ein Milit\u00e4rstecker mit guter Korrosionsbest\u00e4ndigkeit, der die langfristige Nutzung des Instruments gew\u00e4hrleistet und in Verbindung mit dem internen importierten Lagersystem die Genauigkeit der Windrichtungserfassung gew\u00e4hrleistet.<\/p>","protected":false},"excerpt":{"rendered":"<p>ES-W300S <span class=\"s1\">Windfahnenrichtungssensor<\/span> wird verwendet, um die Richtung des Windes zu messen und in ein elektrisches Signal umzuwandeln, das zur Verarbeitung direkt an das Aufzeichnungsger\u00e4t \u00fcbertragen werden kann.<\/p>","protected":false},"featured_media":5667,"template":"","meta":{"om_disable_all_campaigns":false,"_monsterinsights_skip_tracking":false,"_monsterinsights_sitenote_active":false,"_monsterinsights_sitenote_note":"","_monsterinsights_sitenote_category":0,"site-sidebar-layout":"default","site-content-layout":"","ast-site-content-layout":"default","site-content-style":"default","site-sidebar-style":"default","ast-global-header-display":"","ast-banner-title-visibility":"","ast-main-header-display":"","ast-hfb-above-header-display":"","ast-hfb-below-header-display":"","ast-hfb-mobile-header-display":"","site-post-title":"","ast-breadcrumbs-content":"","ast-featured-img":"","footer-sml-layout":"","ast-disable-related-posts":"","theme-transparent-header-meta":"default","adv-header-id-meta":"","stick-header-meta":"","header-above-stick-meta":"","header-main-stick-meta":"","header-below-stick-meta":"","astra-migrate-meta-layouts":"set","ast-page-background-enabled":"default","ast-page-background-meta":{"desktop":{"background-color":"","background-image":"","background-repeat":"repeat","background-position":"center center","background-size":"auto","background-attachment":"scroll","background-type":"","background-media":"","overlay-type":"","overlay-color":"","overlay-opacity":"","overlay-gradient":""},"tablet":{"background-color":"","background-image":"","background-repeat":"repeat","background-position":"center center","background-size":"auto","background-attachment":"scroll","background-type":"","background-media":"","overlay-type":"","overlay-color":"","overlay-opacity":"","overlay-gradient":""},"mobile":{"background-color":"","background-image":"","background-repeat":"repeat","background-position":"center center","background-size":"auto","background-attachment":"scroll","background-type":"","background-media":"","overlay-type":"","overlay-color":"","overlay-opacity":"","overlay-gradient":""}},"ast-content-background-meta":{"desktop":{"background-color":"var(--ast-global-color-5)","background-image":"","background-repeat":"repeat","background-position":"center center","background-size":"auto","background-attachment":"scroll","background-type":"","background-media":"","overlay-type":"","overlay-color":"","overlay-opacity":"","overlay-gradient":""},"tablet":{"background-color":"var(--ast-global-color-5)","background-image":"","background-repeat":"repeat","background-position":"center center","background-size":"auto","background-attachment":"scroll","background-type":"","background-media":"","overlay-type":"","overlay-color":"","overlay-opacity":"","overlay-gradient":""},"mobile":{"background-color":"var(--ast-global-color-5)","background-image":"","background-repeat":"repeat","background-position":"center center","background-size":"auto","background-attachment":"scroll","background-type":"","background-media":"","overlay-type":"","overlay-color":"","overlay-opacity":"","overlay-gradient":""}},"_joinchat":[]},"product_brand":[],"product_cat":[25,78],"product_tag":[],"class_list":{"0":"post-5665","1":"product","2":"type-product","3":"status-publish","4":"has-post-thumbnail","6":"product_cat-wind-sensor","7":"product_cat-cup-vane-wind-sensor","8":"desktop-align-left","9":"tablet-align-left","10":"mobile-align-left","12":"first","13":"instock","14":"shipping-taxable","15":"purchasable","16":"product-type-simple"},"jetpack_sharing_enabled":true,"_links":{"self":[{"href":"https:\/\/ecosentec.com\/de\/wp-json\/wp\/v2\/product\/5665","targetHints":{"allow":["GET"]}}],"collection":[{"href":"https:\/\/ecosentec.com\/de\/wp-json\/wp\/v2\/product"}],"about":[{"href":"https:\/\/ecosentec.com\/de\/wp-json\/wp\/v2\/types\/product"}],"version-history":[{"count":3,"href":"https:\/\/ecosentec.com\/de\/wp-json\/wp\/v2\/product\/5665\/revisions"}],"predecessor-version":[{"id":5670,"href":"https:\/\/ecosentec.com\/de\/wp-json\/wp\/v2\/product\/5665\/revisions\/5670"}],"wp:featuredmedia":[{"embeddable":true,"href":"https:\/\/ecosentec.com\/de\/wp-json\/wp\/v2\/media\/5667"}],"wp:attachment":[{"href":"https:\/\/ecosentec.com\/de\/wp-json\/wp\/v2\/media?parent=5665"}],"wp:term":[{"taxonomy":"product_brand","embeddable":true,"href":"https:\/\/ecosentec.com\/de\/wp-json\/wp\/v2\/product_brand?post=5665"},{"taxonomy":"product_cat","embeddable":true,"href":"https:\/\/ecosentec.com\/de\/wp-json\/wp\/v2\/product_cat?post=5665"},{"taxonomy":"product_tag","embeddable":true,"href":"https:\/\/ecosentec.com\/de\/wp-json\/wp\/v2\/product_tag?post=5665"}],"curies":[{"name":"wp","href":"https:\/\/api.w.org\/{rel}","templated":true}]}}