{"id":5656,"date":"2025-04-01T03:18:02","date_gmt":"2025-04-01T03:18:02","guid":{"rendered":"https:\/\/ecosentec.com\/?post_type=product&#038;p=5656"},"modified":"2025-04-01T03:22:44","modified_gmt":"2025-04-01T03:22:44","slug":"flugelrad-windgeschwindigkeitssensor","status":"publish","type":"product","link":"https:\/\/ecosentec.com\/de\/produkt\/flugelrad-windgeschwindigkeitssensor\/","title":{"rendered":"ES-W200S Fl\u00fcgelrad-Windgeschwindigkeitssensor"},"content":{"rendered":"<p class=\"p1\">Der Fl\u00fcgelrad-Windgeschwindigkeitssensor ES-W200S ist ein von unserem Unternehmen eigenst\u00e4ndig entwickeltes und produziertes Windgeschwindigkeitsmessger\u00e4t. Das Sensorgeh\u00e4use besteht aus Aluminium mit sehr geringer Ma\u00dftoleranz und zeichnet sich durch hohe Witterungsbest\u00e4ndigkeit, hohe Festigkeit, Korrosionsbest\u00e4ndigkeit und Wasserbest\u00e4ndigkeit aus. Intern integriert sind ein photoelektrischer Umwandlungsmechanismus, ein industrieller Mikrocomputerprozessor, ein Standardstromgenerator, ein Stromtreiber usw.<\/p>\n<p class=\"p1\">Die Schaltung ist gem\u00e4\u00df den EMI-Spezifikationen ausgelegt, wodurch das Ganze \u00fcber eine \u00e4u\u00dferst zuverl\u00e4ssige F\u00e4higkeit zur Abwehr elektromagnetischer St\u00f6rungen verf\u00fcgt. Bei den elektronischen Komponenten handelt es sich um importierte Chips in Industriequalit\u00e4t, um die Stabilit\u00e4t der Messparameter und der elektrischen Leistung sicherzustellen.<\/p>","protected":false},"excerpt":{"rendered":"<p>Der Fl\u00fcgelrad-Windgeschwindigkeitssensor ES-W200S ist ein von unserem Unternehmen eigenst\u00e4ndig entwickeltes und produziertes Windgeschwindigkeitsmessger\u00e4t. Das Sensorgeh\u00e4use besteht aus Aluminium mit sehr geringer Ma\u00dftoleranz und zeichnet sich durch hohe Witterungsbest\u00e4ndigkeit, hohe Festigkeit, Korrosionsbest\u00e4ndigkeit und Wasserbest\u00e4ndigkeit aus. Intern integriert sind ein photoelektrischer Umwandlungsmechanismus, ein industrieller Mikrocomputerprozessor, ein Standardstromgenerator, ein Stromtreiber usw.<\/p>","protected":false},"featured_media":5650,"template":"","meta":{"om_disable_all_campaigns":false,"_monsterinsights_skip_tracking":false,"_monsterinsights_sitenote_active":false,"_monsterinsights_sitenote_note":"","_monsterinsights_sitenote_category":0,"site-sidebar-layout":"default","site-content-layout":"","ast-site-content-layout":"default","site-content-style":"default","site-sidebar-style":"default","ast-global-header-display":"","ast-banner-title-visibility":"","ast-main-header-display":"","ast-hfb-above-header-display":"","ast-hfb-below-header-display":"","ast-hfb-mobile-header-display":"","site-post-title":"","ast-breadcrumbs-content":"","ast-featured-img":"","footer-sml-layout":"","ast-disable-related-posts":"","theme-transparent-header-meta":"default","adv-header-id-meta":"","stick-header-meta":"","header-above-stick-meta":"","header-main-stick-meta":"","header-below-stick-meta":"","astra-migrate-meta-layouts":"set","ast-page-background-enabled":"default","ast-page-background-meta":{"desktop":{"background-color":"","background-image":"","background-repeat":"repeat","background-position":"center center","background-size":"auto","background-attachment":"scroll","background-type":"","background-media":"","overlay-type":"","overlay-color":"","overlay-opacity":"","overlay-gradient":""},"tablet":{"background-color":"","background-image":"","background-repeat":"repeat","background-position":"center center","background-size":"auto","background-attachment":"scroll","background-type":"","background-media":"","overlay-type":"","overlay-color":"","overlay-opacity":"","overlay-gradient":""},"mobile":{"background-color":"","background-image":"","background-repeat":"repeat","background-position":"center center","background-size":"auto","background-attachment":"scroll","background-type":"","background-media":"","overlay-type":"","overlay-color":"","overlay-opacity":"","overlay-gradient":""}},"ast-content-background-meta":{"desktop":{"background-color":"var(--ast-global-color-5)","background-image":"","background-repeat":"repeat","background-position":"center center","background-size":"auto","background-attachment":"scroll","background-type":"","background-media":"","overlay-type":"","overlay-color":"","overlay-opacity":"","overlay-gradient":""},"tablet":{"background-color":"var(--ast-global-color-5)","background-image":"","background-repeat":"repeat","background-position":"center center","background-size":"auto","background-attachment":"scroll","background-type":"","background-media":"","overlay-type":"","overlay-color":"","overlay-opacity":"","overlay-gradient":""},"mobile":{"background-color":"var(--ast-global-color-5)","background-image":"","background-repeat":"repeat","background-position":"center center","background-size":"auto","background-attachment":"scroll","background-type":"","background-media":"","overlay-type":"","overlay-color":"","overlay-opacity":"","overlay-gradient":""}},"_joinchat":[]},"product_brand":[],"product_cat":[25,78],"product_tag":[],"class_list":{"0":"post-5656","1":"product","2":"type-product","3":"status-publish","4":"has-post-thumbnail","6":"product_cat-wind-sensor","7":"product_cat-cup-vane-wind-sensor","8":"desktop-align-left","9":"tablet-align-left","10":"mobile-align-left","12":"first","13":"instock","14":"shipping-taxable","15":"purchasable","16":"product-type-simple"},"jetpack_sharing_enabled":true,"_links":{"self":[{"href":"https:\/\/ecosentec.com\/de\/wp-json\/wp\/v2\/product\/5656","targetHints":{"allow":["GET"]}}],"collection":[{"href":"https:\/\/ecosentec.com\/de\/wp-json\/wp\/v2\/product"}],"about":[{"href":"https:\/\/ecosentec.com\/de\/wp-json\/wp\/v2\/types\/product"}],"version-history":[{"count":2,"href":"https:\/\/ecosentec.com\/de\/wp-json\/wp\/v2\/product\/5656\/revisions"}],"predecessor-version":[{"id":5660,"href":"https:\/\/ecosentec.com\/de\/wp-json\/wp\/v2\/product\/5656\/revisions\/5660"}],"wp:featuredmedia":[{"embeddable":true,"href":"https:\/\/ecosentec.com\/de\/wp-json\/wp\/v2\/media\/5650"}],"wp:attachment":[{"href":"https:\/\/ecosentec.com\/de\/wp-json\/wp\/v2\/media?parent=5656"}],"wp:term":[{"taxonomy":"product_brand","embeddable":true,"href":"https:\/\/ecosentec.com\/de\/wp-json\/wp\/v2\/product_brand?post=5656"},{"taxonomy":"product_cat","embeddable":true,"href":"https:\/\/ecosentec.com\/de\/wp-json\/wp\/v2\/product_cat?post=5656"},{"taxonomy":"product_tag","embeddable":true,"href":"https:\/\/ecosentec.com\/de\/wp-json\/wp\/v2\/product_tag?post=5656"}],"curies":[{"name":"wp","href":"https:\/\/api.w.org\/{rel}","templated":true}]}}