{"id":5577,"date":"2025-03-31T09:05:12","date_gmt":"2025-03-31T09:05:12","guid":{"rendered":"https:\/\/ecosentec.com\/?post_type=product&#038;p=5577"},"modified":"2025-03-31T10:11:00","modified_gmt":"2025-03-31T10:11:00","slug":"optischer-kippwaagen-regensensor","status":"publish","type":"product","link":"https:\/\/ecosentec.com\/de\/produkt\/optischer-kippwaagen-regensensor\/","title":{"rendered":"ES-R226OT optischer Kippwaagen-Regensensor"},"content":{"rendered":"<p class=\"p1\">Der optische Kippwaagen-Regensensor ES-R226OT misst Niederschlag. Er nutzt optische Sensorprinzipien zur Niederschlagsmessung und bietet eine zuverl\u00e4ssige Niederschlagserkennung. Im Gegensatz zu herk\u00f6mmlichen mechanischen Regensensoren sind optische Regensensoren kleiner, empfindlicher und zuverl\u00e4ssiger, intelligenter und wartungsfreundlicher. Er unterst\u00fctzt au\u00dferdem die Verwendung hochpr\u00e4ziser Fotosensoren mit pr\u00e4ziser Beleuchtungsmessung und der Ausgabewerteinheit Lux.<\/p>\n<p class=\"p3\">Es wird h\u00e4ufig in Branchen und Bereichen wie intelligenter Bew\u00e4sserung, Schiffsnavigation, mobilen Wetterstationen, automatischen T\u00fcren und Fenstern, geologischen Katastrophen usw. eingesetzt.<\/p>","protected":false},"excerpt":{"rendered":"<p>Der optische Kippwaagen-Regensensor ES-R226OT misst Niederschlag. Er nutzt optische Sensorprinzipien zur Niederschlagsmessung und bietet eine zuverl\u00e4ssige Niederschlagserkennung. Im Gegensatz zu herk\u00f6mmlichen mechanischen Regensensoren sind optische Regensensoren kleiner, empfindlicher und zuverl\u00e4ssiger, intelligenter und wartungsfreundlicher. Er unterst\u00fctzt au\u00dferdem die Verwendung hochpr\u00e4ziser Fotosensoren mit pr\u00e4ziser Beleuchtungsmessung und der Ausgabewerteinheit Lux.<\/p>","protected":false},"featured_media":5582,"template":"","meta":{"om_disable_all_campaigns":false,"_monsterinsights_skip_tracking":false,"_monsterinsights_sitenote_active":false,"_monsterinsights_sitenote_note":"","_monsterinsights_sitenote_category":0,"site-sidebar-layout":"default","site-content-layout":"default","ast-site-content-layout":"default","site-content-style":"default","site-sidebar-style":"default","ast-global-header-display":"","ast-banner-title-visibility":"","ast-main-header-display":"","ast-hfb-above-header-display":"","ast-hfb-below-header-display":"","ast-hfb-mobile-header-display":"","site-post-title":"","ast-breadcrumbs-content":"","ast-featured-img":"","footer-sml-layout":"","ast-disable-related-posts":"","theme-transparent-header-meta":"default","adv-header-id-meta":"","stick-header-meta":"","header-above-stick-meta":"","header-main-stick-meta":"","header-below-stick-meta":"","astra-migrate-meta-layouts":"set","ast-page-background-enabled":"default","ast-page-background-meta":{"desktop":{"background-color":"","background-image":"","background-repeat":"repeat","background-position":"center center","background-size":"auto","background-attachment":"scroll","background-type":"","background-media":"","overlay-type":"","overlay-color":"","overlay-opacity":"","overlay-gradient":""},"tablet":{"background-color":"","background-image":"","background-repeat":"repeat","background-position":"center center","background-size":"auto","background-attachment":"scroll","background-type":"","background-media":"","overlay-type":"","overlay-color":"","overlay-opacity":"","overlay-gradient":""},"mobile":{"background-color":"","background-image":"","background-repeat":"repeat","background-position":"center center","background-size":"auto","background-attachment":"scroll","background-type":"","background-media":"","overlay-type":"","overlay-color":"","overlay-opacity":"","overlay-gradient":""}},"ast-content-background-meta":{"desktop":{"background-color":"var(--ast-global-color-5)","background-image":"","background-repeat":"repeat","background-position":"center center","background-size":"auto","background-attachment":"scroll","background-type":"","background-media":"","overlay-type":"","overlay-color":"","overlay-opacity":"","overlay-gradient":""},"tablet":{"background-color":"var(--ast-global-color-5)","background-image":"","background-repeat":"repeat","background-position":"center center","background-size":"auto","background-attachment":"scroll","background-type":"","background-media":"","overlay-type":"","overlay-color":"","overlay-opacity":"","overlay-gradient":""},"mobile":{"background-color":"var(--ast-global-color-5)","background-image":"","background-repeat":"repeat","background-position":"center center","background-size":"auto","background-attachment":"scroll","background-type":"","background-media":"","overlay-type":"","overlay-color":"","overlay-opacity":"","overlay-gradient":""}},"_joinchat":[]},"product_brand":[],"product_cat":[80,81],"product_tag":[],"class_list":{"0":"post-5577","1":"product","2":"type-product","3":"status-publish","4":"has-post-thumbnail","6":"product_cat-precipitation-snow-visibility-sensor","7":"product_cat-rain-gauge","8":"desktop-align-left","9":"tablet-align-left","10":"mobile-align-left","12":"first","13":"instock","14":"shipping-taxable","15":"purchasable","16":"product-type-simple"},"jetpack_sharing_enabled":true,"_links":{"self":[{"href":"https:\/\/ecosentec.com\/de\/wp-json\/wp\/v2\/product\/5577","targetHints":{"allow":["GET"]}}],"collection":[{"href":"https:\/\/ecosentec.com\/de\/wp-json\/wp\/v2\/product"}],"about":[{"href":"https:\/\/ecosentec.com\/de\/wp-json\/wp\/v2\/types\/product"}],"version-history":[{"count":3,"href":"https:\/\/ecosentec.com\/de\/wp-json\/wp\/v2\/product\/5577\/revisions"}],"predecessor-version":[{"id":5627,"href":"https:\/\/ecosentec.com\/de\/wp-json\/wp\/v2\/product\/5577\/revisions\/5627"}],"wp:featuredmedia":[{"embeddable":true,"href":"https:\/\/ecosentec.com\/de\/wp-json\/wp\/v2\/media\/5582"}],"wp:attachment":[{"href":"https:\/\/ecosentec.com\/de\/wp-json\/wp\/v2\/media?parent=5577"}],"wp:term":[{"taxonomy":"product_brand","embeddable":true,"href":"https:\/\/ecosentec.com\/de\/wp-json\/wp\/v2\/product_brand?post=5577"},{"taxonomy":"product_cat","embeddable":true,"href":"https:\/\/ecosentec.com\/de\/wp-json\/wp\/v2\/product_cat?post=5577"},{"taxonomy":"product_tag","embeddable":true,"href":"https:\/\/ecosentec.com\/de\/wp-json\/wp\/v2\/product_tag?post=5577"}],"curies":[{"name":"wp","href":"https:\/\/api.w.org\/{rel}","templated":true}]}}