{"id":5478,"date":"2025-03-29T09:10:54","date_gmt":"2025-03-29T09:10:54","guid":{"rendered":"https:\/\/ecosentec.com\/?post_type=product&#038;p=5478"},"modified":"2025-04-10T06:51:50","modified_gmt":"2025-04-10T06:51:50","slug":"drohnen-ultraschall-anemometer","status":"publish","type":"product","link":"https:\/\/ecosentec.com\/de\/produkt\/drohnen-ultraschall-anemometer\/","title":{"rendered":"ES-W3054 Drohnen Ultraschall-Anemometer"},"content":{"rendered":"<p class=\"p1\"><span class=\"s1\">ES-W3054 Drohnen Ultraschall-Anemometer <\/span>das auf dem Ultraschallresonanzprinzip basiert. Es ist speziell f\u00fcr die Installation auf kleinen Flugzeugen und unbemannten Plattformen konzipiert, um die Windgeschwindigkeit und -richtung in niedrigen H\u00f6hen zu \u00fcberwachen.<\/p>\n<p class=\"p1\">Das ES-W3054 wiegt 56 g und hat einen Durchmesser von 46 mm. Es ist das leichteste und kleinste Ultraschall-Anemometer auf dem Markt. Es besticht durch sein kompaktes und robustes Erscheinungsbild, ist \u00e4u\u00dferst resistent gegen elektromagnetische St\u00f6rungen, wasser- und staubdicht und kann in einer H\u00f6he von 4000 Metern und einer Umgebungstemperatur zwischen -40 \u00b0C und +70 \u00b0C eingesetzt werden.<\/p>\n<p class=\"p1\">Es verwendet einen Chip mit geringem Stromverbrauch und kann Windgeschwindigkeiten bis zu 60 m\/s messen. Es wird insbesondere f\u00fcr unbemannte Flugzeuge und zugeh\u00f6rige Flugsteuerungsplattformen sowie f\u00fcr Umwelt\u00fcberwachungssysteme in Flugzeugen verwendet.<\/p>\n<p class=\"p1\">ES-W3054 ist mit zwei Installationsmethoden ausgestattet: Es kann vertikal auf der Oberseite des Flugzeugs installiert werden und es kann umgekehrt auf der Unterseite des Flugzeugs installiert werden.<\/p>","protected":false},"excerpt":{"rendered":"<p><span class=\"s1\">ES-W3054 Drohnen Ultraschall-Anemometer <\/span>das auf dem Ultraschallresonanzprinzip basiert. Es ist speziell f\u00fcr die Installation auf kleinen Flugzeugen und unbemannten Plattformen konzipiert, um die Windgeschwindigkeit und -richtung in niedrigen H\u00f6hen zu \u00fcberwachen.<\/p>","protected":false},"featured_media":6014,"template":"","meta":{"om_disable_all_campaigns":false,"_monsterinsights_skip_tracking":false,"_monsterinsights_sitenote_active":false,"_monsterinsights_sitenote_note":"","_monsterinsights_sitenote_category":0,"site-sidebar-layout":"default","site-content-layout":"","ast-site-content-layout":"default","site-content-style":"default","site-sidebar-style":"default","ast-global-header-display":"","ast-banner-title-visibility":"","ast-main-header-display":"","ast-hfb-above-header-display":"","ast-hfb-below-header-display":"","ast-hfb-mobile-header-display":"","site-post-title":"","ast-breadcrumbs-content":"","ast-featured-img":"","footer-sml-layout":"","ast-disable-related-posts":"","theme-transparent-header-meta":"default","adv-header-id-meta":"","stick-header-meta":"","header-above-stick-meta":"","header-main-stick-meta":"","header-below-stick-meta":"","astra-migrate-meta-layouts":"set","ast-page-background-enabled":"default","ast-page-background-meta":{"desktop":{"background-color":"","background-image":"","background-repeat":"repeat","background-position":"center center","background-size":"auto","background-attachment":"scroll","background-type":"","background-media":"","overlay-type":"","overlay-color":"","overlay-opacity":"","overlay-gradient":""},"tablet":{"background-color":"","background-image":"","background-repeat":"repeat","background-position":"center center","background-size":"auto","background-attachment":"scroll","background-type":"","background-media":"","overlay-type":"","overlay-color":"","overlay-opacity":"","overlay-gradient":""},"mobile":{"background-color":"","background-image":"","background-repeat":"repeat","background-position":"center center","background-size":"auto","background-attachment":"scroll","background-type":"","background-media":"","overlay-type":"","overlay-color":"","overlay-opacity":"","overlay-gradient":""}},"ast-content-background-meta":{"desktop":{"background-color":"var(--ast-global-color-5)","background-image":"","background-repeat":"repeat","background-position":"center center","background-size":"auto","background-attachment":"scroll","background-type":"","background-media":"","overlay-type":"","overlay-color":"","overlay-opacity":"","overlay-gradient":""},"tablet":{"background-color":"var(--ast-global-color-5)","background-image":"","background-repeat":"repeat","background-position":"center center","background-size":"auto","background-attachment":"scroll","background-type":"","background-media":"","overlay-type":"","overlay-color":"","overlay-opacity":"","overlay-gradient":""},"mobile":{"background-color":"var(--ast-global-color-5)","background-image":"","background-repeat":"repeat","background-position":"center center","background-size":"auto","background-attachment":"scroll","background-type":"","background-media":"","overlay-type":"","overlay-color":"","overlay-opacity":"","overlay-gradient":""}},"_joinchat":[]},"product_brand":[],"product_cat":[25,77],"product_tag":[],"class_list":{"0":"post-5478","1":"product","2":"type-product","3":"status-publish","4":"has-post-thumbnail","6":"product_cat-wind-sensor","7":"product_cat-ultrasonic-wind-sensor","8":"desktop-align-left","9":"tablet-align-left","10":"mobile-align-left","12":"first","13":"instock","14":"shipping-taxable","15":"purchasable","16":"product-type-simple"},"jetpack_sharing_enabled":true,"_links":{"self":[{"href":"https:\/\/ecosentec.com\/de\/wp-json\/wp\/v2\/product\/5478","targetHints":{"allow":["GET"]}}],"collection":[{"href":"https:\/\/ecosentec.com\/de\/wp-json\/wp\/v2\/product"}],"about":[{"href":"https:\/\/ecosentec.com\/de\/wp-json\/wp\/v2\/types\/product"}],"version-history":[{"count":2,"href":"https:\/\/ecosentec.com\/de\/wp-json\/wp\/v2\/product\/5478\/revisions"}],"predecessor-version":[{"id":5480,"href":"https:\/\/ecosentec.com\/de\/wp-json\/wp\/v2\/product\/5478\/revisions\/5480"}],"wp:featuredmedia":[{"embeddable":true,"href":"https:\/\/ecosentec.com\/de\/wp-json\/wp\/v2\/media\/6014"}],"wp:attachment":[{"href":"https:\/\/ecosentec.com\/de\/wp-json\/wp\/v2\/media?parent=5478"}],"wp:term":[{"taxonomy":"product_brand","embeddable":true,"href":"https:\/\/ecosentec.com\/de\/wp-json\/wp\/v2\/product_brand?post=5478"},{"taxonomy":"product_cat","embeddable":true,"href":"https:\/\/ecosentec.com\/de\/wp-json\/wp\/v2\/product_cat?post=5478"},{"taxonomy":"product_tag","embeddable":true,"href":"https:\/\/ecosentec.com\/de\/wp-json\/wp\/v2\/product_tag?post=5478"}],"curies":[{"name":"wp","href":"https:\/\/api.w.org\/{rel}","templated":true}]}}